{"id":135798,"date":"2024-02-24T00:00:00","date_gmt":"2024-02-23T23:00:00","guid":{"rendered":"https:\/\/gpl-love.com\/fr\/produit\/woocommerce-partial-cod\/"},"modified":"2026-03-20T23:58:24","modified_gmt":"2026-03-20T22:58:24","slug":"woocommerce-partial-cod","status":"publish","type":"product","link":"https:\/\/gpl-love.com\/fr\/produit\/woocommerce-partial-cod\/","title":{"rendered":"WooCommerce Partial COD 1.3.1"},"content":{"rendered":"<h3>WooCommerce Partial COD Traits<\/h3>\n<p>WooCommerce Partial COD est un plugin inestimable sp\u00e9cialement con\u00e7u pour les magasins en ligne WooCommerce. Avec ce plugin, les clients peuvent effectuer des achats en utilisant des esp\u00e8ces \u00e0 la livraison (COD) pour une partie de leur total, tandis que le reste peut \u00eatre pay\u00e9 via une m\u00e9thode diff\u00e9rente. Ceci est particuli\u00e8rement utile pour les articles \u00e0 prix \u00e9lev\u00e9 ou les commandes en vrac o\u00f9 les clients peuvent ne pas \u00eatre \u00e0 l&rsquo;aise de payer le montant total \u00e0 l&rsquo;avance. WooCommerce Partial COD offre une solution flexible et personnalisable pour le traitement des paiements, permettant au propri\u00e9taire du magasin de d\u00e9finir des conditions sp\u00e9cifiques pour la DCO partielle, comme les montants minimum et maximum. Un outil id\u00e9al pour accro\u00eetre la confiance des clients et am\u00e9liorer l&rsquo;exp\u00e9rience d&rsquo;achat globale.<\/p>\n<ul>\n<li>WooCommerce Partial COD est un plugin puissant con\u00e7u pour am\u00e9liorer les services de livraison en esp\u00e8ces sur votre plate-forme WooCommerce.<\/li>\n<li>Permet aux clients de payer une partie du montant total en tant que paiement initial pendant le paiement tout en r\u00e9glant le reste \u00e0 la livraison.<\/li>\n<li>Permet aux propri\u00e9taires de sites Web de fixer une limite minimale et maximale pour le paiement partiel, ce qui leur donne un meilleur contr\u00f4le sur leurs transactions financi\u00e8res.<\/li>\n<li>Facilite la cr\u00e9ation de messages personnalis\u00e9s qui appara\u00eetront pendant le processus de paiement pour informer les clients de la politique de DCO partielle.<\/li>\n<li>Compatible avec tous les types de sites Web WooCommerce et enti\u00e8rement personnalisables pour r\u00e9pondre aux besoins sp\u00e9cifiques de votre entreprise en ligne.<\/li>\n<li>Am\u00e9liore la satisfaction des clients en offrant des options de paiement flexibles, am\u00e9liorant ainsi l&rsquo;exp\u00e9rience d&rsquo;achat globale.<\/li>\n<li>Facile \u00e0 installer et \u00e0 configurer, ne n\u00e9cessitant aucune connaissance technique avanc\u00e9e \u00e0 utiliser efficacement.<\/li>\n<li>Fournit un moyen s\u00e9curis\u00e9 et fiable de g\u00e9rer de l&rsquo;argent sur les transactions de livraison, d&rsquo;assurer des op\u00e9rations transparentes et sans tracas.<\/li>\n<li>Livr\u00e9 avec des mises \u00e0 jour r\u00e9guli\u00e8res et un support client d\u00e9di\u00e9 pour vous aider en cas de probl\u00e8mes ou de requ\u00eates.<\/li>\n<\/ul>\n","protected":false},"excerpt":{"rendered":"<p>La fonctionnalit\u00e9 de WooCommerce, connue sous le nom de livraison en esp\u00e8ces partielle (COD), est un \u00e9l\u00e9ment unique qui a \u00e9t\u00e9 incorpor\u00e9 dans sa plate-forme de commerce \u00e9lectronique plus large. Cette fonction innovante sert d&rsquo;outil pivot pour les entreprises en ligne, leur permettant de fournir \u00e0 leurs clients une flexibilit\u00e9 et une commodit\u00e9 indispensables dans leurs transactions en ligne.<\/p>\n","protected":false},"featured_media":146722,"comment_status":"open","ping_status":"open","template":"","meta":[],"product_brand":[2435],"product_cat":[1182,1223,1181],"product_tag":[1231],"class_list":{"0":"post-135798","1":"product","2":"type-product","3":"status-publish","4":"has-post-thumbnail","6":"product_brand-codecanyon","7":"product_cat-commerce-electronique-plugins","8":"product_cat-personnalisation-commerce-electronique-plugins","9":"product_cat-plugins","10":"product_tag-codecanyon","11":"member-discount","12":"discount-restricted","14":"first","15":"instock","16":"sale","17":"downloadable","18":"virtual","19":"sold-individually","20":"purchasable","21":"product-type-simple"},"_links":{"self":[{"href":"https:\/\/gpl-love.com\/fr\/wp-json\/wp\/v2\/product\/135798","targetHints":{"allow":["GET"]}}],"collection":[{"href":"https:\/\/gpl-love.com\/fr\/wp-json\/wp\/v2\/product"}],"about":[{"href":"https:\/\/gpl-love.com\/fr\/wp-json\/wp\/v2\/types\/product"}],"replies":[{"embeddable":true,"href":"https:\/\/gpl-love.com\/fr\/wp-json\/wp\/v2\/comments?post=135798"}],"wp:featuredmedia":[{"embeddable":true,"href":"https:\/\/gpl-love.com\/fr\/wp-json\/wp\/v2\/media\/146722"}],"wp:attachment":[{"href":"https:\/\/gpl-love.com\/fr\/wp-json\/wp\/v2\/media?parent=135798"}],"wp:term":[{"taxonomy":"product_brand","embeddable":true,"href":"https:\/\/gpl-love.com\/fr\/wp-json\/wp\/v2\/product_brand?post=135798"},{"taxonomy":"product_cat","embeddable":true,"href":"https:\/\/gpl-love.com\/fr\/wp-json\/wp\/v2\/product_cat?post=135798"},{"taxonomy":"product_tag","embeddable":true,"href":"https:\/\/gpl-love.com\/fr\/wp-json\/wp\/v2\/product_tag?post=135798"}],"curies":[{"name":"wp","href":"https:\/\/api.w.org\/{rel}","templated":true}]}}