{"id":135797,"date":"2026-03-13T00:00:00","date_gmt":"2026-03-12T23:00:00","guid":{"rendered":"https:\/\/gpl-love.com\/fr\/produit\/feeds-for-youtube-pro\/"},"modified":"2026-03-20T23:58:23","modified_gmt":"2026-03-20T22:58:23","slug":"feeds-for-youtube-pro","status":"publish","type":"product","link":"https:\/\/gpl-love.com\/fr\/produit\/feeds-for-youtube-pro\/","title":{"rendered":"Feeds pour YouTube Pro 2.6.3"},"content":{"rendered":"<h3>Feeds pour YouTube Pro Traits<\/h3>\n<p>Feeds for YouTube Pro est un logiciel premium con\u00e7u pour am\u00e9liorer votre exp\u00e9rience lors de la diffusion de vid\u00e9os sur YouTube. Cet outil efficace vous permet de personnaliser et de g\u00e9rer vos flux YouTube en fonction de vos pr\u00e9f\u00e9rences. Avec des fonctionnalit\u00e9s avanc\u00e9es telles que le streaming vid\u00e9o haute r\u00e9solution, l&rsquo;observation sans publicit\u00e9, le contenu exclusif et l&rsquo;int\u00e9gration transparente avec diverses plateformes de m\u00e9dias sociaux, il vise \u00e0 offrir une exp\u00e9rience de vision sup\u00e9rieure. Feeds for YouTube Pro est \u00e9galement livr\u00e9 avec une interface intuitive permettant une navigation facile et des performances exceptionnelles. Optimisez votre exp\u00e9rience YouTube avec ce logiciel de qualit\u00e9 professionnelle et profitez de votre contenu pr\u00e9f\u00e9r\u00e9 comme jamais auparavant.<\/p>\n<ul>\n<li>Feeds for YouTube Pro est un plugin premium qui vous permet d&rsquo;int\u00e9grer de mani\u00e8re transparente votre contenu YouTube sur votre site Web.<\/li>\n<li>Offre des fonctionnalit\u00e9s avanc\u00e9es telles que le streaming en direct, le tri vid\u00e9o par vues ou likes et le support prioritaire.<\/li>\n<li>Permet aux utilisateurs de mettre \u00e0 jour automatiquement leur site avec leur dernier contenu YouTube, am\u00e9liorant l&rsquo;engagement des visiteurs.<\/li>\n<li>Fournit des flux vid\u00e9o de haute qualit\u00e9 et r\u00e9actifs, assurant une exp\u00e9rience de visualisation optimale sur divers appareils.<\/li>\n<li>Livr\u00e9 avec des param\u00e8tres personnalisables, y compris la disposition des flux, la taille du lecteur vid\u00e9o et CSS \/ JS personnalis\u00e9.<\/li>\n<li>Permet aux utilisateurs de filtrer le contenu en fonction de crit\u00e8res sp\u00e9cifiques, leur donnant un contr\u00f4le sur les vid\u00e9os affich\u00e9es.<\/li>\n<li>Assure que la vitesse et les performances du site Web ne sont pas compromises en chargeant des vid\u00e9os uniquement en cas de besoin.<\/li>\n<li>Facilite une int\u00e9gration facile sans les comp\u00e9tences de codage requises, ce qui le rend adapt\u00e9 aux d\u00e9butants.<\/li>\n<li>Livr\u00e9 avec un widget d&rsquo;alimentation YouTube, permettant un placement facile sur n&rsquo;importe quelle partie du site.<\/li>\n<li>La version PRO comprend des mises \u00e0 jour premium et un support client d\u00e9di\u00e9 pour assurer une exp\u00e9rience utilisateur fluide.<\/li>\n<li>Aide \u00e0 stimuler le r\u00e9f\u00e9rencement en augmentant le temps de s\u00e9jour des visiteurs sur le site.<\/li>\n<li>Il a \u00e9t\u00e9 con\u00e7u pour \u00eatre compatible avec les principaux navigateurs Web et les appareils mobiles.<\/li>\n<li>Offre la possibilit\u00e9 d&rsquo;importer et d&rsquo;afficher plusieurs flux YouTube \u00e0 partir de diff\u00e9rentes sources.<\/li>\n<li>Permet l&rsquo;inclusion de l\u00e9gendes vid\u00e9o, de commentaires et de r\u00e9actions pour une exp\u00e9rience utilisateur plus interactive.<\/li>\n<\/ul>\n","protected":false},"excerpt":{"rendered":"<p>L&rsquo;entr\u00e9e fait r\u00e9f\u00e9rence aux flux sp\u00e9cialement con\u00e7us et adapt\u00e9s \u00e0 la version am\u00e9lior\u00e9e de YouTube, \u00e0 juste titre appel\u00e9e YouTube Pro.<\/p>\n","protected":false},"featured_media":146721,"comment_status":"open","ping_status":"open","template":"","meta":[],"product_brand":[2500],"product_cat":[1207,1181,1186],"product_tag":[1349],"class_list":{"0":"post-135797","1":"product","2":"type-product","3":"status-publish","4":"has-post-thumbnail","6":"product_brand-smashballoon","7":"product_cat-commercialisation-wordpress-plugins","8":"product_cat-plugins","9":"product_cat-wordpress-plugins","10":"product_tag-smashballoon","11":"member-discount","12":"discount-restricted","14":"first","15":"instock","16":"sale","17":"downloadable","18":"virtual","19":"sold-individually","20":"purchasable","21":"product-type-simple"},"_links":{"self":[{"href":"https:\/\/gpl-love.com\/fr\/wp-json\/wp\/v2\/product\/135797","targetHints":{"allow":["GET"]}}],"collection":[{"href":"https:\/\/gpl-love.com\/fr\/wp-json\/wp\/v2\/product"}],"about":[{"href":"https:\/\/gpl-love.com\/fr\/wp-json\/wp\/v2\/types\/product"}],"replies":[{"embeddable":true,"href":"https:\/\/gpl-love.com\/fr\/wp-json\/wp\/v2\/comments?post=135797"}],"wp:featuredmedia":[{"embeddable":true,"href":"https:\/\/gpl-love.com\/fr\/wp-json\/wp\/v2\/media\/146721"}],"wp:attachment":[{"href":"https:\/\/gpl-love.com\/fr\/wp-json\/wp\/v2\/media?parent=135797"}],"wp:term":[{"taxonomy":"product_brand","embeddable":true,"href":"https:\/\/gpl-love.com\/fr\/wp-json\/wp\/v2\/product_brand?post=135797"},{"taxonomy":"product_cat","embeddable":true,"href":"https:\/\/gpl-love.com\/fr\/wp-json\/wp\/v2\/product_cat?post=135797"},{"taxonomy":"product_tag","embeddable":true,"href":"https:\/\/gpl-love.com\/fr\/wp-json\/wp\/v2\/product_tag?post=135797"}],"curies":[{"name":"wp","href":"https:\/\/api.w.org\/{rel}","templated":true}]}}