{"id":135796,"date":"2026-02-14T00:00:00","date_gmt":"2026-02-13T23:00:00","guid":{"rendered":"https:\/\/gpl-love.com\/fr\/produit\/alone-charity-wordpress-theme\/"},"modified":"2026-03-20T23:58:23","modified_gmt":"2026-03-20T22:58:23","slug":"alone-charity-wordpress-theme","status":"publish","type":"product","link":"https:\/\/gpl-love.com\/fr\/produit\/alone-charity-wordpress-theme\/","title":{"rendered":"Alone Charity WordPress Theme 7.9.1.2"},"content":{"rendered":"<h3>Alone Charity WordPress Theme Traits<\/h3>\n<p>Seul Charity WordPress Le th\u00e8me est un th\u00e8me puissant et polyvalent con\u00e7u sp\u00e9cifiquement pour les organisations caritatives, les groupes \u00e0 but non lucratif et les initiatives sociales. Ce th\u00e8me est livr\u00e9 avec un ensemble robuste de fonctionnalit\u00e9s qui vous permettent de cr\u00e9er un site Web professionnel et efficace pour promouvoir votre cause. Le th\u00e8me de la charit\u00e9 seul soutient divers types de messages, y compris les \u00e9v\u00e9nements, les nouvelles, les histoires et les projets, vous permettant de pr\u00e9senter les activit\u00e9s de votre organisation de mani\u00e8re engageante.<\/p>\n<p>Le th\u00e8me est enti\u00e8rement r\u00e9actif, garantissant que votre site a fi\u00e8re allure sur tous les appareils et est enti\u00e8rement personnalisable, vous permettant de cr\u00e9er un look unique qui convient \u00e0 votre marque. Il est \u00e9galement livr\u00e9 avec un syst\u00e8me de dons, vous permettant de collecter des fonds directement \u00e0 partir de votre site Web. Le th\u00e8me de WordPress caritatif seul est \u00e9galement adapt\u00e9 au r\u00e9f\u00e9rencement, aidant votre site \u00e0 se classer plus haut dans les r\u00e9sultats de recherche et \u00e0 attirer plus de visiteurs.<\/p>\n<p>Avec son interface intuitive et facile \u00e0 utiliser, vous n&rsquo;avez pas besoin de connaissances de codage pour utiliser ce th\u00e8me. De plus, il est livr\u00e9 avec un large \u00e9ventail de pages pr\u00e9-con\u00e7ues, ce qui vous fait gagner du temps et des efforts dans la conception de votre site. Donc, que vous soyez une organisation caritative qui cherche \u00e0 accro\u00eetre votre pr\u00e9sence en ligne ou un organisme sans but lucratif visant \u00e0 atteindre plus de personnes, le th\u00e8me WordPress caritatif seul est un choix parfait.<\/p>\n<ul>\n<li>Le th\u00e8me WordPress de Charity seul est un th\u00e8me puissant et polyvalent sp\u00e9cialement con\u00e7u pour les sites Web de charit\u00e9 et \u00e0 but non lucratif sur la plate-forme WordPress.<\/li>\n<li>Facile \u00e0 installer, \u00e0 personnaliser et \u00e0 g\u00e9rer, offrant une interface conviviale pour les d\u00e9butants et les gestionnaires de sites Web exp\u00e9riment\u00e9s.<\/li>\n<li>Livr\u00e9 avec une vari\u00e9t\u00e9 de fonctionnalit\u00e9s telles que des outils de don, des calendriers d&rsquo;\u00e9v\u00e9nements et des syst\u00e8mes de gestion de b\u00e9n\u00e9voles pour g\u00e9rer efficacement les op\u00e9rations caritatives.<\/li>\n<li>Fournit plusieurs options de mise en page et pages pr\u00e9d\u00e9finies pour pr\u00e9senter votre cause, vos programmes et vos projets de mani\u00e8re engageante et visuellement attrayante.<\/li>\n<li>Int\u00e9gr\u00e9 aux plateformes de collecte de fonds populaires, offrant des fonctionnalit\u00e9s transparentes pour les dons en ligne et les campagnes de collecte de fonds.<\/li>\n<li>Optimis\u00e9 pour le r\u00e9f\u00e9rencement et sensible aux mobiles, assurant une exp\u00e9rience de navigation fluide et engageante sur tous les appareils.<\/li>\n<li>Livr\u00e9 avec un support client professionnel et premium, r\u00e9soudre tout probl\u00e8me pour une exp\u00e9rience de gestion de sites Web sans tracas.<\/li>\n<li>Comprend des mises \u00e0 jour r\u00e9guli\u00e8res pour les performances transparentes et pour inclure de nouvelles fonctionnalit\u00e9s et fonctionnalit\u00e9s.<\/li>\n<li>Offre une documentation approfondie et des vid\u00e9os de didacticiel pour vous guider tout au long du processus de configuration et vous aider \u00e0 tirer le meilleur parti de votre site Web.<\/li>\n<li>Prend en charge les plugins avanc\u00e9s pour des fonctionnalit\u00e9s suppl\u00e9mentaires, y compris WooCommerce pour une boutique en ligne et WPML pour le support multi-langues.<\/li>\n<\/ul>\n","protected":false},"excerpt":{"rendered":"<p>Le th\u00e8me WordPress qui est sp\u00e9cialement con\u00e7u et fabriqu\u00e9 pour les organisations caritatives et les entit\u00e9s \u00e0 but non lucratif, qui est connue sous le nom de th\u00e8me \u00abseule charit\u00e9\u00bb, incarne un m\u00e9lange unique d&rsquo;esth\u00e9tique et de fonctionnalit\u00e9. Ce th\u00e8me particulier est un outil exceptionnel qui permet \u00e0 ces organisations d&rsquo;\u00e9tablir une puissante pr\u00e9sence en ligne.<\/p>\n","protected":false},"featured_media":146720,"comment_status":"open","ping_status":"open","template":"","meta":[],"product_brand":[2433],"product_cat":[1242,1212,1213],"product_tag":[1366],"class_list":{"0":"post-135796","1":"product","2":"type-product","3":"status-publish","4":"has-post-thumbnail","6":"product_brand-themeforest","7":"product_cat-creatif","8":"product_cat-themes","9":"product_cat-wordpress-themes","10":"product_tag-themeforest","11":"member-discount","12":"discount-restricted","14":"first","15":"instock","16":"sale","17":"downloadable","18":"virtual","19":"sold-individually","20":"purchasable","21":"product-type-simple"},"_links":{"self":[{"href":"https:\/\/gpl-love.com\/fr\/wp-json\/wp\/v2\/product\/135796","targetHints":{"allow":["GET"]}}],"collection":[{"href":"https:\/\/gpl-love.com\/fr\/wp-json\/wp\/v2\/product"}],"about":[{"href":"https:\/\/gpl-love.com\/fr\/wp-json\/wp\/v2\/types\/product"}],"replies":[{"embeddable":true,"href":"https:\/\/gpl-love.com\/fr\/wp-json\/wp\/v2\/comments?post=135796"}],"wp:featuredmedia":[{"embeddable":true,"href":"https:\/\/gpl-love.com\/fr\/wp-json\/wp\/v2\/media\/146720"}],"wp:attachment":[{"href":"https:\/\/gpl-love.com\/fr\/wp-json\/wp\/v2\/media?parent=135796"}],"wp:term":[{"taxonomy":"product_brand","embeddable":true,"href":"https:\/\/gpl-love.com\/fr\/wp-json\/wp\/v2\/product_brand?post=135796"},{"taxonomy":"product_cat","embeddable":true,"href":"https:\/\/gpl-love.com\/fr\/wp-json\/wp\/v2\/product_cat?post=135796"},{"taxonomy":"product_tag","embeddable":true,"href":"https:\/\/gpl-love.com\/fr\/wp-json\/wp\/v2\/product_tag?post=135796"}],"curies":[{"name":"wp","href":"https:\/\/api.w.org\/{rel}","templated":true}]}}