{"id":135795,"date":"2026-05-02T00:00:00","date_gmt":"2026-05-01T22:00:00","guid":{"rendered":"https:\/\/gpl-love.com\/fr\/produit\/aiomatic-automatic-ai-content-writer\/"},"modified":"2026-05-03T06:31:25","modified_gmt":"2026-05-03T04:31:25","slug":"aiomatic-automatic-ai-content-writer","status":"publish","type":"product","link":"https:\/\/gpl-love.com\/fr\/produit\/aiomatic-automatic-ai-content-writer\/","title":{"rendered":"Aiomatic Automatic AI Content Writer 2.7.9"},"content":{"rendered":"<h3>Aiomatic Automatic AI Content Writer Traits<\/h3>\n<p>L&rsquo;\u00e9crivain AIomatic AI de contenu AI est un outil r\u00e9volutionnaire con\u00e7u pour r\u00e9volutionner la cr\u00e9ation de contenu. Ce logiciel avanc\u00e9 d&rsquo;intelligence artificielle est capable d&rsquo;\u00e9crire un contenu comp\u00e9tent, engageant et convivial en r\u00e9f\u00e9rence en quelques secondes. Ses algorithmes complexes comprennent votre sujet, votre ton et votre style, puis g\u00e9n\u00e8rent un contenu unique qui correspond parfaitement \u00e0 vos sp\u00e9cifications. Que vous ayez besoin de articles de blog, de descriptions de produits ou de tout autre type de contenu \u00e9crit, l&rsquo;\u00e9crivain de contenu AIomatique AI assure \u00e0 chaque fois des r\u00e9sultats sans plagiat de haute qualit\u00e9. Ce n&rsquo;est pas seulement un gain de temps, c&rsquo;est votre nouvel assistant d&rsquo;\u00e9criture qui fonctionne 24\/7, livrant du contenu qui r\u00e9sonne avec votre public et stimule les performances. Dites au revoir au bloc de l&rsquo;\u00e9crivain et bonjour \u00e0 la cr\u00e9ativit\u00e9 illimit\u00e9e avec l&rsquo;\u00e9crivain AIomatic AI de contenu AI.<\/p>\n<ul>\n<li>L&rsquo;\u00e9crivain AIomatic AI AI est un outil avanc\u00e9 bas\u00e9 sur l&rsquo;IA con\u00e7u pour g\u00e9n\u00e9rer un contenu de haute qualit\u00e9.<\/li>\n<li>L&rsquo;outil utilise des algorithmes d&rsquo;apprentissage automatique et un traitement du langage naturel pour cr\u00e9er un contenu pertinent et engageant.<\/li>\n<li>Il est capable de produire un large \u00e9ventail de contenus, y compris des articles, des articles de blog, des descriptions de produits, des publications sur les r\u00e9seaux sociaux, etc.<\/li>\n<li>L&rsquo;outil AIomatique \u00e9conomise du temps et des ressources en \u00e9liminant le besoin de cr\u00e9ation de contenu manuel.<\/li>\n<li>Il peut s&rsquo;adapter \u00e0 divers styles et tons d&rsquo;\u00e9criture, fournissant une polyvalence \u00e0 diff\u00e9rentes industries et audiences.<\/li>\n<li>L&rsquo;outil offre une g\u00e9n\u00e9ration de contenu rapide et efficace, r\u00e9duisant consid\u00e9rablement le temps n\u00e9cessaire pour produire de nouveaux contenus.<\/li>\n<li>L&rsquo;IA puissante de l&rsquo;AIAMAT peut \u00eatre utilis\u00e9e pour g\u00e9n\u00e9rer du contenu convivial pour le r\u00e9f\u00e9rencement, am\u00e9liorant le classement des moteurs de recherche de votre site Web.<\/li>\n<li>Il prend en charge plusieurs langues, ce qui en fait un outil pr\u00e9cieux pour les entreprises ciblant un public mondial.<\/li>\n<li>L&rsquo;outil est convivial et ne n\u00e9cessite aucune expertise technique pour fonctionner, ce qui le rend accessible \u00e0 tous les utilisateurs.<\/li>\n<li>Le contenu de l&rsquo;AIAMAT est sans plagiat, unique et adapt\u00e9 \u00e0 vos besoins sp\u00e9cifiques.<\/li>\n<li>L&rsquo;outil est livr\u00e9 avec une fonctionnalit\u00e9 qui permet aux utilisateurs d&rsquo;examiner, d&rsquo;\u00e9diter et d&rsquo;am\u00e9liorer le contenu g\u00e9n\u00e9r\u00e9 par l&rsquo;IA, garantissant que la sortie correspond \u00e0 la qualit\u00e9 et \u00e0 la tonalit\u00e9 souhait\u00e9es.<\/li>\n<\/ul>\n","protected":false},"excerpt":{"rendered":"<p>L&rsquo;\u00e9crivain de contenu AI automatique AI d\u00e9signe un syst\u00e8me de pointe et technologiquement avanc\u00e9, con\u00e7u m\u00e9ticuleusement pour g\u00e9n\u00e9rer et \u00e9crire de contenu de mani\u00e8re autonome. Cet outil sophistiqu\u00e9 utilise l&rsquo;intelligence artificielle, la fusionnant de mani\u00e8re transparente avec des capacit\u00e9s d&rsquo;apprentissage automatique pour cr\u00e9er un contenu unique de haute qualit\u00e9, r\u00e9duisant ainsi l&rsquo;effort humain et fournissant des solutions \u00e9conerg\u00e9tiques. Cette technologie innovante, connue sous le nom de r\u00e9dacteur automatique de contenu d&rsquo;IA, est un produit de la marque AIomatique, reconnue et renomm\u00e9e pour leur travail pionnier dans le domaine de l&rsquo;intelligence artificielle et de ses applications.<\/p>\n","protected":false},"featured_media":146719,"comment_status":"open","ping_status":"open","template":"","meta":[],"product_brand":[2435],"product_cat":[1181,1335,1186],"product_tag":[1231],"class_list":{"0":"post-135795","1":"product","2":"type-product","3":"status-publish","4":"has-post-thumbnail","6":"product_brand-codecanyon","7":"product_cat-plugins","8":"product_cat-seo","9":"product_cat-wordpress-plugins","10":"product_tag-codecanyon","11":"member-discount","12":"discount-restricted","14":"first","15":"instock","16":"sale","17":"downloadable","18":"virtual","19":"sold-individually","20":"purchasable","21":"product-type-simple"},"_links":{"self":[{"href":"https:\/\/gpl-love.com\/fr\/wp-json\/wp\/v2\/product\/135795","targetHints":{"allow":["GET"]}}],"collection":[{"href":"https:\/\/gpl-love.com\/fr\/wp-json\/wp\/v2\/product"}],"about":[{"href":"https:\/\/gpl-love.com\/fr\/wp-json\/wp\/v2\/types\/product"}],"replies":[{"embeddable":true,"href":"https:\/\/gpl-love.com\/fr\/wp-json\/wp\/v2\/comments?post=135795"}],"wp:featuredmedia":[{"embeddable":true,"href":"https:\/\/gpl-love.com\/fr\/wp-json\/wp\/v2\/media\/146719"}],"wp:attachment":[{"href":"https:\/\/gpl-love.com\/fr\/wp-json\/wp\/v2\/media?parent=135795"}],"wp:term":[{"taxonomy":"product_brand","embeddable":true,"href":"https:\/\/gpl-love.com\/fr\/wp-json\/wp\/v2\/product_brand?post=135795"},{"taxonomy":"product_cat","embeddable":true,"href":"https:\/\/gpl-love.com\/fr\/wp-json\/wp\/v2\/product_cat?post=135795"},{"taxonomy":"product_tag","embeddable":true,"href":"https:\/\/gpl-love.com\/fr\/wp-json\/wp\/v2\/product_tag?post=135795"}],"curies":[{"name":"wp","href":"https:\/\/api.w.org\/{rel}","templated":true}]}}