{"id":135794,"date":"2026-03-20T00:00:00","date_gmt":"2026-03-19T23:00:00","guid":{"rendered":"https:\/\/gpl-love.com\/fr\/produit\/jet-form-builder\/"},"modified":"2026-03-20T23:58:21","modified_gmt":"2026-03-20T22:58:21","slug":"jet-form-builder","status":"publish","type":"product","link":"https:\/\/gpl-love.com\/fr\/produit\/jet-form-builder\/","title":{"rendered":"Jet Form Builder 3.5.6.3"},"content":{"rendered":"<h3>Jet Form Builder Traits<\/h3>\n<p>Jet Form Builder est un outil puissant et polyvalent con\u00e7u pour cr\u00e9er des formulaires dynamiques pour votre site Web. Ce produit innovant vous permet de cr\u00e9er facilement des formes complexes avec une interface conviviale, \u00e9liminant le besoin de codage. Que vous cherchiez \u00e0 cr\u00e9er des formulaires de contact, des formulaires d&rsquo;enregistrement ou des formulaires de candidature, Jet Form Builder vous a couvert. Il propose une vari\u00e9t\u00e9 de types de champs et de mod\u00e8les de formulaires, ainsi que des fonctionnalit\u00e9s avanc\u00e9es telles que la logique conditionnelle, les formulaires en plusieurs \u00e9tapes et la soumission de post avant. Avec ses options de personnalisation robustes, vous pouvez concevoir des formulaires qui conviennent parfaitement \u00e0 votre marque et \u00e0 votre site Web esth\u00e9tique. Id\u00e9al pour les d\u00e9butants et les professionnels, Jet Form Builder garantit que vous avez un contr\u00f4le total sur les conceptions de vos formulaires et leurs fonctionnalit\u00e9s.<\/p>\n<ul>\n<li>Jet Form Builder est un plugin WordPress puissant et flexible con\u00e7u pour cr\u00e9er et concevoir des formulaires avec une interface de glisser-d\u00e9poser facile \u00e0 utiliser.<\/li>\n<li>Vous permet de personnaliser les formulaires de votre site Web avec diverses options de champ et fonctionnalit\u00e9s, y compris des zones de texte, des cases \u00e0 cocher, des menus d\u00e9roulants, des boutons radio, etc.<\/li>\n<li>Fournit des fonctionnalit\u00e9s avanc\u00e9es telles que la logique conditionnelle, les formulaires en plusieurs \u00e9tapes, les champs de calcul et les formulaires d&rsquo;enregistrement des utilisateurs.<\/li>\n<li>Permet l&rsquo;int\u00e9gration des outils de marketing populaire et de CRM pour rationaliser vos processus m\u00e9tier.<\/li>\n<li>Livr\u00e9 avec une interface conviviale qui ne n\u00e9cessite aucune connaissance de codage, ce qui le rend adapt\u00e9 aux d\u00e9butants et aux utilisateurs avanc\u00e9s.<\/li>\n<li>A des capacit\u00e9s de validation avanc\u00e9e et de pr\u00e9vention des entr\u00e9es de spam pour la collecte de donn\u00e9es s\u00e9curis\u00e9e.<\/li>\n<li>Offre une conception r\u00e9active qui garantit que vos formulaires sont superbes sur n&rsquo;importe quel appareil, que ce soit un bureau, une tablette ou un t\u00e9l\u00e9phone mobile.<\/li>\n<li>Comprend des mod\u00e8les de formulaires pr\u00e9-con\u00e7us pour vous aider \u00e0 d\u00e9marrer rapidement et sans effort.<\/li>\n<li>Caract\u00e9ristiques de la soumission du formulaire AJAX, ce qui signifie que vos visiteurs peuvent soumettre des formulaires sans recharger la page.<\/li>\n<li>Prend en charge plusieurs langues et fournit un excellent support client.<\/li>\n<\/ul>\n","protected":false},"excerpt":{"rendered":"<p>Le Jet Form Builder, un outil tr\u00e8s sophistiqu\u00e9 con\u00e7u pour rationaliser le processus de cr\u00e9ation de formes complexes, est une application logicielle personnalisable, conviviale et flexible. Cet outil remarquable est utilis\u00e9 par une vari\u00e9t\u00e9 d&rsquo;utilisateurs, de ceux qui sont des novices dans le domaine de la cr\u00e9ation de formulaires aux professionnels chevronn\u00e9s. Le Builder de Form Jet, r\u00e9put\u00e9 pour son interface dynamique et interactive, continue de r\u00e9volutionner la fa\u00e7on dont les formulaires sont con\u00e7us et mis en \u0153uvre. Il constitue une incarnation des progr\u00e8s dans le domaine de la construction de formulaires, offrant aux utilisateurs un niveau de contr\u00f4le et de personnalisation in\u00e9gal\u00e9.<\/p>\n","protected":false},"featured_media":146718,"comment_status":"open","ping_status":"open","template":"","meta":[],"product_brand":[2576],"product_cat":[1191,1181,1186],"product_tag":[2329],"class_list":{"0":"post-135794","1":"product","2":"type-product","3":"status-publish","4":"has-post-thumbnail","6":"product_brand-crocoblock","7":"product_cat-formes","8":"product_cat-plugins","9":"product_cat-wordpress-plugins","10":"product_tag-crocoblock","11":"member-discount","12":"discount-restricted","14":"first","15":"instock","16":"sale","17":"downloadable","18":"virtual","19":"sold-individually","20":"purchasable","21":"product-type-simple"},"_links":{"self":[{"href":"https:\/\/gpl-love.com\/fr\/wp-json\/wp\/v2\/product\/135794","targetHints":{"allow":["GET"]}}],"collection":[{"href":"https:\/\/gpl-love.com\/fr\/wp-json\/wp\/v2\/product"}],"about":[{"href":"https:\/\/gpl-love.com\/fr\/wp-json\/wp\/v2\/types\/product"}],"replies":[{"embeddable":true,"href":"https:\/\/gpl-love.com\/fr\/wp-json\/wp\/v2\/comments?post=135794"}],"wp:featuredmedia":[{"embeddable":true,"href":"https:\/\/gpl-love.com\/fr\/wp-json\/wp\/v2\/media\/146718"}],"wp:attachment":[{"href":"https:\/\/gpl-love.com\/fr\/wp-json\/wp\/v2\/media?parent=135794"}],"wp:term":[{"taxonomy":"product_brand","embeddable":true,"href":"https:\/\/gpl-love.com\/fr\/wp-json\/wp\/v2\/product_brand?post=135794"},{"taxonomy":"product_cat","embeddable":true,"href":"https:\/\/gpl-love.com\/fr\/wp-json\/wp\/v2\/product_cat?post=135794"},{"taxonomy":"product_tag","embeddable":true,"href":"https:\/\/gpl-love.com\/fr\/wp-json\/wp\/v2\/product_tag?post=135794"}],"curies":[{"name":"wp","href":"https:\/\/api.w.org\/{rel}","templated":true}]}}