{"id":135793,"date":"2026-04-16T00:00:00","date_gmt":"2026-04-15T22:00:00","guid":{"rendered":"https:\/\/gpl-love.com\/fr\/produit\/modern-events-calendar-elementor-single-builder\/"},"modified":"2026-04-17T00:31:39","modified_gmt":"2026-04-16T22:31:39","slug":"modern-events-calendar-elementor-single-builder","status":"publish","type":"product","link":"https:\/\/gpl-love.com\/fr\/produit\/modern-events-calendar-elementor-single-builder\/","title":{"rendered":"Modern Events Calendar Elementor Single Builder 1.13.0"},"content":{"rendered":"<h3>Modern Events Calendar Elementor Single Builder Traits<\/h3>\n<p>Le Builder Single Single Builder des \u00e9v\u00e9nements modernes est un outil puissant et hautement personnalisable con\u00e7u pour am\u00e9liorer la fonctionnalit\u00e9 de votre site Web. Ce produit vous permet de cr\u00e9er, g\u00e9rer et pr\u00e9senter des \u00e9v\u00e9nements sur votre site Web de mani\u00e8re moderne et \u00e9l\u00e9gante. Que vous souhaitiez cr\u00e9er des \u00e9v\u00e9nements uniques ou multiples, cet outil offre une large gamme de fonctionnalit\u00e9s et d&rsquo;options. Il est enti\u00e8rement int\u00e9gr\u00e9 \u00e0 Elementor, un constructeur de pages populaire, vous permettant de concevoir vos \u00e9v\u00e9nements avec une interface simple glisser-d\u00e9poser. Le constructeur unique des \u00e9v\u00e9nements modernes Elementor prend en charge des \u00e9v\u00e9nements r\u00e9currents, plusieurs emplacements, divers types de billets et m\u00eame des \u00e9v\u00e9nements en ligne. C&rsquo;est r\u00e9actif, ce qui signifie qu&rsquo;il aura fi\u00e8re allure sur n&rsquo;importe quel appareil. Mettez \u00e0 niveau votre gestion des \u00e9v\u00e9nements avec cet outil polyvalent et convivial.<\/p>\n<ul>\n<li>Le Builder Single Single Builder des \u00e9v\u00e9nements modernes est un outil puissant pour cr\u00e9er et g\u00e9rer les \u00e9v\u00e9nements sur votre site Web.<\/li>\n<li>Il s&rsquo;int\u00e8gre parfaitement avec le constructeur de page Elementor populaire, vous permettant de concevoir facilement les pages d&rsquo;\u00e9v\u00e9nements.<\/li>\n<li>Ce produit propose une fonctionnalit\u00e9 unique qui vous permet de personnaliser des \u00e9v\u00e9nements individuels, en vous assurant que chacun se d\u00e9marque.<\/li>\n<li>Il est livr\u00e9 avec une vari\u00e9t\u00e9 d&rsquo;\u00e9l\u00e9ments de conception et de widgets pour vous aider \u00e0 cr\u00e9er des pages d&rsquo;\u00e9v\u00e9nements attrayantes et engageantes.<\/li>\n<li>Le constructeur comprend une interface intuitive, ce qui facilite l&rsquo;utilisation de quiconque, m\u00eame sans exp\u00e9rience de codage.<\/li>\n<li>Il propose \u00e9galement une conception r\u00e9active, garantissant que vos pages d&rsquo;\u00e9v\u00e9nements sont superbes sur tous les appareils.<\/li>\n<li>Cet outil offre des options de personnalisation approfondies, vous permettant d&rsquo;ajuster les couleurs, les polices, les dispositions et plus encore pour correspondre \u00e0 votre marque.<\/li>\n<li>Le Builder Single Single Builder des \u00e9v\u00e9nements modernes prend \u00e9galement en charge divers types d&rsquo;\u00e9v\u00e9nements, y compris des \u00e9v\u00e9nements r\u00e9currents, des \u00e9v\u00e9nements de plusieurs jours et des \u00e9v\u00e9nements en ligne.<\/li>\n<li>De plus, il est livr\u00e9 avec des options avanc\u00e9es telles que l&rsquo;int\u00e9gration des ventes de billets, l&rsquo;int\u00e9gration Google Maps et les options de partage des m\u00e9dias sociaux.<\/li>\n<\/ul>\n","protected":false},"excerpt":{"rendered":"<p>Le Builder Single Elementor, tel que figurant dans la plate-forme sophistiqu\u00e9e et contemporaine connue sous le nom de calendrier des \u00e9v\u00e9nements modernes, est un outil unique qui est sp\u00e9cialement con\u00e7u pour cr\u00e9er et g\u00e9rer des \u00e9v\u00e9nements. La fonctionnalit\u00e9 avanc\u00e9e et la polyvalence de cet outil lui permettent de se d\u00e9marquer dans le monde en constante \u00e9volution de la planification et de la gestion des \u00e9v\u00e9nements num\u00e9riques. Cette composante innovante de la suite logicielle Calendar Modern Events offre un niveau de contr\u00f4le in\u00e9gal\u00e9 aux utilisateurs, leur permettant de cr\u00e9er et de personnaliser sans effort leurs listes d&rsquo;\u00e9v\u00e9nements \u00e0 leurs sp\u00e9cifications exactes.<\/p>\n","protected":false},"featured_media":146717,"comment_status":"open","ping_status":"open","template":"","meta":[],"product_brand":[2504],"product_cat":[1189,1181,1186],"product_tag":[1394],"class_list":{"0":"post-135793","1":"product","2":"type-product","3":"status-publish","4":"has-post-thumbnail","6":"product_brand-webnus","7":"product_cat-personnalisation","8":"product_cat-plugins","9":"product_cat-wordpress-plugins","10":"product_tag-webnus","11":"member-discount","12":"discount-restricted","14":"first","15":"instock","16":"sale","17":"downloadable","18":"virtual","19":"sold-individually","20":"purchasable","21":"product-type-simple"},"_links":{"self":[{"href":"https:\/\/gpl-love.com\/fr\/wp-json\/wp\/v2\/product\/135793","targetHints":{"allow":["GET"]}}],"collection":[{"href":"https:\/\/gpl-love.com\/fr\/wp-json\/wp\/v2\/product"}],"about":[{"href":"https:\/\/gpl-love.com\/fr\/wp-json\/wp\/v2\/types\/product"}],"replies":[{"embeddable":true,"href":"https:\/\/gpl-love.com\/fr\/wp-json\/wp\/v2\/comments?post=135793"}],"wp:featuredmedia":[{"embeddable":true,"href":"https:\/\/gpl-love.com\/fr\/wp-json\/wp\/v2\/media\/146717"}],"wp:attachment":[{"href":"https:\/\/gpl-love.com\/fr\/wp-json\/wp\/v2\/media?parent=135793"}],"wp:term":[{"taxonomy":"product_brand","embeddable":true,"href":"https:\/\/gpl-love.com\/fr\/wp-json\/wp\/v2\/product_brand?post=135793"},{"taxonomy":"product_cat","embeddable":true,"href":"https:\/\/gpl-love.com\/fr\/wp-json\/wp\/v2\/product_cat?post=135793"},{"taxonomy":"product_tag","embeddable":true,"href":"https:\/\/gpl-love.com\/fr\/wp-json\/wp\/v2\/product_tag?post=135793"}],"curies":[{"name":"wp","href":"https:\/\/api.w.org\/{rel}","templated":true}]}}