{"id":135792,"date":"2025-12-23T00:00:00","date_gmt":"2025-12-22T23:00:00","guid":{"rendered":"https:\/\/gpl-love.com\/fr\/produit\/memberpress-courses\/"},"modified":"2026-03-20T23:58:19","modified_gmt":"2026-03-20T22:58:19","slug":"memberpress-courses","status":"publish","type":"product","link":"https:\/\/gpl-love.com\/fr\/produit\/memberpress-courses\/","title":{"rendered":"MemberPress Courses 1.4.9"},"content":{"rendered":"<h3>MemberPress Courses Traits<\/h3>\n<p>Les cours MemberPress sont un outil de cr\u00e9ation de cours en ligne intuitif et complet con\u00e7u pour s&rsquo;int\u00e9grer de mani\u00e8re transparente \u00e0 votre site d&rsquo;adh\u00e9sion \u00e0 membre. Cette plateforme vous permet de cr\u00e9er, g\u00e9rer et vendre efficacement les cours en ligne, offrant une exp\u00e9rience d&rsquo;apprentissage rationalis\u00e9e \u00e0 vos membres. Les cours MemberPress pr\u00e9sentent une interface conviviale, vous permettant de concevoir et de personnaliser des cours pour correspondre \u00e0 votre marque et r\u00e9pondre aux besoins de vos apprenants. De plus, il offre un contr\u00f4le total sur votre contenu, vous permettant de d\u00e9cider qui peut acc\u00e9der \u00e0 vos cours, fixer les prix et g\u00e9rer les inscriptions. Avec ses analyses robustes, vous pouvez suivre les progr\u00e8s, les performances et l&rsquo;engagement, fournissant ainsi des informations pour am\u00e9liorer vos offres. Am\u00e9liorez votre site d&rsquo;adh\u00e9sion et renforcez l&rsquo;engagement avec les cours MembrePress.<\/p>\n<ul>\n<li>Les cours MemberPress sont un outil complet de cr\u00e9ation de cours en ligne.<\/li>\n<li>Il est con\u00e7u pour s&rsquo;int\u00e9grer de mani\u00e8re transparente au plugin d&rsquo;adh\u00e9sion \u00e0 membre.<\/li>\n<li>Permet aux utilisateurs de cr\u00e9er, g\u00e9rer et vendre des cours en ligne directement \u00e0 partir de leur site Web WordPress.<\/li>\n<li>Offre une interface conviviale pour la construction de cours avec des fonctionnalit\u00e9s de glisser-d\u00e9poser.<\/li>\n<li>Comprend des options pour cr\u00e9er des quiz, des affectations et un suivi des progr\u00e8s des \u00e9tudiants.<\/li>\n<li>Fournit un excellent service client et un support technique.<\/li>\n<li>Livr\u00e9 avec des r\u00e8gles d&rsquo;acc\u00e8s aux cours personnalisables, vous permettant de d\u00e9finir qui peut acc\u00e9der \u00e0 vos cours en fonction du niveau d&rsquo;adh\u00e9sion.<\/li>\n<li>Prend en charge diverses passerelles de paiement pour la cr\u00e9ation d&rsquo;abonnements ou les paiements ponctuels pour les cours.<\/li>\n<li>Permet l&rsquo;int\u00e9gration avec d&rsquo;autres plugins et outils pour une cr\u00e9ation et une gestion de cours am\u00e9lior\u00e9es.<\/li>\n<li>Offre une analyse compl\u00e8te pour mesurer l&rsquo;engagement des \u00e9tudiants et la popularit\u00e9 des cours.<\/li>\n<li>Il s&rsquo;agit d&rsquo;une plate-forme fiable et s\u00e9curis\u00e9e, garantissant la s\u00e9curit\u00e9 des cr\u00e9ateurs de cours et des \u00e9tudiants.<\/li>\n<li>Fournit des fonctionnalit\u00e9s de marketing et de promotion de vos cours, tels que des coupons de r\u00e9duction et des notifications par e-mail.<\/li>\n<li>Convient aux \u00e9ducateurs, aux petites entreprises et aux entrepreneurs qui cherchent \u00e0 mon\u00e9tiser leurs connaissances en offrant des cours en ligne.<\/li>\n<\/ul>\n","protected":false},"excerpt":{"rendered":"<p>La plate-forme qui est bien consid\u00e9r\u00e9e pour sa gamme compl\u00e8te de fonctionnalit\u00e9s, en particulier dans le domaine des offres \u00e9ducatives, n&rsquo;est autre que les cours MemberPress. Cette plate-forme est r\u00e9put\u00e9e pour sa capacit\u00e9 \u00e0 simplifier le processus de cr\u00e9ation, de gestion et de vente de cours en ligne, ce qui en fait une ressource pr\u00e9cieuse pour les universitaires et les \u00e9ducateurs. En outre, son int\u00e9gration transparente avec d&rsquo;autres logiciels et outils amplifie encore sa fonctionnalit\u00e9 attrayante, ce qui en fait une s\u00e9lection souhait\u00e9e pour quiconque s&rsquo;aventure dans le monde de l&rsquo;\u00e9ducation en ligne.<\/p>\n","protected":false},"featured_media":146716,"comment_status":"open","ping_status":"open","template":"","meta":[],"product_brand":[2592],"product_cat":[1300,1181,1186],"product_tag":[1302],"class_list":{"0":"post-135792","1":"product","2":"type-product","3":"status-publish","4":"has-post-thumbnail","6":"product_brand-memberpress","7":"product_cat-adhesion","8":"product_cat-plugins","9":"product_cat-wordpress-plugins","10":"product_tag-memberpress","11":"member-discount","12":"discount-restricted","14":"first","15":"instock","16":"sale","17":"downloadable","18":"virtual","19":"sold-individually","20":"purchasable","21":"product-type-simple"},"_links":{"self":[{"href":"https:\/\/gpl-love.com\/fr\/wp-json\/wp\/v2\/product\/135792","targetHints":{"allow":["GET"]}}],"collection":[{"href":"https:\/\/gpl-love.com\/fr\/wp-json\/wp\/v2\/product"}],"about":[{"href":"https:\/\/gpl-love.com\/fr\/wp-json\/wp\/v2\/types\/product"}],"replies":[{"embeddable":true,"href":"https:\/\/gpl-love.com\/fr\/wp-json\/wp\/v2\/comments?post=135792"}],"wp:featuredmedia":[{"embeddable":true,"href":"https:\/\/gpl-love.com\/fr\/wp-json\/wp\/v2\/media\/146716"}],"wp:attachment":[{"href":"https:\/\/gpl-love.com\/fr\/wp-json\/wp\/v2\/media?parent=135792"}],"wp:term":[{"taxonomy":"product_brand","embeddable":true,"href":"https:\/\/gpl-love.com\/fr\/wp-json\/wp\/v2\/product_brand?post=135792"},{"taxonomy":"product_cat","embeddable":true,"href":"https:\/\/gpl-love.com\/fr\/wp-json\/wp\/v2\/product_cat?post=135792"},{"taxonomy":"product_tag","embeddable":true,"href":"https:\/\/gpl-love.com\/fr\/wp-json\/wp\/v2\/product_tag?post=135792"}],"curies":[{"name":"wp","href":"https:\/\/api.w.org\/{rel}","templated":true}]}}