{"id":135750,"date":"2026-03-03T00:00:00","date_gmt":"2026-03-02T23:00:00","guid":{"rendered":"https:\/\/gpl-love.com\/fr\/produit\/formidable-forms-api-webhooks-addon\/"},"modified":"2026-03-20T23:58:18","modified_gmt":"2026-03-20T22:58:18","slug":"formidable-forms-api-webhooks-addon","status":"publish","type":"product","link":"https:\/\/gpl-love.com\/fr\/produit\/formidable-forms-api-webhooks-addon\/","title":{"rendered":"Formidable Forms API Webhooks Addon 1.1.9"},"content":{"rendered":"<h3>Formidable Forms API Webhooks Addon Traits<\/h3>\n<p>Le formidable Forms API Webhooks Addon est un outil puissant con\u00e7u pour am\u00e9liorer la fonctionnalit\u00e9 et l&rsquo;exp\u00e9rience utilisateur de votre site Web. Cet addon permet \u00e0 votre site Web d&rsquo;envoyer des demandes HTTP de vos formulaires aux API externes, cr\u00e9ant des webhooks qui d\u00e9clenchent des actions sp\u00e9cifiques en fonction des entr\u00e9es utilisateur. Le formidable formulaires API Webhooks addon prend en charge les demandes GET et POST, vous offrant une immense flexibilit\u00e9 dans la gestion de l&rsquo;\u00e9change de donn\u00e9es entre votre site Web et les plateformes externes. Cet addon est parfait pour int\u00e9grer vos formulaires avec les syst\u00e8mes CRM, les services de marketing par e-mail et d&rsquo;autres services tiers, automatisant ainsi votre flux de travail et augmentant votre productivit\u00e9. Il est facile \u00e0 utiliser et ne n\u00e9cessite aucune comp\u00e9tence de codage, ce qui en fait une solution id\u00e9ale pour les d\u00e9butants et les utilisateurs avanc\u00e9s.<\/p>\n<ul>\n<li>Un addon puissant qui int\u00e8gre des formes formidables avec l&rsquo;API webhooks pour am\u00e9liorer les fonctionnalit\u00e9s de la forme.<\/li>\n<li>Permet aux utilisateurs d&rsquo;envoyer des donn\u00e9es \u00e0 partir de formulaires formidables \u00e0 des serveurs ou des applications externes via WebHooks.<\/li>\n<li>Facilite l&rsquo;automatisation des t\u00e2ches en d\u00e9clenchant des actions sp\u00e9cifiques en fonction des soumissions de formulaire.<\/li>\n<li>Prend en charge l&rsquo;API REST, permettant aux d\u00e9veloppeurs d&rsquo;interagir directement avec les formulaires, les champs, les entr\u00e9es et les vues.<\/li>\n<li>L&rsquo;interface conviviale garantit une configuration facile sans n\u00e9cessiter de connaissances de codage avanc\u00e9es.<\/li>\n<li>Construit pour la fiabilit\u00e9 et l&rsquo;efficacit\u00e9, assurant un transfert de donn\u00e9es sans faille et ininterrompu.<\/li>\n<li>Compatible avec toutes les versions de formes formidables, offrant une flexibilit\u00e9 am\u00e9lior\u00e9e.<\/li>\n<li>Id\u00e9al pour les entreprises qui cherchent \u00e0 rationaliser leurs activit\u00e9s de collecte et de traitement des donn\u00e9es.<\/li>\n<\/ul>\n","protected":false},"excerpt":{"rendered":"<p>Le module compl\u00e9mentaire dont nous discutons actuellement est nomm\u00e9 le formidable Forms API webhooks addon. Il sert de composant ou de plugin cl\u00e9 qui joue un r\u00f4le crucial dans l&rsquo;am\u00e9lioration de la fonctionnalit\u00e9 de la formidable API Formes, lui fournissant des capacit\u00e9s avanc\u00e9es. Cela, en substance, permet \u00e0 l&rsquo;API d&rsquo;\u00e9tablir un canal de communication plus efficace et plus efficace via les webhooks, garantissant ainsi que les donn\u00e9es sont transmises en douceur et sans hoquet.<\/p>\n","protected":false},"featured_media":146714,"comment_status":"open","ping_status":"open","template":"","meta":[],"product_brand":[2555],"product_cat":[1191,1181,1186],"product_tag":[1484],"class_list":{"0":"post-135750","1":"product","2":"type-product","3":"status-publish","4":"has-post-thumbnail","6":"product_brand-formidable","7":"product_cat-formes","8":"product_cat-plugins","9":"product_cat-wordpress-plugins","10":"product_tag-formidable","11":"member-discount","12":"discount-restricted","14":"first","15":"instock","16":"sale","17":"downloadable","18":"virtual","19":"sold-individually","20":"purchasable","21":"product-type-simple"},"_links":{"self":[{"href":"https:\/\/gpl-love.com\/fr\/wp-json\/wp\/v2\/product\/135750","targetHints":{"allow":["GET"]}}],"collection":[{"href":"https:\/\/gpl-love.com\/fr\/wp-json\/wp\/v2\/product"}],"about":[{"href":"https:\/\/gpl-love.com\/fr\/wp-json\/wp\/v2\/types\/product"}],"replies":[{"embeddable":true,"href":"https:\/\/gpl-love.com\/fr\/wp-json\/wp\/v2\/comments?post=135750"}],"wp:featuredmedia":[{"embeddable":true,"href":"https:\/\/gpl-love.com\/fr\/wp-json\/wp\/v2\/media\/146714"}],"wp:attachment":[{"href":"https:\/\/gpl-love.com\/fr\/wp-json\/wp\/v2\/media?parent=135750"}],"wp:term":[{"taxonomy":"product_brand","embeddable":true,"href":"https:\/\/gpl-love.com\/fr\/wp-json\/wp\/v2\/product_brand?post=135750"},{"taxonomy":"product_cat","embeddable":true,"href":"https:\/\/gpl-love.com\/fr\/wp-json\/wp\/v2\/product_cat?post=135750"},{"taxonomy":"product_tag","embeddable":true,"href":"https:\/\/gpl-love.com\/fr\/wp-json\/wp\/v2\/product_tag?post=135750"}],"curies":[{"name":"wp","href":"https:\/\/api.w.org\/{rel}","templated":true}]}}