{"id":135749,"date":"2025-10-17T00:00:00","date_gmt":"2025-10-16T22:00:00","guid":{"rendered":"https:\/\/gpl-love.com\/fr\/produit\/woocommerce-eu-vat-and-b2b\/"},"modified":"2026-03-20T23:58:16","modified_gmt":"2026-03-20T22:58:16","slug":"woocommerce-eu-vat-and-b2b","status":"publish","type":"product","link":"https:\/\/gpl-love.com\/fr\/produit\/woocommerce-eu-vat-and-b2b\/","title":{"rendered":"WooCommerce EU Vat et B2B 13.2"},"content":{"rendered":"<h3>WooCommerce EU Vat et B2B Traits<\/h3>\n<p>Le WooCommerce EU TVA et B2B est un plugin indispensable con\u00e7u pour les entreprises en ligne op\u00e9rant dans l&rsquo;Union europ\u00e9enne. Cet outil aide \u00e0 g\u00e9rer la conformit\u00e9 de la TVA de l&rsquo;UE et \u00e0 simplifier les transactions B2B. Il calcule automatiquement la TVA en fonction de l&#8217;emplacement des clients et applique le taux de TVA correct \u00e0 la caisse, garantissant aux entreprises des r\u00e9glementations fiscales de l&rsquo;UE. Pour les transactions B2B, le plugin autorise les achats d&rsquo;exon\u00e9ration de TVA pour les entreprises enregistr\u00e9es de TVA valides. Facile \u00e0 installer et \u00e0 int\u00e9grer, WooCommerce EU TVA et B2B fournit une solution efficace pour les magasins de commerce \u00e9lectronique afin de rationaliser leurs transactions de manipulation de TVA et de B2B, ce qui permettait de temps et de r\u00e9duction des erreurs.<\/p>\n<ul>\n<li>WooCommerce EU VAT et B2B est un plugin con\u00e7u pour les magasins en ligne WooCommerce op\u00e9rant dans l&rsquo;UE (Union europ\u00e9enne).<\/li>\n<li>Aide \u00e0 calculer automatiquement et \u00e0 appliquer les taux de TVA corrects en fonction de l&#8217;emplacement du client.<\/li>\n<li>Permet aux entreprises de valider le nombre de TVA d&rsquo;autres entreprises bas\u00e9es sur l&rsquo;UE pour les transactions B2B (entreprise aux entreprises).<\/li>\n<li>Fournit une option aux clients B2B pour faire face \u00e0 l&rsquo;exemption de TVA.<\/li>\n<li>Offre un processus simplifi\u00e9 et rationalis\u00e9 pour g\u00e9rer les r\u00e9glementations de la TVA de l&rsquo;UE, r\u00e9duisant le risque de non-conformit\u00e9.<\/li>\n<li>S&rsquo;int\u00e8gre parfaitement \u00e0 WooCommerce, ce qui en fait une solution conviviale pour les propri\u00e9taires de magasins.<\/li>\n<li>\u00c9limine efficacement la complexit\u00e9 de la vente de produits dans diff\u00e9rents pays europ\u00e9ens avec diff\u00e9rents taux de TVA.<\/li>\n<li>Am\u00e9liore l&rsquo;exp\u00e9rience de paiement en mettant automatiquement \u00e0 la mise \u00e0 jour la TVA en fonction de l&rsquo;adresse de facturation ou d&rsquo;exp\u00e9dition du client.<\/li>\n<li>\u00c9quip\u00e9 d&rsquo;une fonctionnalit\u00e9 pour afficher les prix inclus ou \u00e0 l&rsquo;exclusion de la taxe, selon les exigences de l&rsquo;entreprise.<\/li>\n<li>Facilite les rapports de TVA faciles gr\u00e2ce \u00e0 des rapports de vente d\u00e9taill\u00e9s et complets.<\/li>\n<\/ul>\n","protected":false},"excerpt":{"rendered":"<p>La plate-forme WooCommerce int\u00e8gre un composant critique qui se concentre principalement sur la satisfaction des besoins des clients de l&rsquo;Union europ\u00e9enne, en particulier en relation avec la r\u00e9glementation de la taxe sur la valeur ajout\u00e9e (TVA). De plus, il est \u00e9galement con\u00e7u pour prendre en charge et rationaliser sp\u00e9cifiquement les transactions B2B (activit\u00e9 \u00e0 l&rsquo;entreprise). Cette fonctionnalit\u00e9 a une immense importance non seulement en adh\u00e9rant aux lois de TVA strictes dans la juridiction de l&rsquo;UE, mais aussi pour faciliter efficacement les interactions B2B, ce qui en fait un outil indispensable dans la suite WOOCommerce.<\/p>\n","protected":false},"featured_media":146713,"comment_status":"open","ping_status":"open","template":"","meta":[],"product_brand":[2435],"product_cat":[1182,1223,1181],"product_tag":[1231],"class_list":{"0":"post-135749","1":"product","2":"type-product","3":"status-publish","4":"has-post-thumbnail","6":"product_brand-codecanyon","7":"product_cat-commerce-electronique-plugins","8":"product_cat-personnalisation-commerce-electronique-plugins","9":"product_cat-plugins","10":"product_tag-codecanyon","11":"member-discount","12":"discount-restricted","14":"first","15":"instock","16":"sale","17":"downloadable","18":"virtual","19":"sold-individually","20":"purchasable","21":"product-type-simple"},"_links":{"self":[{"href":"https:\/\/gpl-love.com\/fr\/wp-json\/wp\/v2\/product\/135749","targetHints":{"allow":["GET"]}}],"collection":[{"href":"https:\/\/gpl-love.com\/fr\/wp-json\/wp\/v2\/product"}],"about":[{"href":"https:\/\/gpl-love.com\/fr\/wp-json\/wp\/v2\/types\/product"}],"replies":[{"embeddable":true,"href":"https:\/\/gpl-love.com\/fr\/wp-json\/wp\/v2\/comments?post=135749"}],"wp:featuredmedia":[{"embeddable":true,"href":"https:\/\/gpl-love.com\/fr\/wp-json\/wp\/v2\/media\/146713"}],"wp:attachment":[{"href":"https:\/\/gpl-love.com\/fr\/wp-json\/wp\/v2\/media?parent=135749"}],"wp:term":[{"taxonomy":"product_brand","embeddable":true,"href":"https:\/\/gpl-love.com\/fr\/wp-json\/wp\/v2\/product_brand?post=135749"},{"taxonomy":"product_cat","embeddable":true,"href":"https:\/\/gpl-love.com\/fr\/wp-json\/wp\/v2\/product_cat?post=135749"},{"taxonomy":"product_tag","embeddable":true,"href":"https:\/\/gpl-love.com\/fr\/wp-json\/wp\/v2\/product_tag?post=135749"}],"curies":[{"name":"wp","href":"https:\/\/api.w.org\/{rel}","templated":true}]}}