{"id":135748,"date":"2026-03-18T00:00:00","date_gmt":"2026-03-17T23:00:00","guid":{"rendered":"https:\/\/gpl-love.com\/fr\/produit\/woocommerce-direct-checkout-pro\/"},"modified":"2026-03-20T23:58:15","modified_gmt":"2026-03-20T22:58:15","slug":"woocommerce-direct-checkout-pro","status":"publish","type":"product","link":"https:\/\/gpl-love.com\/fr\/produit\/woocommerce-direct-checkout-pro\/","title":{"rendered":"WooCommerce Direct Checkout Pro 3.3.10"},"content":{"rendered":"<h3>WooCommerce Direct Checkout Pro Traits<\/h3>\n<p>WooCommerce Direct Checkout Pro est un plugin de commerce \u00e9lectronique premium con\u00e7u pour simplifier et am\u00e9liorer le processus de paiement sur votre boutique en ligne aliment\u00e9e par WooCommerce. Ce plugin permet \u00e0 vos clients de v\u00e9rifier directement, \u00e0 sauter la page de panier, ce qui acc\u00e9l\u00e8re consid\u00e9rablement le processus d&rsquo;achat et am\u00e9liore les taux de conversion. Ses fonctionnalit\u00e9s avanc\u00e9es incluent la personnalisation des champs de paiement, l&rsquo;ajout de boutons d&rsquo;achat rapide et l&rsquo;activation d&rsquo;un paiement d&rsquo;une page. Il propose \u00e9galement Ajax Add to CART sur des pages de produits uniques, compatibilit\u00e9 avec tous les th\u00e8mes WooCommerce et WordPress, et une int\u00e9gration transparente avec plusieurs passerelles de paiement. WooCommerce Direct Checkout Pro est convivial, enti\u00e8rement r\u00e9actif et personnalisable, ce qui en fait un outil incontournable pour chaque propri\u00e9taire de la boutique en ligne qui vise \u00e0 offrir une exp\u00e9rience d&rsquo;achat fluide \u00e0 leurs clients.<\/p>\n<ul>\n<li>WooCommerce Direct Checkout Pro est un puissant outil de commerce \u00e9lectronique con\u00e7u pour simplifier et rationaliser le processus de paiement de votre boutique en ligne.<\/li>\n<li>Il vous permet de personnaliser et d&rsquo;optimiser la page de paiement, en r\u00e9duisant le nombre de mesures que vos clients doivent prendre pour effectuer un achat.<\/li>\n<li>Le plugin offre une option pour activer le paiement en un clic, acc\u00e9l\u00e9rant consid\u00e9rablement les transactions et am\u00e9liorant l&rsquo;exp\u00e9rience utilisateur.<\/li>\n<li>Il existe \u00e9galement une fonctionnalit\u00e9 pour supprimer les champs inutiles du formulaire de paiement, ce qui le rend plus convivial et moins long.<\/li>\n<li>WooCommerce Direct Checkout Pro inclut la prise en charge de AJAX Add to CART, permettant aux clients d&rsquo;ajouter des articles \u00e0 leur panier sans recharger la page.<\/li>\n<li>Il est livr\u00e9 avec des param\u00e8tres de configuration faciles, vous offrant un contr\u00f4le complet sur la fa\u00e7on dont votre processus de paiement est organis\u00e9.<\/li>\n<li>Le plugin est compatible avec tous les th\u00e8mes WooCommerce et peut \u00eatre int\u00e9gr\u00e9 de mani\u00e8re transparente dans votre plate-forme de commerce \u00e9lectronique existante.<\/li>\n<li>WooCommerce Direct Checkout Pro comprend \u00e9galement un bouton \u00abachat rapide\u00bb, permettant aux clients de contourner la page de panier et d&rsquo;aller directement \u00e0 la caisse.<\/li>\n<li>Il prend en charge plusieurs passerelles de paiement, offrant aux clients un large \u00e9ventail d&rsquo;options de paiement.<\/li>\n<li>La version PRO offre un support prioritaire et des mises \u00e0 jour r\u00e9guli\u00e8res, garantissant que votre processus de paiement se d\u00e9roule toujours en douceur et efficacement.<\/li>\n<\/ul>\n","protected":false},"excerpt":{"rendered":"<p>La version professionnelle de WooCommerce Direct Checkout, qui est un outil avanc\u00e9 et tr\u00e8s sophistiqu\u00e9 qui am\u00e9liore l&rsquo;efficacit\u00e9 et l&rsquo;efficacit\u00e9 du processus de paiement dans les entreprises de commerce \u00e9lectronique, est ce \u00e0 quoi nous faisons r\u00e9f\u00e9rence ici. Cette version premium regorge de nombreuses fonctionnalit\u00e9s et capacit\u00e9s avanc\u00e9es, con\u00e7u m\u00e9ticuleusement pour rationaliser l&rsquo;exp\u00e9rience d&rsquo;achat en ligne, ce qui le rend rapide, facile et sans tracas.<\/p>\n","protected":false},"featured_media":146712,"comment_status":"open","ping_status":"open","template":"","meta":[],"product_brand":[2690],"product_cat":[1182,1223,1181],"product_tag":[2193],"class_list":{"0":"post-135748","1":"product","2":"type-product","3":"status-publish","4":"has-post-thumbnail","6":"product_brand-quadlayers","7":"product_cat-commerce-electronique-plugins","8":"product_cat-personnalisation-commerce-electronique-plugins","9":"product_cat-plugins","10":"product_tag-quadlayers","11":"member-discount","12":"discount-restricted","14":"first","15":"instock","16":"sale","17":"downloadable","18":"virtual","19":"sold-individually","20":"purchasable","21":"product-type-simple"},"_links":{"self":[{"href":"https:\/\/gpl-love.com\/fr\/wp-json\/wp\/v2\/product\/135748","targetHints":{"allow":["GET"]}}],"collection":[{"href":"https:\/\/gpl-love.com\/fr\/wp-json\/wp\/v2\/product"}],"about":[{"href":"https:\/\/gpl-love.com\/fr\/wp-json\/wp\/v2\/types\/product"}],"replies":[{"embeddable":true,"href":"https:\/\/gpl-love.com\/fr\/wp-json\/wp\/v2\/comments?post=135748"}],"wp:featuredmedia":[{"embeddable":true,"href":"https:\/\/gpl-love.com\/fr\/wp-json\/wp\/v2\/media\/146712"}],"wp:attachment":[{"href":"https:\/\/gpl-love.com\/fr\/wp-json\/wp\/v2\/media?parent=135748"}],"wp:term":[{"taxonomy":"product_brand","embeddable":true,"href":"https:\/\/gpl-love.com\/fr\/wp-json\/wp\/v2\/product_brand?post=135748"},{"taxonomy":"product_cat","embeddable":true,"href":"https:\/\/gpl-love.com\/fr\/wp-json\/wp\/v2\/product_cat?post=135748"},{"taxonomy":"product_tag","embeddable":true,"href":"https:\/\/gpl-love.com\/fr\/wp-json\/wp\/v2\/product_tag?post=135748"}],"curies":[{"name":"wp","href":"https:\/\/api.w.org\/{rel}","templated":true}]}}