{"id":135747,"date":"2026-02-06T00:00:00","date_gmt":"2026-02-05T23:00:00","guid":{"rendered":"https:\/\/gpl-love.com\/fr\/produit\/meta-box-aio\/"},"modified":"2026-03-30T18:30:58","modified_gmt":"2026-03-30T16:30:58","slug":"meta-box-aio","status":"publish","type":"product","link":"https:\/\/gpl-love.com\/fr\/produit\/meta-box-aio\/","title":{"rendered":"Meta Box AIO 3.6.1"},"content":{"rendered":"<h3>Meta Box AIO Traits<\/h3>\n<p>Meta Box AIO est une bo\u00eete \u00e0 outils compl\u00e8te con\u00e7ue pour aider les d\u00e9veloppeurs avec un moyen puissant et flexible de cr\u00e9er et de g\u00e9rer des champs personnalis\u00e9s dans WordPress. Ce package tout-en-un consolide toutes les extensions de m\u00e9ta-bo\u00eete dans une plate-forme facilement g\u00e9rable, offrant une commodit\u00e9 et une efficacit\u00e9 maximales. Avec son large \u00e9ventail de fonctionnalit\u00e9s, y compris les types de publication personnalis\u00e9s, les taxonomies, les pages de param\u00e8tres, etc., il aide \u00e0 am\u00e9liorer la fonctionnalit\u00e9 de votre site Web WordPress. De plus, il prend en charge \u00e0 la fois l&rsquo;\u00e9diteur classique et Gutenberg, garantissant une compatibilit\u00e9 transparente avec votre interface d&rsquo;\u00e9dition pr\u00e9f\u00e9r\u00e9e. Il est convivial, hautement personnalisable et une ressource essentielle pour rationaliser votre processus de d\u00e9veloppement WordPress.<\/p>\n<ul>\n<li>Meta Box AIO est une solution tout-en-un qui consolide toutes les extensions et fonctionnalit\u00e9s premium du plugin Meta Box.<\/li>\n<li>Il prend en charge la cr\u00e9ation de types de publication personnalis\u00e9s, de taxonomies personnalis\u00e9es et de champs personnalis\u00e9s pour les sites WordPress.<\/li>\n<li>Le plugin est livr\u00e9 avec une interface conviviale, ce qui facilite l&rsquo;utilisation pour les d\u00e9veloppeurs et les utilisateurs non techniques.<\/li>\n<li>De plus, il fournit des fonctionnalit\u00e9s avanc\u00e9es telles que des colonnes, des groupes, des onglets et des info-bulles pour les champs personnalis\u00e9s.<\/li>\n<li>Il permet aux utilisateurs d&rsquo;exporter et d&rsquo;importer des donn\u00e9es via des fichiers CSV, rationalisant efficacement les t\u00e2ches de gestion des donn\u00e9es.<\/li>\n<li>Il prend en charge divers types de champs, notamment du texte, du textarea, de la case \u00e0 cocher, de la radio, de la s\u00e9lection, etc.<\/li>\n<li>Avec Meta Box AIO, les utilisateurs peuvent cr\u00e9er des groupes uniques et reproductibles de champs personnalis\u00e9s.<\/li>\n<li>Le plugin est con\u00e7u pour la vitesse et ne ralentit pas votre site Web, garantissant des performances optimales.<\/li>\n<li>Il est \u00e9galement compatible avec les plugins de g\u00e9n\u00e9ration de page populaires comme Gutenberg, Elementor et Beaver Builder.<\/li>\n<li>Le plugin est r\u00e9guli\u00e8rement mis \u00e0 jour et soutenu avec un excellent support client pour tout probl\u00e8me technique.<\/li>\n<\/ul>\n","protected":false},"excerpt":{"rendered":"<p>La bo\u00eete \u00e0 outils compl\u00e8te connue sous le nom de Meta Box AIO, qui repr\u00e9sente tous en un, est une solution sup\u00e9rieure et compl\u00e8te offrant aux utilisateurs un \u00e9ventail de capacit\u00e9s con\u00e7ues sp\u00e9cifiquement pour am\u00e9liorer leur exp\u00e9rience. Cette bo\u00eete \u00e0 outils int\u00e8gre une multitude de fonctionnalit\u00e9s qui visent \u00e0 s&rsquo;int\u00e9grer en douceur aux flux de travail r\u00e9guliers, ce qui en fait un atout inestimable pour ceux qui cherchent \u00e0 optimiser leur processus de travail. En tant que tel, il est bien nomm\u00e9, car il sert vraiment de solution \u00abtout en un\u00bb pour ceux qui cherchent \u00e0 consolider leurs outils en un package efficace et efficace.<\/p>\n","protected":false},"featured_media":146711,"comment_status":"open","ping_status":"open","template":"","meta":[],"product_brand":[2593],"product_cat":[1189,1181,1186],"product_tag":[2266],"class_list":{"0":"post-135747","1":"product","2":"type-product","3":"status-publish","4":"has-post-thumbnail","6":"product_brand-meta-box","7":"product_cat-personnalisation","8":"product_cat-plugins","9":"product_cat-wordpress-plugins","10":"product_tag-meta-box","11":"member-discount","12":"discount-restricted","14":"first","15":"instock","16":"sale","17":"downloadable","18":"virtual","19":"sold-individually","20":"purchasable","21":"product-type-simple"},"_links":{"self":[{"href":"https:\/\/gpl-love.com\/fr\/wp-json\/wp\/v2\/product\/135747","targetHints":{"allow":["GET"]}}],"collection":[{"href":"https:\/\/gpl-love.com\/fr\/wp-json\/wp\/v2\/product"}],"about":[{"href":"https:\/\/gpl-love.com\/fr\/wp-json\/wp\/v2\/types\/product"}],"replies":[{"embeddable":true,"href":"https:\/\/gpl-love.com\/fr\/wp-json\/wp\/v2\/comments?post=135747"}],"wp:featuredmedia":[{"embeddable":true,"href":"https:\/\/gpl-love.com\/fr\/wp-json\/wp\/v2\/media\/146711"}],"wp:attachment":[{"href":"https:\/\/gpl-love.com\/fr\/wp-json\/wp\/v2\/media?parent=135747"}],"wp:term":[{"taxonomy":"product_brand","embeddable":true,"href":"https:\/\/gpl-love.com\/fr\/wp-json\/wp\/v2\/product_brand?post=135747"},{"taxonomy":"product_cat","embeddable":true,"href":"https:\/\/gpl-love.com\/fr\/wp-json\/wp\/v2\/product_cat?post=135747"},{"taxonomy":"product_tag","embeddable":true,"href":"https:\/\/gpl-love.com\/fr\/wp-json\/wp\/v2\/product_tag?post=135747"}],"curies":[{"name":"wp","href":"https:\/\/api.w.org\/{rel}","templated":true}]}}