{"id":135746,"date":"2024-11-28T00:00:00","date_gmt":"2024-11-27T23:00:00","guid":{"rendered":"https:\/\/gpl-love.com\/fr\/produit\/ultimate-member-profile-completeness\/"},"modified":"2026-03-20T23:58:13","modified_gmt":"2026-03-20T22:58:13","slug":"ultimate-member-profile-completeness","status":"publish","type":"product","link":"https:\/\/gpl-love.com\/fr\/produit\/ultimate-member-profile-completeness\/","title":{"rendered":"Ultimate Member Profile Completeness 2.3.2"},"content":{"rendered":"<h3>Ultimate Member Profile Completeness Traits<\/h3>\n<p>L&rsquo;exhaustivit\u00e9 du profil de membre ultime est un outil de pointe con\u00e7u pour am\u00e9liorer l&rsquo;exp\u00e9rience utilisateur sur votre plate-forme. Ce plugin encourage les utilisateurs \u00e0 terminer leurs profils, augmentant leur engagement et leur activit\u00e9 sur votre site Web. Il est \u00e9quip\u00e9 d&rsquo;une barre de progr\u00e8s dynamique, offrant une repr\u00e9sentation visuelle de l&rsquo;exhaustivit\u00e9 du profil. De plus, il vous accorde le pouvoir de d\u00e9finir des champs obligatoires et de restreindre le contenu pour des profils incomplets, garantissant aux utilisateurs toutes les informations n\u00e9cessaires. Il est hautement personnalisable et compatible avec n&rsquo;importe quel th\u00e8me WordPress, permettant une int\u00e9gration fluide dans votre site Web. L&rsquo;exhaustivit\u00e9 ultime du profil des membres est l&rsquo;ajout id\u00e9al pour les sites Web de la communaut\u00e9, les r\u00e9seaux sociaux et toutes les autres plateformes qui appr\u00e9cient l&rsquo;interactivit\u00e9 des utilisateurs et le profilage d\u00e9taill\u00e9.<\/p>\n<ul>\n<li>L&rsquo;exhaustivit\u00e9 Ultimate Member Profil est un plugin puissant con\u00e7u pour am\u00e9liorer l&rsquo;exp\u00e9rience utilisateur sur les sites Web d&rsquo;adh\u00e9sion.<\/li>\n<li>Il est con\u00e7u pour encourager les membres \u00e0 terminer leurs profils en montrant une barre de progression et des champs sp\u00e9cifiques qui doivent \u00eatre remplis.<\/li>\n<li>Ce plugin s&rsquo;int\u00e8gre parfaitement \u00e0 un membre ultime, un profil utilisateur populaire et un plugin d&rsquo;adh\u00e9sion pour WordPress.<\/li>\n<li>Offre un syst\u00e8me de compl\u00e9tion de profil personnalisable o\u00f9 vous pouvez d\u00e9finir les champs n\u00e9cessaires \u00e0 un profil complet.<\/li>\n<li>Vous permet de configurer la logique conditionnelle pour afficher le contenu en fonction de l&rsquo;exhaustivit\u00e9 du profil.<\/li>\n<li>Il donne aux administrateurs la possibilit\u00e9 de suivre et de g\u00e9rer l&rsquo;exhaustivit\u00e9 du profil sur tous les profils d&rsquo;utilisateurs.<\/li>\n<li>Avec ce plugin, vous pouvez restreindre l&rsquo;acc\u00e8s des utilisateurs \u00e0 certaines parties de votre site jusqu&rsquo;\u00e0 ce que leur profil soit enti\u00e8rement termin\u00e9.<\/li>\n<li>Le plugin est enti\u00e8rement r\u00e9actif et fonctionne parfaitement sur tous les appareils et tailles d&rsquo;\u00e9cran.<\/li>\n<li>Il est convivial et facile \u00e0 configurer, ne n\u00e9cessitant aucune comp\u00e9tence de codage.<\/li>\n<li>Le plugin d&rsquo;exhaustivit\u00e9 du profil des membres ultime garantit que votre communaut\u00e9 est plus engag\u00e9e et active, ce qui conduit \u00e0 un site Web plus dynamique et interactif.<\/li>\n<\/ul>\n","protected":false},"excerpt":{"rendered":"<p>La fonction d&rsquo;exhaustivit\u00e9 du profil du membre ultime est un outil incroyablement utile. Ce composant particulier permet une exp\u00e9rience utilisateur plus rationalis\u00e9e en s&rsquo;assurant que chaque profil est rempli dans toute la mesure. Non seulement cela am\u00e9liore la qualit\u00e9 globale des profils utilisateur, mais elle contribue \u00e9galement \u00e0 l&rsquo;efficacit\u00e9 et \u00e0 l&rsquo;efficacit\u00e9 du syst\u00e8me membre ultime dans son ensemble. Ceci est r\u00e9alis\u00e9 en facilitant le processus de r\u00e9cup\u00e9ration et de classification des informations. En substance, la fonction d&rsquo;exhaustivit\u00e9 du profil de membre ultime t\u00e9moigne du d\u00e9vouement du syst\u00e8me \u00e0 une exp\u00e9rience optimis\u00e9e et conviviale.<\/p>\n","protected":false},"featured_media":146710,"comment_status":"open","ping_status":"open","template":"","meta":[],"product_brand":[2679],"product_cat":[1300,1181,1186],"product_tag":[2296],"class_list":{"0":"post-135746","1":"product","2":"type-product","3":"status-publish","4":"has-post-thumbnail","6":"product_brand-ultimate-member","7":"product_cat-adhesion","8":"product_cat-plugins","9":"product_cat-wordpress-plugins","10":"product_tag-ultimate-member","11":"member-discount","12":"discount-restricted","14":"first","15":"instock","16":"sale","17":"downloadable","18":"virtual","19":"sold-individually","20":"purchasable","21":"product-type-simple"},"_links":{"self":[{"href":"https:\/\/gpl-love.com\/fr\/wp-json\/wp\/v2\/product\/135746","targetHints":{"allow":["GET"]}}],"collection":[{"href":"https:\/\/gpl-love.com\/fr\/wp-json\/wp\/v2\/product"}],"about":[{"href":"https:\/\/gpl-love.com\/fr\/wp-json\/wp\/v2\/types\/product"}],"replies":[{"embeddable":true,"href":"https:\/\/gpl-love.com\/fr\/wp-json\/wp\/v2\/comments?post=135746"}],"wp:featuredmedia":[{"embeddable":true,"href":"https:\/\/gpl-love.com\/fr\/wp-json\/wp\/v2\/media\/146710"}],"wp:attachment":[{"href":"https:\/\/gpl-love.com\/fr\/wp-json\/wp\/v2\/media?parent=135746"}],"wp:term":[{"taxonomy":"product_brand","embeddable":true,"href":"https:\/\/gpl-love.com\/fr\/wp-json\/wp\/v2\/product_brand?post=135746"},{"taxonomy":"product_cat","embeddable":true,"href":"https:\/\/gpl-love.com\/fr\/wp-json\/wp\/v2\/product_cat?post=135746"},{"taxonomy":"product_tag","embeddable":true,"href":"https:\/\/gpl-love.com\/fr\/wp-json\/wp\/v2\/product_tag?post=135746"}],"curies":[{"name":"wp","href":"https:\/\/api.w.org\/{rel}","templated":true}]}}