{"id":135745,"date":"2026-03-28T00:00:00","date_gmt":"2026-03-27T23:00:00","guid":{"rendered":"https:\/\/gpl-love.com\/fr\/produit\/ultimate-member-bbpress\/"},"modified":"2026-03-28T11:30:46","modified_gmt":"2026-03-28T10:30:46","slug":"ultimate-member-bbpress","status":"publish","type":"product","link":"https:\/\/gpl-love.com\/fr\/produit\/ultimate-member-bbpress\/","title":{"rendered":"Ultimate Member bbPress 2.11.3"},"content":{"rendered":"<h3>Ultimate Member bbPress Traits<\/h3>\n<p>Le membre ultime BBPress est un plugin exceptionnel con\u00e7u pour am\u00e9liorer les fonctionnalit\u00e9s et les fonctionnalit\u00e9s de votre site Web WordPress. Cet outil puissant s&rsquo;int\u00e8gre parfaitement au plugin BBPress Forum, permettant \u00e0 vos utilisateurs de participer \u00e0 des discussions anim\u00e9es et de cr\u00e9er une communaut\u00e9 robuste sur votre site. Il propose des fonctionnalit\u00e9s avanc\u00e9es telles que la synchronisation du profil utilisateur, la messagerie priv\u00e9e et les abonnements \u00e0 la rubrique. Le membre ultime BBPress prend \u00e9galement en charge les autorisations bas\u00e9es sur les r\u00f4les, vous permettant de contr\u00f4ler qui peut acc\u00e9der et contribuer \u00e0 votre forum. Avec son interface conviviale et ses param\u00e8tres personnalisables, vous pouvez cr\u00e9er un forum adapt\u00e9 \u00e0 vos besoins et pr\u00e9f\u00e9rences. Profitez d&rsquo;un site Web plus interactif et engageant avec le plugin BBPress membre ultime.<\/p>\n<ul>\n<li>Ultimate Member BBPress est un plugin de forum avanc\u00e9 qui am\u00e9liore les capacit\u00e9s de gestion des utilisateurs dans les sites Web WordPress.<\/li>\n<li>Il s&rsquo;int\u00e8gre de mani\u00e8re transparente \u00e0 BBPress, permettant aux utilisateurs de cr\u00e9er et de participer aux forums en ligne directement \u00e0 partir de leurs profils.<\/li>\n<li>Le plugin fournit plusieurs fonctionnalit\u00e9s, notamment la messagerie priv\u00e9e, les mentions des utilisateurs et le taggage de sujet.<\/li>\n<li>Il vous permet de g\u00e9rer et de restreindre l&rsquo;acc\u00e8s au contenu en fonction des r\u00f4les utilisateur ou des niveaux d&rsquo;adh\u00e9sion.<\/li>\n<li>Le membre ultime BBPress comprend \u00e9galement une option pour les notifications par e-mail sur les nouveaux publications ou r\u00e9ponses du forum.<\/li>\n<li>Parfait pour les communaut\u00e9s, les cours en ligne ou tout site Web o\u00f9 l&rsquo;interaction et l&rsquo;engagement des utilisateurs sont essentiels.<\/li>\n<li>Le plugin est enti\u00e8rement r\u00e9actif et con\u00e7u pour des performances optimales sur tous les appareils.<\/li>\n<li>Il est facilement personnalisable, vous permettant de modifier l&rsquo;apparence de vos forums pour correspondre au th\u00e8me de votre site Web.<\/li>\n<li>Le membre ultime BBPress prend en charge plusieurs langues, ce qui le rend adapt\u00e9 aux sites Web internationaux.<\/li>\n<li>Il offre une documentation et une prise en charge approfondies pour une configuration et une utilisation faciles.<\/li>\n<\/ul>\n","protected":false},"excerpt":{"rendered":"<p>La fonction de membre ultime dans BBPress est un composant important dans l&rsquo;utilisation et la fonctionnalit\u00e9 globale de la plate-forme. Ce composant permet une plus grande interaction et un engagement am\u00e9lior\u00e9 entre les membres de la communaut\u00e9, enrichissant ainsi l&rsquo;exp\u00e9rience utilisateur. En tant qu&rsquo;outil puissant, la fonction de membre ultime \u00e9l\u00e8ve le potentiel de la plate-forme BBPress, ce qui en fait un choix id\u00e9al pour les personnes \u00e0 la recherche d&rsquo;une solution de forum compl\u00e8te et interactive.<\/p>\n","protected":false},"featured_media":146709,"comment_status":"open","ping_status":"open","template":"","meta":[],"product_brand":[2679],"product_cat":[1300,1181,1186],"product_tag":[2296],"class_list":{"0":"post-135745","1":"product","2":"type-product","3":"status-publish","4":"has-post-thumbnail","6":"product_brand-ultimate-member","7":"product_cat-adhesion","8":"product_cat-plugins","9":"product_cat-wordpress-plugins","10":"product_tag-ultimate-member","11":"member-discount","12":"discount-restricted","14":"first","15":"instock","16":"sale","17":"downloadable","18":"virtual","19":"sold-individually","20":"purchasable","21":"product-type-simple"},"_links":{"self":[{"href":"https:\/\/gpl-love.com\/fr\/wp-json\/wp\/v2\/product\/135745","targetHints":{"allow":["GET"]}}],"collection":[{"href":"https:\/\/gpl-love.com\/fr\/wp-json\/wp\/v2\/product"}],"about":[{"href":"https:\/\/gpl-love.com\/fr\/wp-json\/wp\/v2\/types\/product"}],"replies":[{"embeddable":true,"href":"https:\/\/gpl-love.com\/fr\/wp-json\/wp\/v2\/comments?post=135745"}],"wp:featuredmedia":[{"embeddable":true,"href":"https:\/\/gpl-love.com\/fr\/wp-json\/wp\/v2\/media\/146709"}],"wp:attachment":[{"href":"https:\/\/gpl-love.com\/fr\/wp-json\/wp\/v2\/media?parent=135745"}],"wp:term":[{"taxonomy":"product_brand","embeddable":true,"href":"https:\/\/gpl-love.com\/fr\/wp-json\/wp\/v2\/product_brand?post=135745"},{"taxonomy":"product_cat","embeddable":true,"href":"https:\/\/gpl-love.com\/fr\/wp-json\/wp\/v2\/product_cat?post=135745"},{"taxonomy":"product_tag","embeddable":true,"href":"https:\/\/gpl-love.com\/fr\/wp-json\/wp\/v2\/product_tag?post=135745"}],"curies":[{"name":"wp","href":"https:\/\/api.w.org\/{rel}","templated":true}]}}