{"id":135744,"date":"2024-08-31T00:00:00","date_gmt":"2024-08-30T22:00:00","guid":{"rendered":"https:\/\/gpl-love.com\/fr\/produit\/learnpress-course-wishlist\/"},"modified":"2026-03-20T23:58:11","modified_gmt":"2026-03-20T22:58:11","slug":"learnpress-course-wishlist","status":"publish","type":"product","link":"https:\/\/gpl-love.com\/fr\/produit\/learnpress-course-wishlist\/","title":{"rendered":"LearnPress Course Wishlist 4.0.8"},"content":{"rendered":"<h3>LearnPress Course Wishlist Traits<\/h3>\n<p>LearnPress Course WishList est un plugin essentiel pour tout site Web bas\u00e9 sur l&rsquo;\u00e9ducation. Ce plugin permet aux utilisateurs d&rsquo;ajouter des cours qu&rsquo;ils int\u00e9ressent \u00e0 une liste de souhaits pour r\u00e9f\u00e9rence future. En utilisant cet outil, les \u00e9tudiants peuvent facilement g\u00e9rer et suivre les cours auxquels ils ont l&rsquo;intention de s&rsquo;inscrire. La liste de souhaits de cours LearnPress est \u00e9galement incroyablement conviviale avec son interface facile \u00e0 utiliser. Il s&rsquo;int\u00e8gre parfaitement au syst\u00e8me LearnPress, ce qui en fait un outil indispensable pour les plateformes \u00e9ducatives. Ses fonctionnalit\u00e9s permettent aux utilisateurs d&rsquo;\u00e9conomiser leurs cours pr\u00e9f\u00e9r\u00e9s sans effort et de les visualiser plus tard, am\u00e9liorant efficacement l&rsquo;exp\u00e9rience utilisateur. Que vous soyez un \u00e9tudiant planifiant votre parcours d&rsquo;apprentissage ou un administrateur de site Web qui cherche un moyen efficace de g\u00e9rer les offres de cours, la liste de souhaits de cours LearnPress est une excellente solution.<\/p>\n<ul>\n<li>LearnPress Course WishList est un plugin efficace et convivial pour la plate-forme \u00e9ducative LearnPress.<\/li>\n<li>Permet aux utilisateurs d&rsquo;ajouter des cours souhait\u00e9s \u00e0 une liste de souhaits personnelle pour une r\u00e9f\u00e9rence ou un achat futur.<\/li>\n<li>Am\u00e9liore la plate-forme LearPress en fournissant un syst\u00e8me de stockage et de gestion pratique pour les cours.<\/li>\n<li>Id\u00e9al pour les \u00e9ducateurs et les apprenants, en aidant dans l&rsquo;organisation et la hi\u00e9rarchisation des cours.<\/li>\n<li>Interface simple et intuitive, parfaite pour les utilisateurs de toutes les capacit\u00e9s techniques.<\/li>\n<li>Stimule l&rsquo;engagement et encourage l&rsquo;apprentissage continu en permettant aux utilisateurs d&rsquo;\u00e9conomiser des cours int\u00e9ressants.<\/li>\n<li>Aide les utilisateurs \u00e0 suivre leurs progr\u00e8s d&rsquo;apprentissage et \u00e0 planifier leur parcours \u00e9ducatif.<\/li>\n<li>S&rsquo;int\u00e8gre parfaitement \u00e0 la plate-forme LearnPress, offrant une exp\u00e9rience fiable et sans tracas.<\/li>\n<li>Un excellent outil pour am\u00e9liorer l&rsquo;exp\u00e9rience utilisateur et la satisfaction sur tout site Web \u00e9ducatif.<\/li>\n<li>Permet aux \u00e9ducateurs de comprendre les pr\u00e9f\u00e9rences des cours des \u00e9tudiants, am\u00e9liorant ainsi les offres de cours.<\/li>\n<li>Disponible pour le t\u00e9l\u00e9chargement et l&rsquo;installation faciles; n\u00e9cessite une plate-forme LearnPress pour fonctionner.<\/li>\n<\/ul>\n","protected":false},"excerpt":{"rendered":"<p>La \u00ab\u00a0liste de souhaits de cours LearnPress\u00a0\u00bb est une fonctionnalit\u00e9 sp\u00e9cifique con\u00e7ue dans le but d&rsquo;am\u00e9liorer l&rsquo;exp\u00e9rience d&rsquo;apprentissage globale pour les utilisateurs. Cette fonctionnalit\u00e9 agit comme un r\u00e9f\u00e9rentiel personnel o\u00f9 les apprenants peuvent ajouter les cours pour lesquels ils ont un int\u00e9r\u00eat mais ne sont pas encore pr\u00eats \u00e0 s&rsquo;inscrire. Les utilisateurs peuvent ensuite acc\u00e9der facilement \u00e0 ces cours enregistr\u00e9s \u00e0 une date ult\u00e9rieure lorsqu&rsquo;ils sont pr\u00eats \u00e0 commencer \u00e0 apprendre. Cette caract\u00e9ristique de \u00abliste de souhaits\u00bb de LearnPress est particuli\u00e8rement b\u00e9n\u00e9fique pour ceux qui sont constamment en train d&rsquo;\u00e9largir leurs connaissances et leurs comp\u00e9tences, car il permet un processus d&rsquo;apprentissage plus organis\u00e9 et efficace.<\/p>\n","protected":false},"featured_media":146708,"comment_status":"open","ping_status":"open","template":"","meta":[],"product_brand":[2582],"product_cat":[1189,1181,1186],"product_tag":[2190],"class_list":{"0":"post-135744","1":"product","2":"type-product","3":"status-publish","4":"has-post-thumbnail","6":"product_brand-learnpress","7":"product_cat-personnalisation","8":"product_cat-plugins","9":"product_cat-wordpress-plugins","10":"product_tag-learnpress","11":"member-discount","12":"discount-restricted","14":"first","15":"instock","16":"sale","17":"downloadable","18":"virtual","19":"sold-individually","20":"purchasable","21":"product-type-simple"},"_links":{"self":[{"href":"https:\/\/gpl-love.com\/fr\/wp-json\/wp\/v2\/product\/135744","targetHints":{"allow":["GET"]}}],"collection":[{"href":"https:\/\/gpl-love.com\/fr\/wp-json\/wp\/v2\/product"}],"about":[{"href":"https:\/\/gpl-love.com\/fr\/wp-json\/wp\/v2\/types\/product"}],"replies":[{"embeddable":true,"href":"https:\/\/gpl-love.com\/fr\/wp-json\/wp\/v2\/comments?post=135744"}],"wp:featuredmedia":[{"embeddable":true,"href":"https:\/\/gpl-love.com\/fr\/wp-json\/wp\/v2\/media\/146708"}],"wp:attachment":[{"href":"https:\/\/gpl-love.com\/fr\/wp-json\/wp\/v2\/media?parent=135744"}],"wp:term":[{"taxonomy":"product_brand","embeddable":true,"href":"https:\/\/gpl-love.com\/fr\/wp-json\/wp\/v2\/product_brand?post=135744"},{"taxonomy":"product_cat","embeddable":true,"href":"https:\/\/gpl-love.com\/fr\/wp-json\/wp\/v2\/product_cat?post=135744"},{"taxonomy":"product_tag","embeddable":true,"href":"https:\/\/gpl-love.com\/fr\/wp-json\/wp\/v2\/product_tag?post=135744"}],"curies":[{"name":"wp","href":"https:\/\/api.w.org\/{rel}","templated":true}]}}