{"id":134697,"date":"2026-03-27T00:00:00","date_gmt":"2026-03-26T23:00:00","guid":{"rendered":"https:\/\/gpl-love.com\/fr\/produit\/real-media-library-folder-file-manager-plugin\/"},"modified":"2026-03-27T17:30:58","modified_gmt":"2026-03-27T16:30:58","slug":"real-media-library-folder-file-manager-plugin","status":"publish","type":"product","link":"https:\/\/gpl-love.com\/fr\/produit\/real-media-library-folder-file-manager-plugin\/","title":{"rendered":"WP Real Media Library 4.22.72"},"content":{"rendered":"<h3>WP Real Media Library Traits<\/h3>\n<p>WP Real Media Library est un plugin de biblioth\u00e8que de m\u00e9dias incroyablement sophistiqu\u00e9 et riche en fonctionnalit\u00e9s con\u00e7u sp\u00e9cifiquement pour WordPress. Sa fonction principale est de fournir aux utilisateurs la possibilit\u00e9 d&rsquo;organiser efficacement leurs fichiers multim\u00e9dias de mani\u00e8re organis\u00e9e et logique. En offrant la capacit\u00e9 de cr\u00e9er des dossiers, des sous-dossiers et m\u00eame des collections, ce plugin permet aux utilisateurs de classer sans effort leurs fichiers multim\u00e9dias, am\u00e9liorant ainsi l&rsquo;accessibilit\u00e9 globale et la facilit\u00e9 d&rsquo;utilisation. En outre, WP Real Media Library poss\u00e8de des fonctionnalit\u00e9s de recherche et de filtrage avanc\u00e9es, permettant aux utilisateurs de localiser rapidement et facilement des fichiers sp\u00e9cifiques, m\u00eame dans des collections \u00e9tendues. L&rsquo;un des aspects les plus impressionnants de ce plugin est sa personnalisation exceptionnelle, car il offre aux utilisateurs une pl\u00e9thore d&rsquo;options de disposition et de param\u00e8tres au choix. Cela permet non seulement aux utilisateurs d&rsquo;adapter l&rsquo;apparence et les fonctionnalit\u00e9s de leur biblioth\u00e8que de m\u00e9dias pour r\u00e9pondre \u00e0 leurs besoins et pr\u00e9f\u00e9rences sp\u00e9cifiques, mais assure \u00e9galement une int\u00e9gration transparente avec les constructeurs de pages populaires. De plus, la prise en charge de WP Real Media Library pour plusieurs langues am\u00e9liore encore sa polyvalence et son accessibilit\u00e9. En conclusion, WP Real Media Library est un outil indispensable pour les utilisateurs de WordPress qui se retrouvent aux prises avec la gestion et l&rsquo;organisation d&rsquo;une collection substantielle de fichiers multim\u00e9dias.<\/p>\n<ul>\n<li>Un puissant plugin de biblioth\u00e8que de m\u00e9dias pour les sites Web WordPress<\/li>\n<li>Fournit une interface intuitive pour organiser et g\u00e9rer tous les types de fichiers multim\u00e9dias (images, vid\u00e9os, audio et documents)<\/li>\n<li>Livr\u00e9 avec une gamme de fonctionnalit\u00e9s telles que le tri et la d\u00e9gradation du tri, la recherche rapide et les options d&rsquo;\u00e9dition en vrac<\/li>\n<li>Permet aux utilisateurs de cr\u00e9er des dossiers et des sous-dossiers personnalis\u00e9s pour cat\u00e9goriser leurs fichiers multim\u00e9dias<\/li>\n<li>Offre une int\u00e9gration transparente avec la biblioth\u00e8que m\u00e9diatique native de WordPress et les constructeurs et plugins de page tiers<\/li>\n<li>Aide \u00e0 am\u00e9liorer les performances du site Web en r\u00e9duisant le nombre de demandes HTTP faites par les fichiers multim\u00e9dias<\/li>\n<li>Fournit des options de filtrage avanc\u00e9es, permettant aux utilisateurs d&rsquo;affiner leur recherche de m\u00e9dia par type de fichier, taille, date et autres crit\u00e8res<\/li>\n<li>Offre une compatibilit\u00e9 compl\u00e8te avec la derni\u00e8re version de WordPress et est r\u00e9guli\u00e8rement mise \u00e0 jour avec de nouvelles fonctionnalit\u00e9s et des corrections de bogues<\/li>\n<li>Comprend une documentation utile et un support client pour aider les utilisateurs \u00e0 configurer et \u00e0 utiliser efficacement le plugin.<\/li>\n<\/ul>\n","protected":false},"excerpt":{"rendered":"<p>WP Real Media Library est un plugin WordPress exceptionnel qui a \u00e9t\u00e9 d\u00e9velopp\u00e9 pour vous aider \u00e0 organiser et g\u00e9rer sans effort vos fichiers multim\u00e9dias. Cet outil remarquable vous permet d&rsquo;\u00e9tablir des dossiers, des sous-dossiers et des collections, facilitant ainsi la disposition transparente de toutes vos photos, vid\u00e9os et documents. Adieu au chaos et d\u00e9sarroi, affligeant vos biblioth\u00e8ques de m\u00e9dias, car WP Real Media Library assure une approche rationalis\u00e9e pour localiser et r\u00e9cup\u00e9rer vos fichiers chaque fois que le besoin s&rsquo;en est fait. De plus, ses filtres de pointe et ses fonctionnalit\u00e9s de recherche permettent une identification rapide d&rsquo;\u00e9l\u00e9ments multim\u00e9dias sp\u00e9cifiques en fonction d&rsquo;un tableau de crit\u00e8res, y compris des mots cl\u00e9s, des types de fichiers et des dates. \u00c9levez l&rsquo;exp\u00e9rience de votre biblioth\u00e8que de m\u00e9dias \u00e0 des hauteurs sans pr\u00e9c\u00e9dent en adoptant sans d\u00e9lai les capacit\u00e9s remarquables de la biblioth\u00e8que de m\u00e9dias r\u00e9elle WP.<\/p>\n","protected":false},"featured_media":146191,"comment_status":"open","ping_status":"open","template":"","meta":[],"product_brand":[2708],"product_cat":[1187,1181,1186],"product_tag":[1339],"class_list":{"0":"post-134697","1":"product","2":"type-product","3":"status-publish","4":"has-post-thumbnail","6":"product_brand-real","7":"product_cat-administration-wordpress-plugins","8":"product_cat-plugins","9":"product_cat-wordpress-plugins","10":"product_tag-real","11":"member-discount","12":"discount-restricted","14":"first","15":"instock","16":"sale","17":"downloadable","18":"virtual","19":"sold-individually","20":"purchasable","21":"product-type-simple"},"_links":{"self":[{"href":"https:\/\/gpl-love.com\/fr\/wp-json\/wp\/v2\/product\/134697","targetHints":{"allow":["GET"]}}],"collection":[{"href":"https:\/\/gpl-love.com\/fr\/wp-json\/wp\/v2\/product"}],"about":[{"href":"https:\/\/gpl-love.com\/fr\/wp-json\/wp\/v2\/types\/product"}],"replies":[{"embeddable":true,"href":"https:\/\/gpl-love.com\/fr\/wp-json\/wp\/v2\/comments?post=134697"}],"wp:featuredmedia":[{"embeddable":true,"href":"https:\/\/gpl-love.com\/fr\/wp-json\/wp\/v2\/media\/146191"}],"wp:attachment":[{"href":"https:\/\/gpl-love.com\/fr\/wp-json\/wp\/v2\/media?parent=134697"}],"wp:term":[{"taxonomy":"product_brand","embeddable":true,"href":"https:\/\/gpl-love.com\/fr\/wp-json\/wp\/v2\/product_brand?post=134697"},{"taxonomy":"product_cat","embeddable":true,"href":"https:\/\/gpl-love.com\/fr\/wp-json\/wp\/v2\/product_cat?post=134697"},{"taxonomy":"product_tag","embeddable":true,"href":"https:\/\/gpl-love.com\/fr\/wp-json\/wp\/v2\/product_tag?post=134697"}],"curies":[{"name":"wp","href":"https:\/\/api.w.org\/{rel}","templated":true}]}}