{"id":134695,"date":"2025-10-29T00:00:00","date_gmt":"2025-10-28T23:00:00","guid":{"rendered":"https:\/\/gpl-love.com\/fr\/produit\/wp-all-import-pro-woocommerce-addon\/"},"modified":"2026-03-20T23:49:29","modified_gmt":"2026-03-20T22:49:29","slug":"wp-all-import-pro-woocommerce-addon","status":"publish","type":"product","link":"https:\/\/gpl-love.com\/fr\/produit\/wp-all-import-pro-woocommerce-addon\/","title":{"rendered":"WP All Import WooCommerce Addon 4.0.6"},"content":{"rendered":"<h3>WP All Import WooCommerce Addon Traits<\/h3>\n<p>Le WP All Import WooCommerce Addon est un outil robuste et tr\u00e8s efficace qui r\u00e9pond aux besoins des entreprises qui cherchent \u00e0 importer des donn\u00e9es cruciales dans leur magasin WooCommerce. Ce plugin incroyablement pratique accorde aux utilisateurs la capacit\u00e9 transparente d&rsquo;importer sans effort les donn\u00e9es de produit \u00e0 partir d&rsquo;un large \u00e9ventail de formats de fichiers, y compris les fichiers CSV, XML et Excel. De plus, il permet aux utilisateurs de cartographier sans effort ces donn\u00e9es import\u00e9es dans les champs appropri\u00e9s dans leur magasin WooCommerce, assurant ainsi un processus d&rsquo;int\u00e9gration de donn\u00e9es pr\u00e9cis et pr\u00e9cis.<\/p>\n<p>Ce qui distingue le WP, tous les addons de WooCommerce \u00e0 part, c&rsquo;est sa capacit\u00e9 remarquable \u00e0 importer non seulement des donn\u00e9es de produit, mais aussi des images, des variations et des attributs de produit. Cette fonctionnalit\u00e9 compl\u00e8te permet aux entreprises de rationaliser l&rsquo;ensemble de leur processus d&rsquo;importation de produits, ce qui entra\u00eene un temps important et des \u00e9conomies de ressources. En outre, l&rsquo;interface de l&rsquo;addon est incroyablement conviviale et intuitive, ce qui le rend facilement accessible aux utilisateurs de diff\u00e9rents arri\u00e8re-plans techniques.<\/p>\n<p>De plus, le WP All Import WooCommerce Addon offre une pl\u00e9thore d&rsquo;options personnalisables qui permettent aux entreprises d&rsquo;adapter leur syst\u00e8me de gestion de produits en fonction de leurs exigences uniques. Cette flexibilit\u00e9 in\u00e9gal\u00e9e garantit que les entreprises peuvent optimiser leurs ventes en ligne et augmenter leur productivit\u00e9 globale. \u00c0 la lumi\u00e8re de ces fonctionnalit\u00e9s remarquables, il est \u00e9vident que le WP, tous les importations de WooCommerce, est un outil indispensable pour toute entreprise qui s&rsquo;efforce d&rsquo;am\u00e9liorer leurs ventes en ligne et d&rsquo;\u00e9tablir un syst\u00e8me de gestion de produits plus efficace.<\/p>\n<ul>\n<li>Int\u00e8gre WP toutes les importations avec WooCommerce pour importer des produits et des attributs de produits<\/li>\n<li>Prend en charge l&rsquo;importation de variations de produits, d&rsquo;attributs, de cat\u00e9gories et de balises<\/li>\n<li>Vous permet de mapper les champs de produits WooCommerce \u00e0 votre fichier CSV ou XML<\/li>\n<li>Vous permet de cr\u00e9er de nouveaux produits ou de mettre \u00e0 jour ceux existants pendant le processus d&rsquo;importation<\/li>\n<li>D\u00e9finit automatiquement le type de produit correct pendant l&rsquo;importation<\/li>\n<li>Prise en charge multicangue avec compatibilit\u00e9 WPML<\/li>\n<li>Prend en charge les champs de produits personnalis\u00e9s ajout\u00e9s par d&rsquo;autres plugins ou th\u00e8mes<\/li>\n<li>Fournit des rapports d&rsquo;erreur d\u00e9taill\u00e9s et des journaux pour aider \u00e0 r\u00e9soudre les probl\u00e8mes d&rsquo;importation<\/li>\n<li>Livr\u00e9 avec un support d\u00e9di\u00e9 et des mises \u00e0 jour r\u00e9guli\u00e8res des d\u00e9veloppeurs<\/li>\n<\/ul>\n","protected":false},"excerpt":{"rendered":"<p>Le WP All Import WooCommerce Addon, qui poss\u00e8de une quantit\u00e9 consid\u00e9rable de puissance, sert d&rsquo;outil remarquable capable de faciliter l&rsquo;importation et l&rsquo;exportation sans effort de produits de votre magasin WooCommerce. En utilisant cet addon remarquable, vous pouvez t\u00e9l\u00e9charger rapidement de nouveaux produits, modifier ceux pr\u00e9existants et superviser efficacement les attributs de produits cruciaux tels que les images, les descriptions d\u00e9taill\u00e9es et les prix. Cet outil incroyablement polyvalent est une aubaine absolue pour les individus souhaitant rationaliser leur processus de gestion des produits et, par cons\u00e9quent, lib\u00e9rer un temps pr\u00e9cieux. Que vous soyez propri\u00e9taire d&rsquo;une entreprise de taille modeste ou d&rsquo;un magnat commandant une soci\u00e9t\u00e9 colossale, le WP All Import WooCommerce Addon est sans \u00e9quivoque votre solution ultime pour g\u00e9rer sans effort votre boutique en ligne.<\/p>\n","protected":false},"featured_media":146133,"comment_status":"open","ping_status":"open","template":"","meta":[],"product_brand":[2436],"product_cat":[1187,1181,1186],"product_tag":[1411],"class_list":{"0":"post-134695","1":"product","2":"type-product","3":"status-publish","4":"has-post-thumbnail","6":"product_brand-wp-all-import","7":"product_cat-administration-wordpress-plugins","8":"product_cat-plugins","9":"product_cat-wordpress-plugins","10":"product_tag-wp-all-import","11":"member-discount","12":"discount-restricted","14":"first","15":"instock","16":"sale","17":"downloadable","18":"virtual","19":"sold-individually","20":"purchasable","21":"product-type-simple"},"_links":{"self":[{"href":"https:\/\/gpl-love.com\/fr\/wp-json\/wp\/v2\/product\/134695","targetHints":{"allow":["GET"]}}],"collection":[{"href":"https:\/\/gpl-love.com\/fr\/wp-json\/wp\/v2\/product"}],"about":[{"href":"https:\/\/gpl-love.com\/fr\/wp-json\/wp\/v2\/types\/product"}],"replies":[{"embeddable":true,"href":"https:\/\/gpl-love.com\/fr\/wp-json\/wp\/v2\/comments?post=134695"}],"wp:featuredmedia":[{"embeddable":true,"href":"https:\/\/gpl-love.com\/fr\/wp-json\/wp\/v2\/media\/146133"}],"wp:attachment":[{"href":"https:\/\/gpl-love.com\/fr\/wp-json\/wp\/v2\/media?parent=134695"}],"wp:term":[{"taxonomy":"product_brand","embeddable":true,"href":"https:\/\/gpl-love.com\/fr\/wp-json\/wp\/v2\/product_brand?post=134695"},{"taxonomy":"product_cat","embeddable":true,"href":"https:\/\/gpl-love.com\/fr\/wp-json\/wp\/v2\/product_cat?post=134695"},{"taxonomy":"product_tag","embeddable":true,"href":"https:\/\/gpl-love.com\/fr\/wp-json\/wp\/v2\/product_tag?post=134695"}],"curies":[{"name":"wp","href":"https:\/\/api.w.org\/{rel}","templated":true}]}}