{"id":134693,"date":"2026-04-18T00:00:00","date_gmt":"2026-04-17T22:00:00","guid":{"rendered":"https:\/\/gpl-love.com\/fr\/produit\/smart-manager-pro\/"},"modified":"2026-04-19T00:31:18","modified_gmt":"2026-04-18T22:31:18","slug":"smart-manager-pro","status":"publish","type":"product","link":"https:\/\/gpl-love.com\/fr\/produit\/smart-manager-pro\/","title":{"rendered":"WooCommerce Smart Manager Pro 8.86.0"},"content":{"rendered":"<h3>WooCommerce Smart Manager Pro Traits<\/h3>\n<p>WooCommerce Smart Manager Pro, une extension incroyablement robuste trait\u00e9e aux d\u00e9taillants en ligne qui cherchent un moyen plus efficace de g\u00e9rer leurs produits, se pr\u00e9sente comme un atout indispensable. Ce plugin remarquable pr\u00e9sente une interface intuitive qui facilite l&rsquo;\u00e9dition et la mise \u00e0 jour en vrac transparentes des produits, permettant ainsi aux propri\u00e9taires de magasins de rationaliser efficacement leur flux de travail et de maximiser leur temps pr\u00e9cieux. Gr\u00e2ce \u00e0 l&rsquo;utilisation de Smart Manager Pro, les utilisateurs ont la possibilit\u00e9 de modifier sans effort les d\u00e9tails des produits, les informations de tarification, les niveaux d&rsquo;inventaire et bien plus encore, le tout de la commodit\u00e9 d&rsquo;un \u00e9cran solitaire, sans le besoin failli de naviguer dans un assortiment de pages disparates . Cette extension exemplaire poss\u00e8de \u00e9galement un tableau d&rsquo;outils de recherche et de filtrage avanc\u00e9s qui simplifient le processus de localisation et de gestion efficace de produits ou de cat\u00e9gories sp\u00e9cifiques. En substance, WooCommerce Smart Manager Pro est sans \u00e9quivoque un outil indispensable que chaque d\u00e9taillant en ligne exigeant devrait adopter avec impatience afin d&rsquo;augmenter et d&rsquo;\u00e9lever leur processus de gestion des produits \u00e0 des hauteurs sans pr\u00e9c\u00e9dent.<\/p>\n<ul>\n<li>Maximisez votre productivit\u00e9 et votre efficacit\u00e9 avec le plugin WooCommerce Smart Manager Pro<\/li>\n<li>Rationalisez votre gestion du magasin de commerce \u00e9lectronique avec une interface intuitive et conviviale<\/li>\n<li>G\u00e9rer et modifier facilement les donn\u00e9es des produits, y compris les prix, les niveaux de stock, les titres et les descriptions<\/li>\n<li>Gagner du temps avec l&rsquo;\u00e9dition en vrac et mettre \u00e0 jour rapidement plusieurs produits \u00e0 la fois<\/li>\n<li>Surveiller et remplir les commandes avec facilit\u00e9, y compris les num\u00e9ros de suivi, les statuts d&rsquo;exp\u00e9dition et les informations du client<\/li>\n<li>Utilisez des rapports et des analyses d\u00e9taill\u00e9s pour obtenir des informations pr\u00e9cieuses sur les performances de votre magasin<\/li>\n<li>Int\u00e9grez \u00e0 d&rsquo;autres plugins WooCommerce populaires pour encore plus de fonctionnalit\u00e9s et d&rsquo;options de personnalisation<\/li>\n<li>Gardez votre magasin en marche avec des sauvegardes automatis\u00e9es et planifi\u00e9es, en assurant la s\u00e9curit\u00e9 des donn\u00e9es et la tranquillit\u00e9 d&rsquo;esprit.<\/li>\n<\/ul>\n","protected":false},"excerpt":{"rendered":"<p>WooCommerce Smart Manager Pro est un plugin incroyablement robuste et tr\u00e8s efficace qui poss\u00e8de la capacit\u00e9 remarquable d&rsquo;\u00e9lever votre magasin WooCommerce \u00e0 des hauteurs sans pr\u00e9c\u00e9dent. Cet outil extraordinaire vous permet de superviser et de contr\u00f4ler sans effort tous les aspects de votre magasin, y compris les produits, les clients et les commandes, le tout \u00e0 partir d&rsquo;un tableau de bord singulier et remarquablement convivial. La commodit\u00e9 et l&rsquo;efficacit\u00e9 de ce plugin sont encore am\u00e9lior\u00e9es par la fonctionnalit\u00e9 inestimable de pouvoir ex\u00e9cuter des modifications, des filtres et des recherches \u00e0 grande \u00e9chelle sur vos produits et vos commandes, vous permettant ainsi de g\u00e9rer de mani\u00e8re experte l&rsquo;inventaire de votre magasin avec une facilit\u00e9 in\u00e9gal\u00e9e. De plus, le plugin vous accorde la capacit\u00e9 inestimable \u00e0 fa\u00e7onner les champs personnalis\u00e9s, \u00e0 g\u00e9rer efficacement les variations et \u00e0 mettre \u00e0 jour efficacement les prix en vrac. De plus, l&rsquo;inclusion de rapports d\u00e9taill\u00e9s et complets fortifie en outre vos capacit\u00e9s de prise de d\u00e9cision en vous fournissant des informations pr\u00e9cieuses sur les performances de votre magasin, facilitant ainsi la formulation de choix bien inform\u00e9s. Avec ses fonctionnalit\u00e9s avanc\u00e9es et de pointe, il ne fait aucun doute que Smart Manager Pro est en effet l&rsquo;outil ultime et indispensable pour g\u00e9rer de mani\u00e8re transparente tous les aspects de votre magasin WooCommerce.<\/p>\n","protected":false},"featured_media":146030,"comment_status":"open","ping_status":"open","template":"","meta":[],"product_brand":[2700],"product_cat":[1183,1182,1181],"product_tag":[1353],"class_list":{"0":"post-134693","1":"product","2":"type-product","3":"status-publish","4":"has-post-thumbnail","6":"product_brand-storeapps","7":"product_cat-administration","8":"product_cat-commerce-electronique-plugins","9":"product_cat-plugins","10":"product_tag-storeapps","11":"member-discount","12":"discount-restricted","14":"first","15":"instock","16":"sale","17":"downloadable","18":"virtual","19":"sold-individually","20":"purchasable","21":"product-type-simple"},"_links":{"self":[{"href":"https:\/\/gpl-love.com\/fr\/wp-json\/wp\/v2\/product\/134693","targetHints":{"allow":["GET"]}}],"collection":[{"href":"https:\/\/gpl-love.com\/fr\/wp-json\/wp\/v2\/product"}],"about":[{"href":"https:\/\/gpl-love.com\/fr\/wp-json\/wp\/v2\/types\/product"}],"replies":[{"embeddable":true,"href":"https:\/\/gpl-love.com\/fr\/wp-json\/wp\/v2\/comments?post=134693"}],"wp:featuredmedia":[{"embeddable":true,"href":"https:\/\/gpl-love.com\/fr\/wp-json\/wp\/v2\/media\/146030"}],"wp:attachment":[{"href":"https:\/\/gpl-love.com\/fr\/wp-json\/wp\/v2\/media?parent=134693"}],"wp:term":[{"taxonomy":"product_brand","embeddable":true,"href":"https:\/\/gpl-love.com\/fr\/wp-json\/wp\/v2\/product_brand?post=134693"},{"taxonomy":"product_cat","embeddable":true,"href":"https:\/\/gpl-love.com\/fr\/wp-json\/wp\/v2\/product_cat?post=134693"},{"taxonomy":"product_tag","embeddable":true,"href":"https:\/\/gpl-love.com\/fr\/wp-json\/wp\/v2\/product_tag?post=134693"}],"curies":[{"name":"wp","href":"https:\/\/api.w.org\/{rel}","templated":true}]}}