{"id":134691,"date":"2026-02-26T00:00:00","date_gmt":"2026-02-25T23:00:00","guid":{"rendered":"https:\/\/gpl-love.com\/fr\/produit\/ultimate-addons-for-elementor\/"},"modified":"2026-04-10T18:44:07","modified_gmt":"2026-04-10T16:44:07","slug":"ultimate-addons-for-elementor","status":"publish","type":"product","link":"https:\/\/gpl-love.com\/fr\/produit\/ultimate-addons-for-elementor\/","title":{"rendered":"Ultimate Addons pour Elementor 1.44.2"},"content":{"rendered":"<h3>Ultimate Addons pour Elementor Traits<\/h3>\n<p>Les addons ultimes pour Elementor, un plugin remarquablement robuste, sert \u00e0 augmenter les capacit\u00e9s d\u00e9j\u00e0 impressionnantes du constructeur de page Elementor. Ce plugin poss\u00e8de une interface incroyablement conviviale et une vaste collection de widgets et de modules, permettant \u00e0 ses utilisateurs de g\u00e9n\u00e9rer sans effort des sites Web visuellement frappants et enti\u00e8rement personnalisables. En raison de son inclusion d&rsquo;un tableau de fonctionnalit\u00e9s avanc\u00e9es, telles que la typographie am\u00e9lior\u00e9e, le CSS personnalisable et le contr\u00f4le de conception r\u00e9actif, les addons ultimes pour Elementor sont devenus un outil indispensable pour les concepteurs de sites Web et les d\u00e9veloppeurs. Peu importe que l&rsquo;objectif soit de construire un blog, un site de commerce \u00e9lectronique ou un portefeuille, ce plugin remarquable est pr\u00eat \u00e0 fournir tous les \u00e9l\u00e9ments n\u00e9cessaires pour propulser son site Web au prochain \u00e9chelon d&rsquo;excellence.<\/p>\n<ul>\n<li>Fournit plus de 150 widgets avanc\u00e9s pour am\u00e9liorer votre exp\u00e9rience Elementor Page Builder<\/li>\n<li>Comprend des widgets pour les m\u00e9dias sociaux, le marketing, les formulaires, les tables de tarification et plus encore<\/li>\n<li>Offre des options de style uniques pour concevoir vos widgets exactement comment vous les voulez<\/li>\n<li>Livr\u00e9 avec un en-t\u00eate et un pied de page enti\u00e8rement personnalisables, permettant un contr\u00f4le complet sur la conception de votre site<\/li>\n<li>Offre des options de mise en page avanc\u00e9es, telles que plusieurs colonnes et bo\u00eetes de contenu<\/li>\n<li>Compatible avec WooCommerce, permettant une int\u00e9gration facile avec votre boutique en ligne<\/li>\n<li>Prend en charge le contenu dynamique, vous permettant d&rsquo;afficher des informations en fonction de la saisie des utilisateurs ou d&rsquo;autres conditions<\/li>\n<li>Fournit des mises \u00e0 jour r\u00e9guli\u00e8res et de nouveaux widgets pour garder votre site frais et \u00e0 jour<\/li>\n<li>Comprend une documentation d\u00e9taill\u00e9e et un excellent support client pour toute question ou probl\u00e8me<\/li>\n<li>Les utilisateurs permettent aux utilisateurs de faire passer leur exp\u00e9rience Elementor au niveau sup\u00e9rieur, avec des possibilit\u00e9s infinies de cr\u00e9ativit\u00e9 et de personnalisation.<\/li>\n<\/ul>\n","protected":false},"excerpt":{"rendered":"<p>Les addons ultimes pour Elementor, un outil tr\u00e8s polyvalent qui sert \u00e0 amplifier les capacit\u00e9s du constructeur de page Elementor, s&rsquo;av\u00e8re \u00eatre un atout indispensable pour les utilisateurs qui cherchent \u00e0 \u00e9lever les conceptions de leur site Web. B\u00e9n\u00e9ficiant d&rsquo;un assortiment impressionnant de plus de 45 widgets et extensions, cet outil remarquable donne aux individus la commodit\u00e9 et la flexibilit\u00e9 pour adapter les conceptions de leur site Web pour r\u00e9pondre sans effort \u00e0 leurs pr\u00e9f\u00e9rences. Gr\u00e2ce \u00e0 son interface conviviale et \u00e0 ses mod\u00e8les id\u00e9alement pr\u00e9-con\u00e7us, les individus sont autoris\u00e9s \u00e0 incorporer rapidement des fonctionnalit\u00e9s complexes, telles que des animations captivantes, des carrousels captivants et des tables de prix passionnantes. En outre, les addons ultimes pour Elementor s&rsquo;int\u00e8grent de mani\u00e8re transparente avec la plate-forme WooCommerce et les plugins multilingues, dominant ainsi les entreprises en ligne avec un large \u00e9ventail d&rsquo;options \u00e0 explorer et \u00e0 exploiter. \u00c0 la lumi\u00e8re de ses innombrables avantages et de ses performances exceptionnelles, il devient clairement clair que ce plugin est une n\u00e9cessit\u00e9 absolue pour les concepteurs et les d\u00e9veloppeurs qui aspirent \u00e0 transcender les limites de leurs projets Elementor et \u00e0 atteindre de nouveaux sommets de cr\u00e9ativit\u00e9 et d&rsquo;innovation.<\/p>\n","protected":false},"featured_media":145631,"comment_status":"open","ping_status":"open","template":"","meta":[],"product_brand":[2462],"product_cat":[1189,1181,1186],"product_tag":[2349],"class_list":{"0":"post-134691","1":"product","2":"type-product","3":"status-publish","4":"has-post-thumbnail","6":"product_brand-brainstorm-force","7":"product_cat-personnalisation","8":"product_cat-plugins","9":"product_cat-wordpress-plugins","10":"product_tag-brainstorm-force","11":"member-discount","12":"discount-restricted","14":"first","15":"instock","16":"sale","17":"downloadable","18":"virtual","19":"sold-individually","20":"purchasable","21":"product-type-simple"},"_links":{"self":[{"href":"https:\/\/gpl-love.com\/fr\/wp-json\/wp\/v2\/product\/134691","targetHints":{"allow":["GET"]}}],"collection":[{"href":"https:\/\/gpl-love.com\/fr\/wp-json\/wp\/v2\/product"}],"about":[{"href":"https:\/\/gpl-love.com\/fr\/wp-json\/wp\/v2\/types\/product"}],"replies":[{"embeddable":true,"href":"https:\/\/gpl-love.com\/fr\/wp-json\/wp\/v2\/comments?post=134691"}],"wp:featuredmedia":[{"embeddable":true,"href":"https:\/\/gpl-love.com\/fr\/wp-json\/wp\/v2\/media\/145631"}],"wp:attachment":[{"href":"https:\/\/gpl-love.com\/fr\/wp-json\/wp\/v2\/media?parent=134691"}],"wp:term":[{"taxonomy":"product_brand","embeddable":true,"href":"https:\/\/gpl-love.com\/fr\/wp-json\/wp\/v2\/product_brand?post=134691"},{"taxonomy":"product_cat","embeddable":true,"href":"https:\/\/gpl-love.com\/fr\/wp-json\/wp\/v2\/product_cat?post=134691"},{"taxonomy":"product_tag","embeddable":true,"href":"https:\/\/gpl-love.com\/fr\/wp-json\/wp\/v2\/product_tag?post=134691"}],"curies":[{"name":"wp","href":"https:\/\/api.w.org\/{rel}","templated":true}]}}