{"id":134689,"date":"2026-02-18T00:00:00","date_gmt":"2026-02-17T23:00:00","guid":{"rendered":"https:\/\/gpl-love.com\/fr\/produit\/ultimate-addons-for-beaver-builder\/"},"modified":"2026-04-10T18:44:06","modified_gmt":"2026-04-10T16:44:06","slug":"ultimate-addons-for-beaver-builder","status":"publish","type":"product","link":"https:\/\/gpl-love.com\/fr\/produit\/ultimate-addons-for-beaver-builder\/","title":{"rendered":"Ultimate Addons pour Beaver Builder 1.37.2"},"content":{"rendered":"<h3>Ultimate Addons pour Beaver Builder Traits<\/h3>\n<p>Les addons ultimes de Beaver Builder sont un plugin extr\u00eamement robuste et global qui augmente consid\u00e9rablement la fonctionnalit\u00e9 du Builder Builder de Beaver Builder largement acclam\u00e9. Il accorde aux utilisateurs un r\u00e9f\u00e9rentiel complet rempli d&rsquo;un \u00e9ventail de modules et de mod\u00e8les qui peuvent \u00eatre personnalis\u00e9s sans effort, facilitant ainsi la cr\u00e9ation et la construction transparentes de sites Web de haute qualit\u00e9 qui d\u00e9gagent le professionnalisme. Avec son interface de glisser-d\u00e9poser remarquablement conviviale et un assortiment abondant d&rsquo;options de personnalisation, les addons ultimes pour le constructeur de castors autorisent les utilisateurs \u00e0 fa\u00e7onner sans effort les pages captivantes visuellement qui ne peuvent pas laisser une impression durable. Peu importe que l&rsquo;on soit un n\u00e9ophyte ou un concepteur Web assaisonn\u00e9, ce plugin est un instrument indispensable pour conclure des sites Web visuellement attrayants et hautement fonctionnels en exploitant les capacit\u00e9s du constructeur de castors.<\/p>\n<ul>\n<li>Les addons ultimes pour Beaver Builder sont un ensemble puissant de modules compl\u00e9mentaires qui peuvent vous aider \u00e0 am\u00e9liorer la fonctionnalit\u00e9 et la conception de votre site Web.<\/li>\n<li>Avec plus de 50 modules uniques, il offre un degr\u00e9 incroyable de personnalisation et de flexibilit\u00e9 pour vous aider \u00e0 atteindre l&rsquo;aspect et la sensation souhait\u00e9s.<\/li>\n<li>Il comprend des modules pour les galeries d&rsquo;images avanc\u00e9es, les types de messages personnalis\u00e9s, les effets de texte anim\u00e9s, les cartes interactives et bien plus encore.<\/li>\n<li>Les addons ultimes de Beaver Builder sont \u00e9galement livr\u00e9s avec des mod\u00e8les et des blocs pr\u00e9-con\u00e7us que vous pouvez facilement personnaliser et utiliser dans les conceptions de votre site Web.<\/li>\n<li>Avec sa simple interface de glisser-d\u00e9poser, la cr\u00e9ation de pages belles et fonctionnelles n&rsquo;a jamais \u00e9t\u00e9 aussi simple.<\/li>\n<li>Il est enti\u00e8rement compatible avec le plugin Beaver Builder, ce qui en fait un excellent ajout \u00e0 votre flux de travail existant.<\/li>\n<li>Que vous soyez un concepteur de sites Web chevronn\u00e9 ou que vous commenciez simplement, les addons ultimes pour Beaver Builder sont un outil essentiel pour cr\u00e9er des sites Web incroyables sans aucune comp\u00e9tence de codage ni connaissance technique.<\/li>\n<li>Avec ses fonctionnalit\u00e9s compl\u00e8tes et sa facilit\u00e9 d&rsquo;utilisation, il n&rsquo;est pas \u00e9tonnant que des milliers d&rsquo;utilisateurs lui fassent confiance pour les aider \u00e0 \u00e9lever les conceptions de leur site Web au niveau sup\u00e9rieur.<\/li>\n<\/ul>\n","protected":false},"excerpt":{"rendered":"<p>Les addons ultimes de Beaver Builder englobe un assortiment complet d&rsquo;outils robustes qui augmentent efficacement la fonctionnalit\u00e9 du plugin de g\u00e9n\u00e9rateur de pages largement utilis\u00e9. En int\u00e9grant ce module compl\u00e9mentaire notable dans votre site Web, vous pouvez fabriquer sans effort une vaste gamme de pages visuellement frappantes et engageantes dynamiquement. Cette extension exceptionnelle poss\u00e8de un \u00e9ventail de plus de 65 modules distinctifs, ainsi qu&rsquo;une accumulation substantielle de plus de 100 mod\u00e8les m\u00e9ticuleusement con\u00e7us pour les pages et les sections, tous m\u00e9ticuleusement con\u00e7us pour infuser votre site Web avec un sentiment de distinction in\u00e9gal\u00e9. Avec un vaste r\u00e9pertoire qui englobe les galeries d&rsquo;images et de vid\u00e9o avanc\u00e9es, les animations captivantes et la typographie visuellement saisissante, les addons ultimes de Beaver Builder englobent vraiment tous les \u00e9l\u00e9ments essentiels requis pour propulser votre site Web \u00e0 des sommets d&rsquo;excellence sans pr\u00e9c\u00e9dent.<\/p>\n","protected":false},"featured_media":145630,"comment_status":"open","ping_status":"open","template":"","meta":[],"product_brand":[2462],"product_cat":[1189,1181,1186],"product_tag":[2349],"class_list":{"0":"post-134689","1":"product","2":"type-product","3":"status-publish","4":"has-post-thumbnail","6":"product_brand-brainstorm-force","7":"product_cat-personnalisation","8":"product_cat-plugins","9":"product_cat-wordpress-plugins","10":"product_tag-brainstorm-force","11":"member-discount","12":"discount-restricted","14":"first","15":"instock","16":"sale","17":"downloadable","18":"virtual","19":"sold-individually","20":"purchasable","21":"product-type-simple"},"_links":{"self":[{"href":"https:\/\/gpl-love.com\/fr\/wp-json\/wp\/v2\/product\/134689","targetHints":{"allow":["GET"]}}],"collection":[{"href":"https:\/\/gpl-love.com\/fr\/wp-json\/wp\/v2\/product"}],"about":[{"href":"https:\/\/gpl-love.com\/fr\/wp-json\/wp\/v2\/types\/product"}],"replies":[{"embeddable":true,"href":"https:\/\/gpl-love.com\/fr\/wp-json\/wp\/v2\/comments?post=134689"}],"wp:featuredmedia":[{"embeddable":true,"href":"https:\/\/gpl-love.com\/fr\/wp-json\/wp\/v2\/media\/145630"}],"wp:attachment":[{"href":"https:\/\/gpl-love.com\/fr\/wp-json\/wp\/v2\/media?parent=134689"}],"wp:term":[{"taxonomy":"product_brand","embeddable":true,"href":"https:\/\/gpl-love.com\/fr\/wp-json\/wp\/v2\/product_brand?post=134689"},{"taxonomy":"product_cat","embeddable":true,"href":"https:\/\/gpl-love.com\/fr\/wp-json\/wp\/v2\/product_cat?post=134689"},{"taxonomy":"product_tag","embeddable":true,"href":"https:\/\/gpl-love.com\/fr\/wp-json\/wp\/v2\/product_tag?post=134689"}],"curies":[{"name":"wp","href":"https:\/\/api.w.org\/{rel}","templated":true}]}}