{"id":134687,"date":"2026-01-12T00:00:00","date_gmt":"2026-01-11T23:00:00","guid":{"rendered":"https:\/\/gpl-love.com\/fr\/produit\/tutor-lms-pro\/"},"modified":"2026-04-10T18:43:59","modified_gmt":"2026-04-10T16:43:59","slug":"tutor-lms-pro","status":"publish","type":"product","link":"https:\/\/gpl-love.com\/fr\/produit\/tutor-lms-pro\/","title":{"rendered":"Tutor LMS Pro 3.9.8"},"content":{"rendered":"<h3>Tutor LMS Pro Traits<\/h3>\n<p>Tutor LMS Pro, une plate-forme de learning innovante, offre aux utilisateurs la commodit\u00e9 de cr\u00e9er et de g\u00e9rer sans effort des cours en ligne. Cet outil remarquable r\u00e9pond aux besoins des \u00e9ducateurs, des \u00e9coles et des entreprises qui cherchent \u00e0 offrir des exp\u00e9riences d&rsquo;apprentissage engageantes et percutantes. Gr\u00e2ce \u00e0 Tutor LMS Pro, les utilisateurs ont la possibilit\u00e9 de g\u00e9rer des cours sur mesure, de superviser les inscriptions et les progr\u00e8s des \u00e9tudiants, ainsi que de surveiller les mesures de performance. De plus, cette plate-forme pr\u00e9sente une gamme diversifi\u00e9e de fonctionnalit\u00e9s, notamment des quiz, des affectations, des certificats et un support multim\u00e9dia, qui servent \u00e0 augmenter le processus d&rsquo;apprentissage global. En outre, Tutor LMS Pro poss\u00e8de un degr\u00e9 \u00e9lev\u00e9 de personnalisation, offrant aux utilisateurs la possibilit\u00e9 de personnaliser leurs cours en ligne conform\u00e9ment \u00e0 leurs exigences sp\u00e9cifiques. Dans l&rsquo;ensemble, Tutor LMS Pro est un choix exceptionnel pour les individus \u00e0 la recherche d&rsquo;une plate-forme d&rsquo;apprentissage en ligne intuitive et efficace.<\/p>\n<ul>\n<li>Syst\u00e8me de gestion avanc\u00e9e de l&rsquo;apprentissage con\u00e7u pour les tuteurs et les \u00e9ducateurs<\/li>\n<li>Fournit des outils de cr\u00e9ation de cours et de gestion faciles<\/li>\n<li>Offre des dispositions de cours et de quiz personnalisables<\/li>\n<li>Comprend un puissant constructeur de quiz avec plusieurs types de questions<\/li>\n<li>Prend en charge le contenu vid\u00e9o et audio pour engager des exp\u00e9riences p\u00e9dagogiques<\/li>\n<li>Permet la cr\u00e9ation de quiz et d&rsquo;\u00e9valuations avec un gradation automatique<\/li>\n<li>Offre une vari\u00e9t\u00e9 d&rsquo;options de passerelle de paiement pour les achats de cours et les abonnements<\/li>\n<li>Fournit des rapports et des analyses d\u00e9taill\u00e9s pour suivre les progr\u00e8s et les performances des \u00e9l\u00e8ves<\/li>\n<li>S&rsquo;int\u00e8gre \u00e0 des plugins et des outils populaires comme WooCommerce, MailChimp, et plus<\/li>\n<li>Offre une prise en charge multi-langues pour l&rsquo;accessibilit\u00e9 mondiale<\/li>\n<\/ul>\n","protected":false},"excerpt":{"rendered":"<p>Tutor LMS Pro, un syst\u00e8me de gestion d&rsquo;apprentissage remarquablement puissant et convivial, pr\u00e9sente une exp\u00e9rience transparente pour l&rsquo;\u00e9laboration et la supervision des cours en ligne sans effort. En raison de son interface intuitive et de son \u00e9ventail complet de fonctionnalit\u00e9s, Tutor LMS Pro vous permet de fabriquer des cours captivants et interactifs qui sont garantis pour attirer vos \u00e9tudiants et favoriser leur engagement durable. Que vous assumiez le r\u00f4le d&rsquo;un \u00e9ducateur, d&rsquo;un instructeur ou d&rsquo;un entrepreneur, Tutor LMS Pro sert de rem\u00e8de d\u00e9finitif \u00e0 tous ceux qui cherchent \u00e0 dispenser une \u00e9ducation de haut niveau dans le domaine de l&rsquo;apprentissage en ligne. Alors qu&rsquo;est-ce que tu attends? Ne perdez pas de temps et vous lancez dans votre voyage de conservation de vos propres cours en ligne avec les prouesses in\u00e9gal\u00e9es de Tutor LMS Pro!<\/p>\n","protected":false},"featured_media":145622,"comment_status":"open","ping_status":"open","template":"","meta":[],"product_brand":[2527],"product_cat":[1189,1181,1186],"product_tag":[1451],"class_list":{"0":"post-134687","1":"product","2":"type-product","3":"status-publish","4":"has-post-thumbnail","6":"product_brand-themeum","7":"product_cat-personnalisation","8":"product_cat-plugins","9":"product_cat-wordpress-plugins","10":"product_tag-themeum","11":"member-discount","12":"discount-restricted","14":"first","15":"instock","16":"sale","17":"downloadable","18":"virtual","19":"sold-individually","20":"purchasable","21":"product-type-simple"},"_links":{"self":[{"href":"https:\/\/gpl-love.com\/fr\/wp-json\/wp\/v2\/product\/134687","targetHints":{"allow":["GET"]}}],"collection":[{"href":"https:\/\/gpl-love.com\/fr\/wp-json\/wp\/v2\/product"}],"about":[{"href":"https:\/\/gpl-love.com\/fr\/wp-json\/wp\/v2\/types\/product"}],"replies":[{"embeddable":true,"href":"https:\/\/gpl-love.com\/fr\/wp-json\/wp\/v2\/comments?post=134687"}],"wp:featuredmedia":[{"embeddable":true,"href":"https:\/\/gpl-love.com\/fr\/wp-json\/wp\/v2\/media\/145622"}],"wp:attachment":[{"href":"https:\/\/gpl-love.com\/fr\/wp-json\/wp\/v2\/media?parent=134687"}],"wp:term":[{"taxonomy":"product_brand","embeddable":true,"href":"https:\/\/gpl-love.com\/fr\/wp-json\/wp\/v2\/product_brand?post=134687"},{"taxonomy":"product_cat","embeddable":true,"href":"https:\/\/gpl-love.com\/fr\/wp-json\/wp\/v2\/product_cat?post=134687"},{"taxonomy":"product_tag","embeddable":true,"href":"https:\/\/gpl-love.com\/fr\/wp-json\/wp\/v2\/product_tag?post=134687"}],"curies":[{"name":"wp","href":"https:\/\/api.w.org\/{rel}","templated":true}]}}