{"id":134685,"date":"2022-02-09T00:00:00","date_gmt":"2022-02-08T23:00:00","guid":{"rendered":"https:\/\/gpl-love.com\/fr\/produit\/true-mag-wordpress-theme-for-video-and-magazine\/"},"modified":"2026-04-10T18:43:56","modified_gmt":"2026-04-10T16:43:56","slug":"true-mag-wordpress-theme-for-video-and-magazine","status":"publish","type":"product","link":"https:\/\/gpl-love.com\/fr\/produit\/true-mag-wordpress-theme-for-video-and-magazine\/","title":{"rendered":"True Mag WordPress Th\u00e8me pour Video et Magazine 4.3.10"},"content":{"rendered":"<h3>True Mag WordPress Th\u00e8me pour Video et Magazine Traits<\/h3>\n<p>Le th\u00e8me True Mag WordPress est un mod\u00e8le incroyablement polyvalent et impressionnant de fonctionnalit\u00e9s qui a \u00e9t\u00e9 d\u00e9lib\u00e9r\u00e9ment con\u00e7ue pour r\u00e9pondre aux besoins et aux demandes uniques des sites Web de vid\u00e9os et de magazines. B\u00e9n\u00e9ficiant d&rsquo;une interface remarquablement conviviale et d&rsquo;une vaste gamme d&rsquo;options personnalisables, ce th\u00e8me accorde aux utilisateurs la libert\u00e9 et la flexibilit\u00e9 pour \u00e9laborer sans effort leurs propres dispositions et styles personnalis\u00e9s, en s&rsquo;assurant que chaque site Web cr\u00e9\u00e9 est vraiment unique.<\/p>\n<p>L&rsquo;une des fonctionnalit\u00e9s remarquables de True Mag est son support exceptionnel pour les vid\u00e9os. Ce th\u00e8me va au-del\u00e0 en offrant une gamme impressionnante de fonctionnalit\u00e9s li\u00e9es \u00e0 la vid\u00e9o, y compris la possibilit\u00e9 de cr\u00e9er des listes de lecture vid\u00e9o engageantes, d&rsquo;\u00e9tablir des canaux vid\u00e9o d\u00e9di\u00e9s et m\u00eame d&rsquo;incorporer des publicit\u00e9s vid\u00e9o de mani\u00e8re transparente sur le site Web. Avec un support vid\u00e9o aussi complet, True Mag permet aux utilisateurs de fournir une exp\u00e9rience de vision vraiment immersive et captivante pour leurs visiteurs.<\/p>\n<p>Mais True Mag ne s&rsquo;arr\u00eate pas simplement \u00e0 r\u00e9pondre aux sites Web vid\u00e9o. Il propose \u00e9galement une pl\u00e9thore de fonctionnalit\u00e9s sp\u00e9cifiques au magazine, comblant efficacement l&rsquo;\u00e9cart entre les mondes de la vid\u00e9o et des m\u00e9dias imprim\u00e9s. Les utilisateurs peuvent profiter de divers formats de poste, leur permettant de pr\u00e9senter leur contenu de mani\u00e8re visuellement frappante et engageante. De plus, True Mag offre plusieurs options de mise en page, permettant aux utilisateurs d&rsquo;exp\u00e9rimenter et de trouver l&rsquo;arrangement parfait qui convient le mieux \u00e0 leur vision unique. Enfin, les widgets personnalisables donnent aux utilisateurs la possibilit\u00e9 d&rsquo;am\u00e9liorer la fonctionnalit\u00e9 et l&rsquo;esth\u00e9tique de leurs sites Web, ajoutant une touche de personnalisation et de professionnalisme.<\/p>\n<p>En conclusion, True Mag appara\u00eet comme un choix exceptionnel pour les personnes cherchant \u00e0 construire des sites Web vid\u00e9o et magazines tr\u00e8s polis, de pointe et tr\u00e8s polis. Sa polyvalence in\u00e9gal\u00e9e, son ensemble de fonctionnalit\u00e9s \u00e9tendu et sa interface conviviale en font un outil inestimable pour ceux qui cherchent \u00e0 faire une impression durable dans le domaine en ligne.<\/p>\n<ul>\n<li>Th\u00e8me WordPress con\u00e7u pour les sites Web de vid\u00e9os et de magazines<\/li>\n<li>Conception propre et moderne avec des options personnalisables<\/li>\n<li>Prend en charge divers formats vid\u00e9o tels que YouTube, Vimeo et des vid\u00e9os h\u00e9berg\u00e9es<\/li>\n<li>Disposition r\u00e9active qui s&rsquo;adapte \u00e0 diff\u00e9rentes tailles d&rsquo;\u00e9cran et appareils<\/li>\n<li>Multipliers de page d&rsquo;accueil et formats de poste au choix<\/li>\n<li>Liste de lecture vid\u00e9o int\u00e9gr\u00e9e et compteur de vues vid\u00e9o<\/li>\n<li>Int\u00e9gration avec des plugins populaires tels que WooCommerce et BBPress<\/li>\n<li>Code et options conviviales pour optimiser le contenu pour les moteurs de recherche<\/li>\n<li>Traduction pr\u00eate avec la prise en charge de plusieurs langues<\/li>\n<li>\u00c9quipe de support d\u00e9di\u00e9e et mises \u00e0 jour r\u00e9guli\u00e8res pour assurer la compatibilit\u00e9 avec la derni\u00e8re version WordPress.<\/li>\n<\/ul>\n","protected":false},"excerpt":{"rendered":"<p>Pr\u00e9sentation du th\u00e8me du vrai Mag WordPress remarquable, une solution impeccable et in\u00e9gal\u00e9e adapt\u00e9e pour r\u00e9pondre aux besoins des personnes cherchant \u00e0 \u00e9tablir une plate-forme en ligne s\u00e9duisante et sophistiqu\u00e9e qui int\u00e8gre de mani\u00e8re transparente le contenu vid\u00e9o et magazine. Ce th\u00e8me extraordinaire poss\u00e8de une interface exceptionnellement conviviale, accompagn\u00e9e de fonctionnalit\u00e9s de pointe qui permettent une personnalisation illimit\u00e9e des dispositions, divers styles de poste et une conception r\u00e9active in\u00e9gal\u00e9e qui garantit une exp\u00e9rience de visualisation impeccable sur tous les appareils. En outre, True Mag propose un \u00e9ventail d&rsquo;outils d&rsquo;\u00e9dition et de publication pratiques qui permettent aux utilisateurs de cr\u00e9er un contenu visuellement captivant et de d\u00e9velopper de fa\u00e7on exponentielle leur public avec la plus grande facilit\u00e9 et l&rsquo;efficacit\u00e9. Alors, sans plus tarder, pourquoi tarder? \u00c9levez et am\u00e9liorez votre pr\u00e9sence en ligne aujourd&rsquo;hui en adoptant les capacit\u00e9s et fonctionnalit\u00e9s remarquables offertes par le th\u00e8me du vrai Mag WordPress extr\u00eamement puissant!<\/p>\n","protected":false},"featured_media":145618,"comment_status":"open","ping_status":"open","template":"","meta":[],"product_brand":[2433],"product_cat":[1242,1212,1213],"product_tag":[1366],"class_list":{"0":"post-134685","1":"product","2":"type-product","3":"status-publish","4":"has-post-thumbnail","6":"product_brand-themeforest","7":"product_cat-creatif","8":"product_cat-themes","9":"product_cat-wordpress-themes","10":"product_tag-themeforest","11":"member-discount","12":"discount-restricted","14":"first","15":"instock","16":"sale","17":"downloadable","18":"virtual","19":"sold-individually","20":"purchasable","21":"product-type-simple"},"_links":{"self":[{"href":"https:\/\/gpl-love.com\/fr\/wp-json\/wp\/v2\/product\/134685","targetHints":{"allow":["GET"]}}],"collection":[{"href":"https:\/\/gpl-love.com\/fr\/wp-json\/wp\/v2\/product"}],"about":[{"href":"https:\/\/gpl-love.com\/fr\/wp-json\/wp\/v2\/types\/product"}],"replies":[{"embeddable":true,"href":"https:\/\/gpl-love.com\/fr\/wp-json\/wp\/v2\/comments?post=134685"}],"wp:featuredmedia":[{"embeddable":true,"href":"https:\/\/gpl-love.com\/fr\/wp-json\/wp\/v2\/media\/145618"}],"wp:attachment":[{"href":"https:\/\/gpl-love.com\/fr\/wp-json\/wp\/v2\/media?parent=134685"}],"wp:term":[{"taxonomy":"product_brand","embeddable":true,"href":"https:\/\/gpl-love.com\/fr\/wp-json\/wp\/v2\/product_brand?post=134685"},{"taxonomy":"product_cat","embeddable":true,"href":"https:\/\/gpl-love.com\/fr\/wp-json\/wp\/v2\/product_cat?post=134685"},{"taxonomy":"product_tag","embeddable":true,"href":"https:\/\/gpl-love.com\/fr\/wp-json\/wp\/v2\/product_tag?post=134685"}],"curies":[{"name":"wp","href":"https:\/\/api.w.org\/{rel}","templated":true}]}}