{"id":134683,"date":"2022-03-12T00:00:00","date_gmt":"2022-03-11T23:00:00","guid":{"rendered":"https:\/\/gpl-love.com\/fr\/produit\/travelo-travel-tour-booking-responsive-wordpress-theme\/"},"modified":"2026-04-10T18:43:53","modified_gmt":"2026-04-10T16:43:53","slug":"travelo-travel-tour-booking-responsive-wordpress-theme","status":"publish","type":"product","link":"https:\/\/gpl-love.com\/fr\/produit\/travelo-travel-tour-booking-responsive-wordpress-theme\/","title":{"rendered":"Travelo Travel\/Tour Booking Responsive WordPress Theme 4.2.4"},"content":{"rendered":"<h3>Travelo Travel\/Tour Booking Responsive WordPress Theme Traits<\/h3>\n<p>Travelo, un th\u00e8me WordPress remarquablement r\u00e9actif et polyvalent, a \u00e9t\u00e9 exclusivement con\u00e7u pour r\u00e9pondre \u00e0 des sites Web de voyage et de r\u00e9servation. B\u00e9n\u00e9ficiant d&rsquo;une pl\u00e9thore de fonctionnalit\u00e9s, ce th\u00e8me est l&rsquo;option par excellence pour les entreprises op\u00e9rant dans l&rsquo;industrie du voyage en constante \u00e9volution. Avec son interface intuitivement con\u00e7ue, les utilisateurs peuvent sans effort prendre leurs dispositions de voyage, englobant les r\u00e9servations de vols, les r\u00e9servations d&rsquo;h\u00f4tel et m\u00eame les r\u00e9servations de voitures de location. En outre, Travelo est fier d&rsquo;\u00eatre enti\u00e8rement personnalisable, permettant aux entreprises d&rsquo;adapter leurs sites Web avec un \u00e9ventail de sch\u00e9mas de couleurs, de polices et de dispositions pour s&rsquo;aligner parfaitement avec leur identit\u00e9 de marque. Non seulement cela, mais Travelo \u00e9tend \u00e9galement ses offres en offrant un large \u00e9ventail d&rsquo;options de paiement et une int\u00e9gration transparente avec des passerelles de paiement renomm\u00e9es, permettant ainsi aux entreprises de recevoir facilement les paiements de leurs clients estim\u00e9s. Dans l&rsquo;ensemble, Travelo se r\u00e9v\u00e8le \u00eatre un choix exceptionnel pour toute entreprise dans l&rsquo;industrie du voyage, car il offre une plate-forme de r\u00e9servation compl\u00e8te et conviviale qui r\u00e9pond de mani\u00e8re transparente \u00e0 tous leurs besoins.<\/p>\n<ul>\n<li>Design r\u00e9actif et adapt\u00e9 \u00e0 mobile<\/li>\n<li>Plusieurs dispositions de page d&rsquo;accueil au choix<\/li>\n<li>Fonctionnalit\u00e9 de r\u00e9servation int\u00e9gr\u00e9e pour les visites et les forfaits de voyage<\/li>\n<li>Int\u00e9gration Google Maps pour les recherches bas\u00e9es sur la localisation et la planification des itin\u00e9raires<\/li>\n<li>Mod\u00e8les de page personnalisables pour les visites, les destinations et les articles de blog de voyage<\/li>\n<li>Int\u00e9gration des m\u00e9dias sociaux pour le partage facile et la promotion du contenu de voyage<\/li>\n<li>Optimisation de SEO int\u00e9gr\u00e9e pour une meilleure visibilit\u00e9 du moteur de recherche<\/li>\n<li>Panneau d&rsquo;options de th\u00e8me puissant pour une personnalisation approfondie de la conception et des fonctionnalit\u00e9s<\/li>\n<li>Importation de d\u00e9monstration en un clic pour configurer rapidement le th\u00e8me avec du contenu et des pages pr\u00e9fabriqu\u00e9es<\/li>\n<li>Support premium et mises \u00e0 jour r\u00e9guli\u00e8res pour une exp\u00e9rience utilisateur fluide et durable.<\/li>\n<\/ul>\n","protected":false},"excerpt":{"rendered":"<p>Bienvenue \u00e0 Travelo, l&rsquo;extraordinaire th\u00e8me WordPress Travel et Tour Booking qui r\u00e9volutionnera votre pr\u00e9sence en ligne. B\u00e9n\u00e9ficiant d&rsquo;une conception transparente et contemporaine, une disposition adaptable qui s&rsquo;adapte sans effort \u00e0 n&rsquo;importe quel appareil et \u00e0 un syst\u00e8me de r\u00e9servation convivial, Travelo vous accorde le pouvoir d&rsquo;\u00e9tablir et de superviser sans effort votre propre site Web de voyage ou de tourn\u00e9e en quelques minutes. Que votre entreprise implique une agence de voyage, un voyagiste ou un blog de sac \u00e0 dos captivant, Travelo vous offre une bo\u00eete \u00e0 outils compl\u00e8te qui englobe tous les ingr\u00e9dients essentiels n\u00e9cessaires pour captiver et enchanter vos visiteurs estim\u00e9s. Ainsi, pourquoi prolonger votre ascension vers le triomphe? Saisissez l&rsquo;opportunit\u00e9 et lancez-vous dans votre voyage vers le succ\u00e8s en embrassant le voyageo aujourd&rsquo;hui!<\/p>\n","protected":false},"featured_media":145614,"comment_status":"open","ping_status":"open","template":"","meta":[],"product_brand":[2433],"product_cat":[1220,1212,1213],"product_tag":[1366],"class_list":{"0":"post-134683","1":"product","2":"type-product","3":"status-publish","4":"has-post-thumbnail","6":"product_brand-themeforest","7":"product_cat-blog-magazine","8":"product_cat-themes","9":"product_cat-wordpress-themes","10":"product_tag-themeforest","11":"member-discount","12":"discount-restricted","14":"first","15":"instock","16":"sale","17":"downloadable","18":"virtual","19":"sold-individually","20":"purchasable","21":"product-type-simple"},"_links":{"self":[{"href":"https:\/\/gpl-love.com\/fr\/wp-json\/wp\/v2\/product\/134683","targetHints":{"allow":["GET"]}}],"collection":[{"href":"https:\/\/gpl-love.com\/fr\/wp-json\/wp\/v2\/product"}],"about":[{"href":"https:\/\/gpl-love.com\/fr\/wp-json\/wp\/v2\/types\/product"}],"replies":[{"embeddable":true,"href":"https:\/\/gpl-love.com\/fr\/wp-json\/wp\/v2\/comments?post=134683"}],"wp:featuredmedia":[{"embeddable":true,"href":"https:\/\/gpl-love.com\/fr\/wp-json\/wp\/v2\/media\/145614"}],"wp:attachment":[{"href":"https:\/\/gpl-love.com\/fr\/wp-json\/wp\/v2\/media?parent=134683"}],"wp:term":[{"taxonomy":"product_brand","embeddable":true,"href":"https:\/\/gpl-love.com\/fr\/wp-json\/wp\/v2\/product_brand?post=134683"},{"taxonomy":"product_cat","embeddable":true,"href":"https:\/\/gpl-love.com\/fr\/wp-json\/wp\/v2\/product_cat?post=134683"},{"taxonomy":"product_tag","embeddable":true,"href":"https:\/\/gpl-love.com\/fr\/wp-json\/wp\/v2\/product_tag?post=134683"}],"curies":[{"name":"wp","href":"https:\/\/api.w.org\/{rel}","templated":true}]}}