{"id":134679,"date":"2022-02-25T00:00:00","date_gmt":"2022-02-24T23:00:00","guid":{"rendered":"https:\/\/gpl-love.com\/fr\/produit\/thrive-themes-voice-wordpress-theme\/"},"modified":"2026-04-10T18:43:31","modified_gmt":"2026-04-10T16:43:31","slug":"thrive-themes-voice-wordpress-theme","status":"publish","type":"product","link":"https:\/\/gpl-love.com\/fr\/produit\/thrive-themes-voice-wordpress-theme\/","title":{"rendered":"Thrive Themes Voice WordPress Theme 2.11.1"},"content":{"rendered":"<h3>Thrive Themes Voice WordPress Theme Traits<\/h3>\n<p>Le th\u00e8me WordPress de Thrive Themes Voice offre une solution tout compris aux individus dans le domaine de la cr\u00e9ation de blogs et de contenu qui cherchent \u00e0 \u00e9lever leurs sites Web. B\u00e9n\u00e9ficiant d&rsquo;un design \u00e9l\u00e9gant et contemporain, ce th\u00e8me accorde \u00e0 votre site Web une apparence polie et professionnelle. Il poss\u00e8de un niveau de personnalisation extraordinaire, vous accordant la possibilit\u00e9 de personnaliser ses fonctionnalit\u00e9s pour s&rsquo;aligner pr\u00e9cis\u00e9ment avec vos exigences sp\u00e9cifiques. De plus, ce th\u00e8me englobe des fonctionnalit\u00e9s avanc\u00e9es telles que les outils de g\u00e9n\u00e9ration de leads et la liste des listes, ce qui en fait un choix exceptionnel pour les entrepreneurs ayant des aspirations \u00e0 \u00e9largir leurs entreprises en ligne. Notamment, le th\u00e8me a \u00e9t\u00e9 m\u00e9ticuleusement optimis\u00e9 pour l&rsquo;optimisation des moteurs de recherche (SEO), garantissant ainsi que votre site Web s\u00e9curise une position de premier plan sur les pages de r\u00e9sultats des moteurs de recherche. En somme, le th\u00e8me de WordPress de Thrive Themes Voice repr\u00e9sente une option exemplaire pour ceux qui aspirent \u00e0 forger un site Web esth\u00e9tiquement frappant et hautement performant.<\/p>\n<ul>\n<li>Design personnalisable et \u00e9l\u00e9gant adapt\u00e9 \u00e0 tout type de site Web<\/li>\n<li>Concentrez-vous sur l&rsquo;exp\u00e9rience utilisateur en mettant l&rsquo;accent sur la navigation et l&rsquo;accessibilit\u00e9 faciles<\/li>\n<li>Int\u00e9gration avec Thrive Architect pour l&rsquo;\u00e9dition et la personnalisation faciles<\/li>\n<li>Optimisation de la recherche vocale pour une am\u00e9lioration de l&rsquo;engagement des utilisateurs<\/li>\n<li>Fonctionnalit\u00e9s de g\u00e9n\u00e9ration de leads int\u00e9gr\u00e9es pour aider \u00e0 d\u00e9velopper votre liste de diffusion<\/li>\n<li>Int\u00e9gration des m\u00e9dias sociaux pour augmenter la visibilit\u00e9 et l&rsquo;engagement du site Web<\/li>\n<li>Conception sensible au mobile pour affichage sans faille sur n&rsquo;importe quel appareil<\/li>\n<li>Acc\u00e8s \u00e0 l&rsquo;Universit\u00e9 Thrive pour un soutien et une \u00e9ducation continus<\/li>\n<li>Analyse int\u00e9gr\u00e9e pour suivre les performances du site Web et le comportement des utilisateurs<\/li>\n<li>Conception ax\u00e9e sur la conversion pour augmenter les conversions et les revenus du site Web<\/li>\n<\/ul>\n","protected":false},"excerpt":{"rendered":"<p>Le th\u00e8me WordPress de Thrive Themes Voice propose un design exquis et visuellement captivant, m\u00e9ticuleusement con\u00e7u pour \u00e9lever votre contenu et captiver votre public. Dot\u00e9 d&rsquo;une esth\u00e9tique ultra-moderne coupl\u00e9e \u00e0 une myriade de fonctionnalit\u00e9s puissantes et d&rsquo;options intuitives, ce th\u00e8me vous accorde la possibilit\u00e9 de personnaliser chaque facette de votre site Web, garantissant qu&rsquo;il semble non seulement splendide mais fonctionne \u00e9galement, s&rsquo;alignant pr\u00e9cis\u00e9ment avec votre vision souhait\u00e9e souhait\u00e9e . En outre, ce th\u00e8me exceptionnel est \u00e9quip\u00e9 d&rsquo;une gamme d&rsquo;outils int\u00e9gr\u00e9s qui sont con\u00e7us de mani\u00e8re experte pour am\u00e9liorer la vitesse et les performances globales de votre site Web, garantissant ainsi une exp\u00e9rience de navigation constante et rapide, qui \u00e0 son tour sert \u00e0 absorber et \u00e0 convertir votre pr\u00e9cieux pr\u00e9cieux visiteurs. Que vous soyez sur le point de vous lancer dans une nouvelle entreprise de blogging ou que vous soyez en train de r\u00e9organiser votre site Web existant, le th\u00e8me de la voix de Thrive Themes WordPress repr\u00e9sente ind\u00e9niablement la quintessence de la s\u00e9lection id\u00e9ale, facilitant la cr\u00e9ation d&rsquo;un impeccable, professionnel et hautement Site Web lucratif qui capturera sans aucun doute le c\u0153ur et l&rsquo;attention de votre public ch\u00e9ri.<\/p>\n","protected":false},"featured_media":145584,"comment_status":"open","ping_status":"open","template":"","meta":[],"product_brand":[2675],"product_cat":[1220,1212,1213],"product_tag":[1382],"class_list":{"0":"post-134679","1":"product","2":"type-product","3":"status-publish","4":"has-post-thumbnail","6":"product_brand-thrive-themes","7":"product_cat-blog-magazine","8":"product_cat-themes","9":"product_cat-wordpress-themes","10":"product_tag-thrive-themes","11":"member-discount","12":"discount-restricted","14":"first","15":"instock","16":"sale","17":"downloadable","18":"virtual","19":"sold-individually","20":"purchasable","21":"product-type-simple"},"_links":{"self":[{"href":"https:\/\/gpl-love.com\/fr\/wp-json\/wp\/v2\/product\/134679","targetHints":{"allow":["GET"]}}],"collection":[{"href":"https:\/\/gpl-love.com\/fr\/wp-json\/wp\/v2\/product"}],"about":[{"href":"https:\/\/gpl-love.com\/fr\/wp-json\/wp\/v2\/types\/product"}],"replies":[{"embeddable":true,"href":"https:\/\/gpl-love.com\/fr\/wp-json\/wp\/v2\/comments?post=134679"}],"wp:featuredmedia":[{"embeddable":true,"href":"https:\/\/gpl-love.com\/fr\/wp-json\/wp\/v2\/media\/145584"}],"wp:attachment":[{"href":"https:\/\/gpl-love.com\/fr\/wp-json\/wp\/v2\/media?parent=134679"}],"wp:term":[{"taxonomy":"product_brand","embeddable":true,"href":"https:\/\/gpl-love.com\/fr\/wp-json\/wp\/v2\/product_brand?post=134679"},{"taxonomy":"product_cat","embeddable":true,"href":"https:\/\/gpl-love.com\/fr\/wp-json\/wp\/v2\/product_cat?post=134679"},{"taxonomy":"product_tag","embeddable":true,"href":"https:\/\/gpl-love.com\/fr\/wp-json\/wp\/v2\/product_tag?post=134679"}],"curies":[{"name":"wp","href":"https:\/\/api.w.org\/{rel}","templated":true}]}}