{"id":134677,"date":"2022-02-25T00:00:00","date_gmt":"2022-02-24T23:00:00","guid":{"rendered":"https:\/\/gpl-love.com\/fr\/produit\/thrive-themes-storied-wordpress-theme\/"},"modified":"2026-04-10T18:43:30","modified_gmt":"2026-04-10T16:43:30","slug":"thrive-themes-storied-wordpress-theme","status":"publish","type":"product","link":"https:\/\/gpl-love.com\/fr\/produit\/thrive-themes-storied-wordpress-theme\/","title":{"rendered":"Thrive Themes Storied WordPress Theme 2.11.1"},"content":{"rendered":"<h3>Thrive Themes Storied WordPress Theme Traits<\/h3>\n<p>Le th\u00e8me WordPress de Thrive Th\u00e8mes se pr\u00e9sente comme une solution optimale pour les sites Web qui hi\u00e9rarchisent le contenu. En incorporant un design immacul\u00e9 et contemporain, il harmonise parfaitement l&rsquo;esth\u00e9tique avec des fonctionnalit\u00e9s. Ce th\u00e8me offre une vaste gamme d&rsquo;options de personnalisation, ce qui permet aux utilisateurs de l&rsquo;adapter en fonction de leurs exigences pr\u00e9cises. De plus, il est \u00e9quip\u00e9 d&rsquo;un assortiment de mod\u00e8les pr\u00e9d\u00e9finis, facilitant la cr\u00e9ation sans effort de pages et de messages frappants visuellement. La r\u00e9activit\u00e9 du th\u00e8me garantit que votre contenu est visuellement attrayant et coh\u00e9rent sur tous les appareils. En outre, le th\u00e8me l\u00e9ger a \u00e9t\u00e9 perfectionn\u00e9 en termes d&rsquo;optimisation de vitesse et de moteur de recherche, garantissant ainsi des performances louables dans les classements des moteurs de recherche. Avec ses fonctionnalit\u00e9s sophistiqu\u00e9es et son interface conviviale, le th\u00e8me WordPress de Thrive Themes appara\u00eet comme un choix exemplaire pour les personnes cherchant \u00e0 fabriquer un site Web ax\u00e9 sur le contenu poli et captivant.<\/p>\n<ul>\n<li>Un th\u00e8me WordPress visuellement magnifique et hautement personnalisable con\u00e7u pour les blogueurs, les conteurs et autres cr\u00e9ateurs de contenu pour pr\u00e9senter leur travail de mani\u00e8re convaincante et engageante<\/li>\n<li>Comprend une vari\u00e9t\u00e9 de mod\u00e8les de page pr\u00e9d\u00e9finis, d&rsquo;options de mise en page et d&rsquo;\u00e9l\u00e9ments de conception pour vous aider \u00e0 cr\u00e9er un site Web unique et professionnel sans aucune comp\u00e9tence de codage<\/li>\n<li>Livr\u00e9 avec une int\u00e9gration Thrive Leads, vous permettant de cr\u00e9er facilement des formulaires d&rsquo;opt-in, des appels \u00e0 l&rsquo;action et d&rsquo;autres outils de g\u00e9n\u00e9ration de leads pour cr\u00e9er votre liste de diffusion et d\u00e9velopper votre entreprise<\/li>\n<li>Sensible \u00e0 mobile et optimis\u00e9 pour la vitesse et les performances, en veillant \u00e0 ce que votre public puisse facilement acc\u00e9der et consommer votre contenu sur n&rsquo;importe quel appareil, et Google adorera \u00e9galement votre site<\/li>\n<li>Comprend une gamme de fonctionnalit\u00e9s int\u00e9gr\u00e9es, telles qu&rsquo;une barre de recherche avanc\u00e9e, des boutons de partage social et un widget de messages connexes, pour am\u00e9liorer l&rsquo;exp\u00e9rience de votre lecteur et les maintenir engag\u00e9s avec votre contenu<\/li>\n<li>Offre une prise en charge compl\u00e8te pour WooCommerce, vous permettant d&rsquo;ajouter facilement une boutique en ligne \u00e0 votre site et de commencer \u00e0 vendre des produits ou des services directement \u00e0 votre public<\/li>\n<li>Soutenu par les \u00e9quipes de support et de d\u00e9veloppement de logiciels de classe mondiale de Thrive Themes, en vous assurant d&rsquo;avoir acc\u00e8s aux mises \u00e0 jour en cours, aux corrections de bogues et aux conseils d&rsquo;experts pour vous aider \u00e0 tirer le meilleur parti de votre site Web.<\/li>\n<\/ul>\n","protected":false},"excerpt":{"rendered":"<p>\u00cates-vous \u00e0 la recherche d&rsquo;un th\u00e8me WordPress tr\u00e8s puissant pour votre site Web de narration? Eh bien, votre qu\u00eate se termine ici, car je vous pr\u00e9sente les th\u00e8mes prosp\u00e8res impeccables. B\u00e9n\u00e9ficiant d&rsquo;un design immacul\u00e9 et contemporain, ce th\u00e8me est un joyau absolu pour des individus tels que les blogueurs, les auteurs et les cr\u00e9ateurs de contenu, qui aspirent \u00e0 pr\u00e9senter leurs r\u00e9cits captivants d&rsquo;une mani\u00e8re visuellement agr\u00e9able et captivante. \u00c9quip\u00e9 d&rsquo;une pl\u00e9thore de fonctionnalit\u00e9s remarquables, y compris des sections de page d&rsquo;accueil personnalisables, des galeries d&rsquo;images impressionnantes et des contr\u00f4les de typographie de pointe, \u00e9merge sans aucun doute le choix d\u00e9finitif pour tous ceux qui cherchent \u00e0 \u00e9tablir une pr\u00e9sence en ligne ind\u00e9l\u00e9bile. Alors, pourquoi prolonger l&rsquo;attente? Commencez votre voyage de narration aujourd&rsquo;hui avec les th\u00e8mes de prosp\u00e9ration ph\u00e9nom\u00e9naux.<\/p>\n","protected":false},"featured_media":145583,"comment_status":"open","ping_status":"open","template":"","meta":[],"product_brand":[2675],"product_cat":[1220,1212,1213],"product_tag":[1382],"class_list":{"0":"post-134677","1":"product","2":"type-product","3":"status-publish","4":"has-post-thumbnail","6":"product_brand-thrive-themes","7":"product_cat-blog-magazine","8":"product_cat-themes","9":"product_cat-wordpress-themes","10":"product_tag-thrive-themes","11":"member-discount","12":"discount-restricted","14":"first","15":"instock","16":"sale","17":"downloadable","18":"virtual","19":"sold-individually","20":"purchasable","21":"product-type-simple"},"_links":{"self":[{"href":"https:\/\/gpl-love.com\/fr\/wp-json\/wp\/v2\/product\/134677","targetHints":{"allow":["GET"]}}],"collection":[{"href":"https:\/\/gpl-love.com\/fr\/wp-json\/wp\/v2\/product"}],"about":[{"href":"https:\/\/gpl-love.com\/fr\/wp-json\/wp\/v2\/types\/product"}],"replies":[{"embeddable":true,"href":"https:\/\/gpl-love.com\/fr\/wp-json\/wp\/v2\/comments?post=134677"}],"wp:featuredmedia":[{"embeddable":true,"href":"https:\/\/gpl-love.com\/fr\/wp-json\/wp\/v2\/media\/145583"}],"wp:attachment":[{"href":"https:\/\/gpl-love.com\/fr\/wp-json\/wp\/v2\/media?parent=134677"}],"wp:term":[{"taxonomy":"product_brand","embeddable":true,"href":"https:\/\/gpl-love.com\/fr\/wp-json\/wp\/v2\/product_brand?post=134677"},{"taxonomy":"product_cat","embeddable":true,"href":"https:\/\/gpl-love.com\/fr\/wp-json\/wp\/v2\/product_cat?post=134677"},{"taxonomy":"product_tag","embeddable":true,"href":"https:\/\/gpl-love.com\/fr\/wp-json\/wp\/v2\/product_tag?post=134677"}],"curies":[{"name":"wp","href":"https:\/\/api.w.org\/{rel}","templated":true}]}}