{"id":134675,"date":"2022-02-25T00:00:00","date_gmt":"2022-02-24T23:00:00","guid":{"rendered":"https:\/\/gpl-love.com\/fr\/produit\/thrive-themes-squared-wordpress-theme\/"},"modified":"2026-04-10T18:43:29","modified_gmt":"2026-04-10T16:43:29","slug":"thrive-themes-squared-wordpress-theme","status":"publish","type":"product","link":"https:\/\/gpl-love.com\/fr\/produit\/thrive-themes-squared-wordpress-theme\/","title":{"rendered":"Thrive Themes Squared WordPress Theme 2.11.1"},"content":{"rendered":"<h3>Thrive Themes Squared WordPress Theme Traits<\/h3>\n<p>Le th\u00e8me WordPress des th\u00e8mes Thrive Squared, r\u00e9put\u00e9 pour ses capacit\u00e9s remarquables, permet aux utilisateurs de cr\u00e9er des sites Web fascinants et sophistiqu\u00e9s. Ce th\u00e8me exceptionnel est \u00e9quip\u00e9 d&rsquo;une pl\u00e9thore de fonctionnalit\u00e9s et d&rsquo;options personnalisables, offrant aux utilisateurs la facilit\u00e9 de conception de leur paradis num\u00e9rique id\u00e9al. Contr\u00f4lant de son excellence, le th\u00e8me est m\u00e9ticuleusement optimis\u00e9 pour une rapidit\u00e9 sans pr\u00e9c\u00e9dent, garantissant un chargement de page rapide et sans couture. B\u00e9n\u00e9ficiant d&rsquo;une interface qui est \u00e0 la fois conviviale et con\u00e7ue intuitivement, le th\u00e8me WordPress des th\u00e8mes Thrive pr\u00e9sente un choix impeccable pour les blogueurs, les entrepreneurs et les propri\u00e9taires commerciaux estim\u00e9s cherchant \u00e0 forger une empreinte num\u00e9rique indomptable. Que votre intention soit de pr\u00e9senter vos produits illustres, des services exemplaires ou votre contenu captivant, ce th\u00e8me extraordinaire englobe tous les attributs n\u00e9cessaires pour fa\u00e7onner un site Web qui capture sans effort l&rsquo;attention et se distingue de ses contemporains.<\/p>\n<ul>\n<li>Un th\u00e8me WordPress enti\u00e8rement r\u00e9actif et personnalisable cr\u00e9\u00e9 sp\u00e9cifiquement pour les sites Web d&rsquo;entreprise<\/li>\n<li>Livr\u00e9 \u00e9quip\u00e9 de divers mod\u00e8les pr\u00e9d\u00e9finis et des dispositions de page pour une conception et une configuration faciles<\/li>\n<li>\u00c9l\u00e9ments de g\u00e9n\u00e9ration de leads int\u00e9gr\u00e9s, y compris les formulaires d&rsquo;opt-in et les appels \u00e0 l&rsquo;action, pour aider \u00e0 stimuler les conversions<\/li>\n<li>Int\u00e9gration avec des services de marketing par e-mail populaires, y compris MailChimp et Aweber<\/li>\n<li>Comprend un puissant \u00e9diteur de glisser-d\u00e9poser pour personnaliser et organiser les \u00e9l\u00e9ments du site Web pour s&rsquo;adapter \u00e0 votre marque et \u00e0 votre style<\/li>\n<li>Int\u00e9gration int\u00e9gr\u00e9e avec Thrive Architect, un constructeur de pages visuelles, pour des options de personnalisation encore plus avanc\u00e9es<\/li>\n<li>SEO optimis\u00e9, avec des fonctionnalit\u00e9s int\u00e9gr\u00e9es comme la navigation au an et les boutons de partage des m\u00e9dias sociaux<\/li>\n<li>R\u00e9guli\u00e8rement mis \u00e0 jour avec de nouvelles fonctionnalit\u00e9s et am\u00e9liorations pour assurer la compatibilit\u00e9 avec les derni\u00e8res technologies et tendances<\/li>\n<li>\u00c9quipe de support d\u00e9di\u00e9e, y compris une base de connaissances et un syst\u00e8me de billets, pour aider \u00e0 r\u00e9pondre \u00e0 toutes les questions ou \u00e0 r\u00e9soudre les probl\u00e8mes.<\/li>\n<\/ul>\n","protected":false},"excerpt":{"rendered":"<p>Le th\u00e8me WordPress Squared Th\u00e8mes Thrive est un th\u00e8me incroyablement polyvalent et exceptionnellement puissant qui est sp\u00e9cifiquement adapt\u00e9 pour r\u00e9pondre aux besoins et aux pr\u00e9f\u00e9rences des blogueurs, des sp\u00e9cialistes du marketing num\u00e9rique et des entreprises de toutes tailles. Ce th\u00e8me dispose d&rsquo;un constructeur de pages de glisser-d\u00e9poser incroyablement intuitif et sans couture, qui vous offre la possibilit\u00e9 de construire sans effort et efficacement des pages et des articles de contenu visuellement captivants et esth\u00e9tiques qui pr\u00e9sentent efficacement votre large gamme de produits, de services ou de contenu. De plus, ce th\u00e8me est \u00e9quip\u00e9 d&rsquo;une vaste gamme de widgets et de codes shortcodes hautement personnalisables, qui servent \u00e0 faciliter et \u00e0 rationaliser le processus de cr\u00e9ation et de personnalisation, vous permettant d&rsquo;obtenir une conception qui s&rsquo;aligne parfaitement sur votre vision unique et votre identit\u00e9 de marque. L&rsquo;une des caract\u00e9ristiques les plus notables du th\u00e8me WordPress des th\u00e8mes Thrive est sa r\u00e9activit\u00e9 compl\u00e8te, ce qui signifie que, quel que soit l&rsquo;appareil sur lequel votre site est accessible, il maintiendra syst\u00e9matiquement son apparence visuellement \u00e9tonnante et sa fonctionnalit\u00e9 optimale. En s\u00e9lectionnant le th\u00e8me WordPress Squared Th\u00e8mes Thrive, vous serez \u00e9quip\u00e9 de tous les outils et ressources n\u00e9cessaires pour d\u00e9velopper et cultiver un site Web qui d\u00e9gage le professionnalisme et l&rsquo;efficacit\u00e9, en vous engageant efficacement avec votre public cible et en fin de compte des conversions d&rsquo;une mani\u00e8re tr\u00e8s efficace et impactante.<\/p>\n","protected":false},"featured_media":145582,"comment_status":"open","ping_status":"open","template":"","meta":[],"product_brand":[2675],"product_cat":[1516,1212,1213],"product_tag":[1382],"class_list":{"0":"post-134675","1":"product","2":"type-product","3":"status-publish","4":"has-post-thumbnail","6":"product_brand-thrive-themes","7":"product_cat-entreprise","8":"product_cat-themes","9":"product_cat-wordpress-themes","10":"product_tag-thrive-themes","11":"member-discount","12":"discount-restricted","14":"first","15":"instock","16":"sale","17":"downloadable","18":"virtual","19":"sold-individually","20":"purchasable","21":"product-type-simple"},"_links":{"self":[{"href":"https:\/\/gpl-love.com\/fr\/wp-json\/wp\/v2\/product\/134675","targetHints":{"allow":["GET"]}}],"collection":[{"href":"https:\/\/gpl-love.com\/fr\/wp-json\/wp\/v2\/product"}],"about":[{"href":"https:\/\/gpl-love.com\/fr\/wp-json\/wp\/v2\/types\/product"}],"replies":[{"embeddable":true,"href":"https:\/\/gpl-love.com\/fr\/wp-json\/wp\/v2\/comments?post=134675"}],"wp:featuredmedia":[{"embeddable":true,"href":"https:\/\/gpl-love.com\/fr\/wp-json\/wp\/v2\/media\/145582"}],"wp:attachment":[{"href":"https:\/\/gpl-love.com\/fr\/wp-json\/wp\/v2\/media?parent=134675"}],"wp:term":[{"taxonomy":"product_brand","embeddable":true,"href":"https:\/\/gpl-love.com\/fr\/wp-json\/wp\/v2\/product_brand?post=134675"},{"taxonomy":"product_cat","embeddable":true,"href":"https:\/\/gpl-love.com\/fr\/wp-json\/wp\/v2\/product_cat?post=134675"},{"taxonomy":"product_tag","embeddable":true,"href":"https:\/\/gpl-love.com\/fr\/wp-json\/wp\/v2\/product_tag?post=134675"}],"curies":[{"name":"wp","href":"https:\/\/api.w.org\/{rel}","templated":true}]}}