{"id":134673,"date":"2022-02-25T00:00:00","date_gmt":"2022-02-24T23:00:00","guid":{"rendered":"https:\/\/gpl-love.com\/fr\/produit\/thrive-themes-rise-wordpress-theme\/"},"modified":"2026-04-10T18:43:29","modified_gmt":"2026-04-10T16:43:29","slug":"thrive-themes-rise-wordpress-theme","status":"publish","type":"product","link":"https:\/\/gpl-love.com\/fr\/produit\/thrive-themes-rise-wordpress-theme\/","title":{"rendered":"Thrive Themes Rise WordPress Theme 2.11.1"},"content":{"rendered":"<h3>Thrive Themes Rise WordPress Theme Traits<\/h3>\n<p>Thrive Th\u00e8mes Rise WordPress Le th\u00e8me, un th\u00e8me de pointe et adaptable, a \u00e9t\u00e9 con\u00e7u de mani\u00e8re complexe pour vous aider \u00e0 construire un site Web exceptionnellement sophistiqu\u00e9 gr\u00e2ce \u00e0 son design \u00e9l\u00e9gant et \u00e9pur\u00e9. Ce th\u00e8me remarquable poss\u00e8de un \u00e9ventail d&rsquo;options personnalisables, vous permettant d&rsquo;adapter votre site Web en fonction de vos exigences distinctes. De plus, il a \u00e9t\u00e9 m\u00e9ticuleusement optimis\u00e9 pour hi\u00e9rarchiser la rapidit\u00e9, l&rsquo;optimisation des moteurs de recherche et les conversions, garantissant des temps de chargement rapides et attirant un afflux de trafic Web. De plus, il offre une multitude de fonctionnalit\u00e9s pr\u00e9d\u00e9finies telles que des pages de destination personnalis\u00e9es, des formulaires d&rsquo;opt-in et des widgets qui se concentrent sur l&rsquo;augmentation des taux de conversion. En d\u00e9ploiement des th\u00e8mes Thrive Rise WordPress Th\u00e8me, vous \u00eates autoris\u00e9 \u00e0 \u00e9tablir une plate-forme en ligne extr\u00eamement polie et professionnelle qui \u00e9l\u00e8vera sans aucun doute votre importance au milieu du paysage virtuel farouchement comp\u00e9titif d&rsquo;aujourd&rsquo;hui.<\/p>\n<ul>\n<li>Un th\u00e8me WordPress professionnel et esth\u00e9tique<\/li>\n<li>Con\u00e7u pour augmenter les conversions et l&rsquo;engagement sur votre site Web<\/li>\n<li>Mobile r\u00e9actif et optimis\u00e9 pour la vitesse<\/li>\n<li>Page d&rsquo;accueil personnalisable avec diff\u00e9rentes mises en page et blocs de contenu<\/li>\n<li>Options de typographie avanc\u00e9e pour un texte beau et facile \u00e0 lire<\/li>\n<li>Int\u00e9gration avec des services de marketing par e-mail populaires et des plateformes de m\u00e9dias sociaux<\/li>\n<li>Formulaires de g\u00e9n\u00e9ration de leads int\u00e9gr\u00e9s et d&rsquo;opt-in pour d\u00e9velopper votre liste de diffusion<\/li>\n<li>Compression d&rsquo;image automatique et chargement paresseux pour les temps de chargement de page plus rapides<\/li>\n<li>Acc\u00e8s \u00e0 une biblioth\u00e8que de mod\u00e8les de page de destination pour des personnalisations faciles<\/li>\n<li>Documentation compl\u00e8te et soutien de l&rsquo;\u00e9quipe Thrive Themes.<\/li>\n<\/ul>\n","protected":false},"excerpt":{"rendered":"<p>Les th\u00e8mes Thrive Rise WordPress Le th\u00e8me, un th\u00e8me exemplaire, a \u00e9t\u00e9 m\u00e9ticuleusement con\u00e7u pour r\u00e9pondre aux besoins des blogueurs et des entreprises en ligne, leur permettant d&rsquo;\u00e9tablir des sites Web sophistiqu\u00e9s et hautement professionnels. Offrant une pl\u00e9thore d&rsquo;options de mise en page personnalisables, des formulaires de g\u00e9n\u00e9ration de leads int\u00e9gr\u00e9s et des param\u00e8tres de typographie avanc\u00e9e, ce th\u00e8me sert de solution ultime pour les personnes cherchant \u00e0 augmenter leur pr\u00e9sence en ligne et \u00e0 captiver un public plus large. De plus, la mont\u00e9e des th\u00e8mes prosp\u00e8re a \u00e9t\u00e9 complexe optimis\u00e9e \u00e0 la fois pour la vitesse et le r\u00e9f\u00e9rencement, garantissant des temps de chargement de site Web Swift et une visibilit\u00e9 pro\u00e9minente dans les r\u00e9sultats des moteurs de recherche. B\u00e9n\u00e9ficiant d&rsquo;un design \u00e9l\u00e9gant et contemporain, les th\u00e8mes Thrive Rise WordPress th\u00e8me sont un choix exceptionnel pour ceux qui aspirent \u00e0 propulser leur site Web \u00e0 des sommets in\u00e9gal\u00e9s.<\/p>\n","protected":false},"featured_media":145581,"comment_status":"open","ping_status":"open","template":"","meta":[],"product_brand":[2675],"product_cat":[1220,1212,1213],"product_tag":[1382],"class_list":{"0":"post-134673","1":"product","2":"type-product","3":"status-publish","4":"has-post-thumbnail","6":"product_brand-thrive-themes","7":"product_cat-blog-magazine","8":"product_cat-themes","9":"product_cat-wordpress-themes","10":"product_tag-thrive-themes","11":"member-discount","12":"discount-restricted","14":"first","15":"instock","16":"sale","17":"downloadable","18":"virtual","19":"sold-individually","20":"purchasable","21":"product-type-simple"},"_links":{"self":[{"href":"https:\/\/gpl-love.com\/fr\/wp-json\/wp\/v2\/product\/134673","targetHints":{"allow":["GET"]}}],"collection":[{"href":"https:\/\/gpl-love.com\/fr\/wp-json\/wp\/v2\/product"}],"about":[{"href":"https:\/\/gpl-love.com\/fr\/wp-json\/wp\/v2\/types\/product"}],"replies":[{"embeddable":true,"href":"https:\/\/gpl-love.com\/fr\/wp-json\/wp\/v2\/comments?post=134673"}],"wp:featuredmedia":[{"embeddable":true,"href":"https:\/\/gpl-love.com\/fr\/wp-json\/wp\/v2\/media\/145581"}],"wp:attachment":[{"href":"https:\/\/gpl-love.com\/fr\/wp-json\/wp\/v2\/media?parent=134673"}],"wp:term":[{"taxonomy":"product_brand","embeddable":true,"href":"https:\/\/gpl-love.com\/fr\/wp-json\/wp\/v2\/product_brand?post=134673"},{"taxonomy":"product_cat","embeddable":true,"href":"https:\/\/gpl-love.com\/fr\/wp-json\/wp\/v2\/product_cat?post=134673"},{"taxonomy":"product_tag","embeddable":true,"href":"https:\/\/gpl-love.com\/fr\/wp-json\/wp\/v2\/product_tag?post=134673"}],"curies":[{"name":"wp","href":"https:\/\/api.w.org\/{rel}","templated":true}]}}