{"id":134671,"date":"2022-02-25T00:00:00","date_gmt":"2022-02-24T23:00:00","guid":{"rendered":"https:\/\/gpl-love.com\/fr\/produit\/thrive-themes-pressive-wordpress-theme\/"},"modified":"2026-04-10T18:43:28","modified_gmt":"2026-04-10T16:43:28","slug":"thrive-themes-pressive-wordpress-theme","status":"publish","type":"product","link":"https:\/\/gpl-love.com\/fr\/produit\/thrive-themes-pressive-wordpress-theme\/","title":{"rendered":"Thrive Themes Pressive WordPress Theme 2.11.1"},"content":{"rendered":"<h3>Thrive Themes Pressive WordPress Theme Traits<\/h3>\n<p>Thrive Th\u00e8mes Le th\u00e8me WordPress pressif, r\u00e9put\u00e9 pour ses options de polyvalence et de personnalisation \u00e9lev\u00e9es, poss\u00e8de une pl\u00e9thore de fonctionnalit\u00e9s visant \u00e0 aider les utilisateurs \u00e0 cr\u00e9er des sites Web visuellement captivants. Arborant un design \u00e9l\u00e9gant et contemporain, Pressive s&rsquo;av\u00e8re \u00eatre un choix id\u00e9al pour un large \u00e9ventail de personnes, y compris des entreprises, des blogueurs et des entrepreneurs en ligne qui cherchent \u00e0 \u00e9tablir une pr\u00e9sence en ligne poli et captivante. Le th\u00e8me fournit une vaste gamme de mod\u00e8les pr\u00e9-con\u00e7us, de widgets personnalis\u00e9s et de codes short, rationalisant le processus de personnalisation pour assurer une exp\u00e9rience sans tracas. De plus, la nature enti\u00e8rement r\u00e9active et adapt\u00e9e aux mobiles de pressive garantit que votre site Web conserve son apparence immacul\u00e9e sur tous les appareils. Avec ses capacit\u00e9s d&rsquo;int\u00e9gration transparentes avec des outils populaires tels que les pages de plomb et les pistes Thrive, le pressif appara\u00eet comme une option exceptionnelle pour les entreprises qui cherchent \u00e0 \u00e9tendre leur liste de diffusion et \u00e0 optimiser les conversions. Tout consid\u00e9r\u00e9 comme un th\u00e8me puissant et adaptable, avec une myriade de fonctionnalit\u00e9s con\u00e7ues pour aider les utilisateurs \u00e0 construire un site Web exceptionnel.<\/p>\n<ul>\n<li>Un th\u00e8me WordPress hautement personnalisable et professionnel sp\u00e9cialement con\u00e7u pour les sites Web d&rsquo;entreprise.<\/li>\n<li>Est \u00e9quip\u00e9 de plusieurs options de page d&rsquo;accueil pr\u00e9-con\u00e7ues parmi lesquelles choisir.<\/li>\n<li>Des fonctionnalit\u00e9s int\u00e9gr\u00e9es telles que des pages de destination personnalis\u00e9es, des tables de prix et des boutons d&rsquo;appel \u00e0 l&rsquo;action.<\/li>\n<li>Compatible avec des plugins populaires tels que WooCommerce et des t\u00e9l\u00e9chargements num\u00e9riques faciles.<\/li>\n<li>Comprend une conception r\u00e9active, garantir que votre site Web a fi\u00e8re allure sur tous les appareils.<\/li>\n<li>\u00c9diteur visuel facile \u00e0 utiliser pour la cr\u00e9ation de personnalisations sans aucune connaissance de codage.<\/li>\n<li>S\u00e9o avec des options d&rsquo;optimisation int\u00e9gr\u00e9es pour le classement des moteurs de recherche.<\/li>\n<li>Comprend des mises \u00e0 jour \u00e0 vie et le soutien de l&rsquo;\u00e9quipe de Thrive Th\u00e8mes.<\/li>\n<\/ul>\n","protected":false},"excerpt":{"rendered":"<p>Thrive Th\u00e8mes Le th\u00e8me WordPress pressif, r\u00e9put\u00e9 pour sa puissance et sa sophistication exceptionnels, a \u00e9t\u00e9 m\u00e9ticuleusement con\u00e7u pour vous permettre de fa\u00e7onner un site Web exquis et professionnel qui captive sans effort vos visiteurs et les transforme sans effort en patrons fid\u00e8les et r\u00e9mun\u00e9ratifs. B\u00e9n\u00e9ficiant d&rsquo;une conception immacul\u00e9e et flexible qui s&rsquo;adapte de mani\u00e8re transparente \u00e0 n&rsquo;importe quel appareil, ainsi qu&rsquo;une myriade d&rsquo;attributs personnalisables et une vaste gamme d&rsquo;outils de marketing int\u00e9gr\u00e9s, rationalise fondamentalement le processus de dessiner, d&rsquo;engager et de convertir votre public cible. Que vous vous efforcez de construire un blog dynamique et expressif, un portefeuille saisissant et s\u00e9duisant, ou une boutique en ligne efficace et sans couture, vous fournit rapidement une suite globale de ressources indispensables qui accomplissent de mani\u00e8re complets chacune de vos membres de votre votre requis, vous permettant de manifester une pr\u00e9sence en ligne impressionnante et tr\u00e8s influente. C&rsquo;est un fait incontestable qu&rsquo;un nombre toujours croissant d&rsquo;entreprises et de blogueurs astucieux et exigeants reposent sans \u00e9quivoque sur un th\u00e8me WordPress pressif de th\u00e8mes pour catalyser leurs perc\u00e9es dans le domaine num\u00e9rique farouchement comp\u00e9titif. Par cons\u00e9quent, il vous incombe sans \u00e9quivoque d&#8217;embrasser cette innovation remarquable et in\u00e9gal\u00e9e pour propulser votre succ\u00e8s en ligne \u00e0 des sommets sans pr\u00e9c\u00e9dent sans plus tarder!<\/p>\n","protected":false},"featured_media":145580,"comment_status":"open","ping_status":"open","template":"","meta":[],"product_brand":[2675],"product_cat":[1242,1212,1213],"product_tag":[1382],"class_list":{"0":"post-134671","1":"product","2":"type-product","3":"status-publish","4":"has-post-thumbnail","6":"product_brand-thrive-themes","7":"product_cat-creatif","8":"product_cat-themes","9":"product_cat-wordpress-themes","10":"product_tag-thrive-themes","11":"member-discount","12":"discount-restricted","14":"first","15":"instock","16":"sale","17":"downloadable","18":"virtual","19":"sold-individually","20":"purchasable","21":"product-type-simple"},"_links":{"self":[{"href":"https:\/\/gpl-love.com\/fr\/wp-json\/wp\/v2\/product\/134671","targetHints":{"allow":["GET"]}}],"collection":[{"href":"https:\/\/gpl-love.com\/fr\/wp-json\/wp\/v2\/product"}],"about":[{"href":"https:\/\/gpl-love.com\/fr\/wp-json\/wp\/v2\/types\/product"}],"replies":[{"embeddable":true,"href":"https:\/\/gpl-love.com\/fr\/wp-json\/wp\/v2\/comments?post=134671"}],"wp:featuredmedia":[{"embeddable":true,"href":"https:\/\/gpl-love.com\/fr\/wp-json\/wp\/v2\/media\/145580"}],"wp:attachment":[{"href":"https:\/\/gpl-love.com\/fr\/wp-json\/wp\/v2\/media?parent=134671"}],"wp:term":[{"taxonomy":"product_brand","embeddable":true,"href":"https:\/\/gpl-love.com\/fr\/wp-json\/wp\/v2\/product_brand?post=134671"},{"taxonomy":"product_cat","embeddable":true,"href":"https:\/\/gpl-love.com\/fr\/wp-json\/wp\/v2\/product_cat?post=134671"},{"taxonomy":"product_tag","embeddable":true,"href":"https:\/\/gpl-love.com\/fr\/wp-json\/wp\/v2\/product_tag?post=134671"}],"curies":[{"name":"wp","href":"https:\/\/api.w.org\/{rel}","templated":true}]}}