{"id":134669,"date":"2022-02-25T00:00:00","date_gmt":"2022-02-24T23:00:00","guid":{"rendered":"https:\/\/gpl-love.com\/fr\/produit\/thrive-themes-performag-wordpress-theme\/"},"modified":"2026-03-20T23:40:56","modified_gmt":"2026-03-20T22:40:56","slug":"thrive-themes-performag-wordpress-theme","status":"publish","type":"product","link":"https:\/\/gpl-love.com\/fr\/produit\/thrive-themes-performag-wordpress-theme\/","title":{"rendered":"Thrive Themes Performag WordPress Theme 2.11.1"},"content":{"rendered":"<h3>Thrive Themes Performag WordPress Theme Traits<\/h3>\n<p>Le th\u00e8me Thrive Th\u00e8mes PerformAg WordPress est un outil exceptionnel qui peut am\u00e9liorer consid\u00e9rablement votre pr\u00e9sence en ligne en vous permettant de cr\u00e9er un site Web captivant et professionnel. Il offre une vaste gamme d&rsquo;options de personnalisation qui vous permettent d&rsquo;adapter votre site \u00e0 vos exigences pr\u00e9cises et pr\u00e9f\u00e9rences personnelles. De plus, ce th\u00e8me fournit divers mod\u00e8les de pages pr\u00e9d\u00e9finis, y compris des pages de destination, des pages de produits et des pages de contact, ce qui facilite la cr\u00e9ation de divers types de pages.<\/p>\n<p>L&rsquo;une des fonctionnalit\u00e9s remarquables de Performag est sa conception r\u00e9active, garantissant que votre site Web conserve une apparence impressionnante sur tous les appareils, qu&rsquo;il s&rsquo;agisse d&rsquo;un ordinateur de bureau, d&rsquo;une tablette ou d&rsquo;un smartphone. En outre, ce th\u00e8me est optimis\u00e9 pour l&rsquo;optimisation de la vitesse et du moteur de recherche, garantissant des temps de chargement rapides et des classements \u00e9lev\u00e9s sur les pages de r\u00e9sultats du moteur de recherche. En exploitant la puissance de Performag, vous pouvez construire un site Web qui non seulement \u00e9blouit esth\u00e9tiquement mais s&rsquo;av\u00e8re \u00e9galement tr\u00e8s efficace et efficace pour atteindre vos objectifs en ligne.<\/p>\n<ul>\n<li>Conception \u00e0 conversion \u00e9lev\u00e9e: con\u00e7ue sp\u00e9cifiquement pour convertir les visiteurs en abonn\u00e9s et clients<\/li>\n<li>Pages de destination personnalisables: Cr\u00e9ez facilement des pages de destination qui correspondent \u00e0 votre marque et convertissent les visiteurs avec le g\u00e9n\u00e9rateur de pages glisser-d\u00e9poser<\/li>\n<li>Placement du widget intelligent: placez vos widgets strat\u00e9giquement avec la fonction de zone de widget intelligent pour augmenter l&rsquo;engagement<\/li>\n<li>Marketing par e-mail int\u00e9gr\u00e9: int\u00e9gr\u00e9 \u00e0 des services de marketing par e-mail populaires comme MailChimp et Aweber pour optimiser pleinement vos campagnes par e-mail<\/li>\n<li>Tableau de bord facile \u00e0 utiliser: le tableau de bord intuitif facilite la personnalisation et la gestion de votre site<\/li>\n<li>S\u00e9o-adapt\u00e9: construit avec l&rsquo;optimisation des moteurs de recherche \u00e0 l&rsquo;esprit pour aider \u00e0 am\u00e9liorer la visibilit\u00e9 de votre site dans les r\u00e9sultats des moteurs de recherche<\/li>\n<li>Sensible \u00e0 mobile: la conception enti\u00e8rement r\u00e9active garantit que votre site s&rsquo;adapte automatiquement \u00e0 n&rsquo;importe quelle taille d&rsquo;\u00e9cran, offrant une exp\u00e9rience utilisateur optimale sur n&rsquo;importe quel appareil<\/li>\n<li>Support premium: \u00e9quipe de soutien r\u00e9active et comp\u00e9tente disponible pour vous aider avec toutes les questions ou probl\u00e8mes que vous pourriez avoir.<\/li>\n<\/ul>\n","protected":false},"excerpt":{"rendered":"<p>Le th\u00e8me WordPress Thrive Th\u00e8mes Performag est la quintessence d&rsquo;une solution globale m\u00e9ticuleusement con\u00e7ue pour r\u00e9pondre aux besoins distincts des blogueurs comp\u00e9tents et des \u00e9diteurs en ligne astucieux. Ce th\u00e8me hautement sp\u00e9cialis\u00e9 a \u00e9t\u00e9 exclusivement con\u00e7u pour r\u00e9pondre aux exigences des sites Web faim d&rsquo;une vague palpable de l&rsquo;engagement des lecteurs et des opportunit\u00e9s de mon\u00e9tisation sans pr\u00e9c\u00e9dent. B\u00e9n\u00e9ficiant d&rsquo;une esth\u00e9tique \u00e9l\u00e9gante et minimaliste, Performag met sans effort le projecteur carr\u00e9ment sur l&rsquo;\u00e9clat de votre contenu, en vous assurant que vos lecteurs estim\u00e9s peuvent d\u00e9vorer et le distribuer sans effort avec leurs r\u00e9seaux. Ce th\u00e8me incomparable est \u00e9quip\u00e9 d&rsquo;une gamme impressionnante de fonctionnalit\u00e9s robustes qui incluent des widgets personnalisables, des placements d&rsquo;annonces m\u00e9ticuleusement optimis\u00e9s et un vaste r\u00e9pertoire d&rsquo;options de typographie avanc\u00e9es. Que vous vous trouviez dans le domaine de plus en plus dynamique des blogs ou que vous soyez un propri\u00e9taire d&rsquo;entreprise astucieux naviguant dans le paysage num\u00e9rique, le th\u00e8me Performag WordPress poss\u00e8de sans \u00e9quivoque le pouvoir et la fonctionnalit\u00e9 pour catapulter votre site Web \u00e0 des sommets in\u00e9gal\u00e9s de succ\u00e8s et de pro\u00e9minence.<\/p>\n","protected":false},"featured_media":145579,"comment_status":"open","ping_status":"open","template":"","meta":[],"product_brand":[2675],"product_cat":[1220,1212,1213],"product_tag":[1382],"class_list":{"0":"post-134669","1":"product","2":"type-product","3":"status-publish","4":"has-post-thumbnail","6":"product_brand-thrive-themes","7":"product_cat-blog-magazine","8":"product_cat-themes","9":"product_cat-wordpress-themes","10":"product_tag-thrive-themes","11":"member-discount","12":"discount-restricted","14":"first","15":"instock","16":"sale","17":"downloadable","18":"virtual","19":"sold-individually","20":"purchasable","21":"product-type-simple"},"_links":{"self":[{"href":"https:\/\/gpl-love.com\/fr\/wp-json\/wp\/v2\/product\/134669","targetHints":{"allow":["GET"]}}],"collection":[{"href":"https:\/\/gpl-love.com\/fr\/wp-json\/wp\/v2\/product"}],"about":[{"href":"https:\/\/gpl-love.com\/fr\/wp-json\/wp\/v2\/types\/product"}],"replies":[{"embeddable":true,"href":"https:\/\/gpl-love.com\/fr\/wp-json\/wp\/v2\/comments?post=134669"}],"wp:featuredmedia":[{"embeddable":true,"href":"https:\/\/gpl-love.com\/fr\/wp-json\/wp\/v2\/media\/145579"}],"wp:attachment":[{"href":"https:\/\/gpl-love.com\/fr\/wp-json\/wp\/v2\/media?parent=134669"}],"wp:term":[{"taxonomy":"product_brand","embeddable":true,"href":"https:\/\/gpl-love.com\/fr\/wp-json\/wp\/v2\/product_brand?post=134669"},{"taxonomy":"product_cat","embeddable":true,"href":"https:\/\/gpl-love.com\/fr\/wp-json\/wp\/v2\/product_cat?post=134669"},{"taxonomy":"product_tag","embeddable":true,"href":"https:\/\/gpl-love.com\/fr\/wp-json\/wp\/v2\/product_tag?post=134669"}],"curies":[{"name":"wp","href":"https:\/\/api.w.org\/{rel}","templated":true}]}}