{"id":134667,"date":"2022-02-25T00:00:00","date_gmt":"2022-02-24T23:00:00","guid":{"rendered":"https:\/\/gpl-love.com\/fr\/produit\/thrive-themes-minus-wordpress-theme\/"},"modified":"2026-04-10T18:43:26","modified_gmt":"2026-04-10T16:43:26","slug":"thrive-themes-minus-wordpress-theme","status":"publish","type":"product","link":"https:\/\/gpl-love.com\/fr\/produit\/thrive-themes-minus-wordpress-theme\/","title":{"rendered":"Thrive Themes Minus WordPress Theme 2.11.1"},"content":{"rendered":"<h3>Thrive Themes Minus WordPress Theme Traits<\/h3>\n<p>Le th\u00e8me Thrive Th\u00e8mes moins WordPress englobe un large \u00e9ventail de fonctionnalit\u00e9s et de mall\u00e9abilit\u00e9, ce qui le rend un th\u00e8me tr\u00e8s adaptable et charg\u00e9 de personnalisation qui poss\u00e8de un design rationalis\u00e9 et contemporain. En mettant l&rsquo;accent sur la simple et la convivialit\u00e9 des utilisateurs, ce th\u00e8me permet aux individus d\u00e9pourvus de toute expertise de codage des sites Web sans effort projetant une aura polie et professionnelle. Les options de personnalisation robustes du th\u00e8me accordent aux utilisateurs la possibilit\u00e9 d&rsquo;adapter le th\u00e8me pour r\u00e9pondre \u00e0 leurs exigences distinctes, offrant un assortiment de choix pour modifier la disposition, la typographie et les palettes de couleurs. De plus, le th\u00e8me poss\u00e8de une pl\u00e9thore de mod\u00e8les pr\u00e9-structur\u00e9s et d&rsquo;\u00e9l\u00e9ments de contenu, facilitant la cr\u00e9ation rapide de pages et dispositions visuellement \u00e9tonnantes. Le fait que son objectif tourne autour de la fa\u00e7onnerie d&rsquo;un emporium de commerce \u00e9lectronique, d&rsquo;un blog personnel ou d&rsquo;un site Web de niveau d&rsquo;entreprise, les th\u00e8mes Thrive Minus WordPress \u00e9tendent un fondement in\u00e9branlable et solide sur lequel construire une pr\u00e9sence en ligne impressionnante.<\/p>\n<ul>\n<li>Design propre et intuitif pour un look moderne et professionnel<\/li>\n<li>Mod\u00e8les de page de destination int\u00e9gr\u00e9s con\u00e7us pour des conversions \u00e9lev\u00e9es<\/li>\n<li>Options de personnalisation compl\u00e8tes pour adapter votre site \u00e0 votre marque<\/li>\n<li>Optimis\u00e9 pour la vitesse pour assurer des temps de chargement rapide et une exp\u00e9rience utilisateur am\u00e9lior\u00e9e<\/li>\n<li>Formulaires de g\u00e9n\u00e9ration de leads int\u00e9gr\u00e9s et options d&rsquo;int\u00e9gration avec les services de marketing par e-mail<\/li>\n<li>Options d&rsquo;int\u00e9gration pour les plugins populaires tels que les formulaires WooCommerce et Gravity<\/li>\n<li>Acc\u00e8s \u00e0 l&rsquo;Universit\u00e9 Thrive pour des tutoriels et des ressources complets pour am\u00e9liorer votre site Web<\/li>\n<li>Mises \u00e0 jour r\u00e9guli\u00e8res et soutien de l&rsquo;\u00e9quipe Thrive Themes pour les am\u00e9liorations et les corrections de bogues continues.<\/li>\n<\/ul>\n","protected":false},"excerpt":{"rendered":"<p>Le th\u00e8me Thrive Th\u00e8mes moins WordPress est un th\u00e8me de site Web innovant et visuellement attrayant qui optimise efficacement la conception de votre site Web pour maximiser les taux de conversion. En fournissant une interface propre et conviviale, ce th\u00e8me stimule consid\u00e9rablement les performances de votre site Web et motive vos visiteurs \u00e0 s&rsquo;engager avec votre contenu. Vous avez la flexibilit\u00e9 de s\u00e9lectionner parmi un assortiment diversifi\u00e9 de mod\u00e8les personnalisables, vous permettant de cr\u00e9er un site Web con\u00e7u par des professionnels qui s&rsquo;aligne parfaitement sur votre style unique et votre identit\u00e9 de marque. Avec les th\u00e8mes Thrive moins le th\u00e8me WordPress, vous pouvez profiter des vitesses de chargement rapides et une disposition enti\u00e8rement adaptable qui s&rsquo;ajuste de mani\u00e8re transparente pour s&rsquo;adapter \u00e0 toutes les tailles et appareils d&rsquo;\u00e9cran. Am\u00e9liorez sans effort votre pr\u00e9sence en ligne et distinguez-vous de la concurrence avec ce th\u00e8me intuitivement con\u00e7u et accessible.<\/p>\n","protected":false},"featured_media":145578,"comment_status":"open","ping_status":"open","template":"","meta":[],"product_brand":[2675],"product_cat":[1220,1212,1213],"product_tag":[1382],"class_list":{"0":"post-134667","1":"product","2":"type-product","3":"status-publish","4":"has-post-thumbnail","6":"product_brand-thrive-themes","7":"product_cat-blog-magazine","8":"product_cat-themes","9":"product_cat-wordpress-themes","10":"product_tag-thrive-themes","11":"member-discount","12":"discount-restricted","14":"first","15":"instock","16":"sale","17":"downloadable","18":"virtual","19":"sold-individually","20":"purchasable","21":"product-type-simple"},"_links":{"self":[{"href":"https:\/\/gpl-love.com\/fr\/wp-json\/wp\/v2\/product\/134667","targetHints":{"allow":["GET"]}}],"collection":[{"href":"https:\/\/gpl-love.com\/fr\/wp-json\/wp\/v2\/product"}],"about":[{"href":"https:\/\/gpl-love.com\/fr\/wp-json\/wp\/v2\/types\/product"}],"replies":[{"embeddable":true,"href":"https:\/\/gpl-love.com\/fr\/wp-json\/wp\/v2\/comments?post=134667"}],"wp:featuredmedia":[{"embeddable":true,"href":"https:\/\/gpl-love.com\/fr\/wp-json\/wp\/v2\/media\/145578"}],"wp:attachment":[{"href":"https:\/\/gpl-love.com\/fr\/wp-json\/wp\/v2\/media?parent=134667"}],"wp:term":[{"taxonomy":"product_brand","embeddable":true,"href":"https:\/\/gpl-love.com\/fr\/wp-json\/wp\/v2\/product_brand?post=134667"},{"taxonomy":"product_cat","embeddable":true,"href":"https:\/\/gpl-love.com\/fr\/wp-json\/wp\/v2\/product_cat?post=134667"},{"taxonomy":"product_tag","embeddable":true,"href":"https:\/\/gpl-love.com\/fr\/wp-json\/wp\/v2\/product_tag?post=134667"}],"curies":[{"name":"wp","href":"https:\/\/api.w.org\/{rel}","templated":true}]}}