{"id":134665,"date":"2022-02-25T00:00:00","date_gmt":"2022-02-24T23:00:00","guid":{"rendered":"https:\/\/gpl-love.com\/fr\/produit\/thrive-themes-luxe-wordpress-theme\/"},"modified":"2026-04-10T18:43:25","modified_gmt":"2026-04-10T16:43:25","slug":"thrive-themes-luxe-wordpress-theme","status":"publish","type":"product","link":"https:\/\/gpl-love.com\/fr\/produit\/thrive-themes-luxe-wordpress-theme\/","title":{"rendered":"Thrive Themes Luxe WordPress Theme 2.11.1"},"content":{"rendered":"<h3>Thrive Themes Luxe WordPress Theme Traits<\/h3>\n<p>Thrive Themes Luxe, un th\u00e8me WordPress exceptionnel de qualit\u00e9 sup\u00e9rieure, pr\u00e9sente sa comp\u00e9tence en facilitant la cr\u00e9ation sans effort de sites Web visuellement frappants et m\u00e9ticuleusement professionnels. Int\u00e9grant de mani\u00e8re transparente un constructeur de glisser-d\u00e9poser, ce th\u00e8me permet de s&rsquo;aligner sans effort sans effort avec sa marque et son style distinctifs. Notamment, ce th\u00e8me poss\u00e8de sa r\u00e9activit\u00e9 compl\u00e8te et sa optimisation optimale de vitesse, garantissant une pr\u00e9sentation visuelle remarquable et un chargement rapide sur divers appareils. En outre, il est \u00e9quip\u00e9 d&rsquo;une gamme diversifi\u00e9e de fonctionnalit\u00e9s pr\u00e9install\u00e9es, \u00e0 savoir des pages de destination personnalisables, une int\u00e9gration transparente avec le marketing par e-mail et des \u00e9l\u00e9ments de conception hi\u00e9rarchisant les taux de conversion. En adoptant les capacit\u00e9s remarquables de Thrive Themes Luxe, on a la capacit\u00e9 de forger une pr\u00e9sence en ligne influente et captivante qui attire et convertit sans effort un nombre accru de visiteurs en clients fid\u00e8les.<\/p>\n<ul>\n<li>Un th\u00e8me WordPress premium visuellement \u00e9tonnant con\u00e7u pour attirer et engager les utilisateurs<\/li>\n<li>Offre une gamme d&rsquo;options de personnalisation int\u00e9gr\u00e9es pour adapter l&rsquo;apparence de votre site Web<\/li>\n<li>Livr\u00e9 avec des pages de destination ax\u00e9es sur la conversion pour vous aider \u00e0 promouvoir vos produits ou services<\/li>\n<li>La fonctionnalit\u00e9 de test A \/ B int\u00e9gr\u00e9e vous permet d&rsquo;optimiser votre site Web pour de meilleurs r\u00e9sultats<\/li>\n<li>Comprend Thrive Content Builder, un g\u00e9n\u00e9rateur de pages glisser-d\u00e9poser qui vous permet de cr\u00e9er des dispositions complexes avec facilit\u00e9<\/li>\n<li>Propose une gamme de widgets et de codes short personnalisables pour am\u00e9liorer les fonctionnalit\u00e9s de votre site Web<\/li>\n<li>Poss\u00e8de des temps de chargement rapides et une conception r\u00e9active pour vous assurer que votre site Web a fi\u00e8re allure sur chaque appareil<\/li>\n<li>Offre une int\u00e9gration transparente avec des outils tiers populaires, tels que les services de marketing par e-mail et les plateformes de m\u00e9dias sociaux<\/li>\n<li>Comprend une documentation approfondie et un soutien complet de l&rsquo;\u00e9quipe Thrive Themes.<\/li>\n<\/ul>\n","protected":false},"excerpt":{"rendered":"<p>Le th\u00e8me WordPress de Luxe Thrive Th\u00e8mes poss\u00e8de un design sophistiqu\u00e9 et contemporain qui est sur mesure pour des sites Web cherchant \u00e0 am\u00e9liorer leur pr\u00e9sence en ligne. Avec son accent in\u00e9branlable sur les visuels de premier ordre et la navigation conviviale, ce th\u00e8me est un match id\u00e9al pour les individus aspirant \u00e0 forger une impression ind\u00e9l\u00e9bile sur les visiteurs de leur site. De plus, le th\u00e8me WordPress de Luxe Th\u00e8mes Thrive est \u00e9quip\u00e9 d&rsquo;une gamme de fonctionnalit\u00e9s qui facilitent la personnalisation sans effort, englobant des mod\u00e8les de publication personnalisables, des widgets personnalis\u00e9s et une vaste gamme de styles de police et de palettes de couleurs. Qu&rsquo;il s&rsquo;agisse de l&rsquo;initiation d&rsquo;un blog, de l&rsquo;\u00e9tablissement d&rsquo;un portefeuille ou de l&rsquo;\u00e9tablissement d&rsquo;un emporium de commerce \u00e9lectronique, le th\u00e8me WordPress Luxe Th\u00e8mes Thrive sert de choix stellaire pour quiconque aspirant \u00e0 transcender les limites du potentiel de leur site Web.<\/p>\n","protected":false},"featured_media":145577,"comment_status":"open","ping_status":"open","template":"","meta":[],"product_brand":[2675],"product_cat":[1220,1212,1213],"product_tag":[1382],"class_list":{"0":"post-134665","1":"product","2":"type-product","3":"status-publish","4":"has-post-thumbnail","6":"product_brand-thrive-themes","7":"product_cat-blog-magazine","8":"product_cat-themes","9":"product_cat-wordpress-themes","10":"product_tag-thrive-themes","11":"member-discount","12":"discount-restricted","14":"first","15":"instock","16":"sale","17":"downloadable","18":"virtual","19":"sold-individually","20":"purchasable","21":"product-type-simple"},"_links":{"self":[{"href":"https:\/\/gpl-love.com\/fr\/wp-json\/wp\/v2\/product\/134665","targetHints":{"allow":["GET"]}}],"collection":[{"href":"https:\/\/gpl-love.com\/fr\/wp-json\/wp\/v2\/product"}],"about":[{"href":"https:\/\/gpl-love.com\/fr\/wp-json\/wp\/v2\/types\/product"}],"replies":[{"embeddable":true,"href":"https:\/\/gpl-love.com\/fr\/wp-json\/wp\/v2\/comments?post=134665"}],"wp:featuredmedia":[{"embeddable":true,"href":"https:\/\/gpl-love.com\/fr\/wp-json\/wp\/v2\/media\/145577"}],"wp:attachment":[{"href":"https:\/\/gpl-love.com\/fr\/wp-json\/wp\/v2\/media?parent=134665"}],"wp:term":[{"taxonomy":"product_brand","embeddable":true,"href":"https:\/\/gpl-love.com\/fr\/wp-json\/wp\/v2\/product_brand?post=134665"},{"taxonomy":"product_cat","embeddable":true,"href":"https:\/\/gpl-love.com\/fr\/wp-json\/wp\/v2\/product_cat?post=134665"},{"taxonomy":"product_tag","embeddable":true,"href":"https:\/\/gpl-love.com\/fr\/wp-json\/wp\/v2\/product_tag?post=134665"}],"curies":[{"name":"wp","href":"https:\/\/api.w.org\/{rel}","templated":true}]}}