{"id":134663,"date":"2022-02-25T00:00:00","date_gmt":"2022-02-24T23:00:00","guid":{"rendered":"https:\/\/gpl-love.com\/fr\/produit\/thrive-themes-ignition-wordpress-theme\/"},"modified":"2026-04-10T18:43:24","modified_gmt":"2026-04-10T16:43:24","slug":"thrive-themes-ignition-wordpress-theme","status":"publish","type":"product","link":"https:\/\/gpl-love.com\/fr\/produit\/thrive-themes-ignition-wordpress-theme\/","title":{"rendered":"Thrive Themes Ignition WordPress Theme 2.11.1"},"content":{"rendered":"<h3>Thrive Themes Ignition WordPress Theme Traits<\/h3>\n<p>Thrive Themes Ignition, un th\u00e8me WordPress remarquablement polyvalent et personnalisable, a \u00e9t\u00e9 m\u00e9ticuleusement con\u00e7u pour aider les entreprises et les individus \u00e0 la cr\u00e9ation de sites Web professionnels qui sont pr\u00eats \u00e0 des taux de conversion optimaux. B\u00e9n\u00e9ficiant d&rsquo;un design \u00e9l\u00e9gant et contemporain, l&rsquo;allumage pr\u00e9sente un \u00e9ventail de mod\u00e8les pr\u00e9-con\u00e7us et de composants r\u00e9glables qui facilitent la construction transparente d&rsquo;un site distinctif et captivant. Le th\u00e8me poss\u00e8de une r\u00e9activit\u00e9 exceptionnelle et une optimisation de la vitesse, garantissant des temps de chargement rapides et des performances sup\u00e9rieures sur tous les appareils. De plus, l&rsquo;allumage offre une large gamme de fonctionnalit\u00e9s puissantes, englobant des formulaires de g\u00e9n\u00e9ration de leads int\u00e9gr\u00e9s, des en-t\u00eates et des pieds de page personnalisables et des options de typographie avanc\u00e9es. En exploitant le pouvoir de Thrive Th\u00e8mes Ignition, vous pouvez fa\u00e7onner un site Web tr\u00e8s performant qui est personnalis\u00e9 selon vos exigences et aspirations pr\u00e9cises.<\/p>\n<ul>\n<li>Design \u00e9l\u00e9gant et moderne qui est facile pour les yeux et convivial<\/li>\n<li>Haut niveau d&rsquo;options de personnalisation, vous permettant de cr\u00e9er un site Web unique qui refl\u00e8te votre marque<\/li>\n<li>Conception enti\u00e8rement r\u00e9active qui a fi\u00e8re allure sur tous les appareils, du bureau au mobile<\/li>\n<li>Pages \u00e0 chargement rapide qui aident \u00e0 optimiser les performances et le r\u00e9f\u00e9rencement de votre site Web<\/li>\n<li>Des fonctionnalit\u00e9s ax\u00e9es sur la conversion int\u00e9gr\u00e9es, telles que des pages de destination personnalisables et des appels \u00e0 l&rsquo;action, pour augmenter les taux de conversion de votre site<\/li>\n<li>Documentation compl\u00e8te et soutien pour vous guider \u00e0 travers le processus de configuration et de personnalisation<\/li>\n<li>Compatible avec tous les principaux plugins et services WordPress<\/li>\n<li>Options de disposition flexibles qui peuvent \u00eatre adapt\u00e9es \u00e0 vos besoins et objectifs sp\u00e9cifiques<\/li>\n<li>Mises \u00e0 jour et am\u00e9liorations r\u00e9guli\u00e8res pour garder votre site \u00e0 jour et s\u00e9curis\u00e9<\/li>\n<li>Livr\u00e9 avec une garantie de remboursement de 30 jours, vous donnant la confiance n\u00e9cessaire pour l&rsquo;essayer sans risque.<\/li>\n<\/ul>\n","protected":false},"excerpt":{"rendered":"<p>Le th\u00e8me WordPress d&rsquo;allumage des th\u00e8mes Thrive est un th\u00e8me incroyablement robuste et \u00e9l\u00e9gant qui poss\u00e8de une pl\u00e9thore de fonctionnalit\u00e9s avanc\u00e9es, vous permettant de construire sans effort des sites Web captivants visuellement. Son design sophistiqu\u00e9 et contemporain le rend extr\u00eamement modifiable, r\u00e9pondant \u00e0 vos pr\u00e9f\u00e9rences et exigences uniques. Que vous visiez \u00e0 \u00e9tablir un blog captivant, une boutique en ligne efficace ou un site Web d&rsquo;entreprise professionnel, le th\u00e8me WordPress Thrive Themes Ignition reste une s\u00e9lection exceptionnelle qui est garantie pour vous propulser vers les r\u00e9sultats souhait\u00e9s. Il est tr\u00e8s conseill\u00e9 de saisir cette opportunit\u00e9 remarquable sans d\u00e9lai, en acqu\u00e9rant et en int\u00e9grant rapidement le th\u00e8me d&rsquo;allumage dans vos efforts de renforcement de pr\u00e9sence en ligne.<\/p>\n","protected":false},"featured_media":145576,"comment_status":"open","ping_status":"open","template":"","meta":[],"product_brand":[2675],"product_cat":[1516,1212,1213],"product_tag":[1382],"class_list":{"0":"post-134663","1":"product","2":"type-product","3":"status-publish","4":"has-post-thumbnail","6":"product_brand-thrive-themes","7":"product_cat-entreprise","8":"product_cat-themes","9":"product_cat-wordpress-themes","10":"product_tag-thrive-themes","11":"member-discount","12":"discount-restricted","14":"first","15":"instock","16":"sale","17":"downloadable","18":"virtual","19":"sold-individually","20":"purchasable","21":"product-type-simple"},"_links":{"self":[{"href":"https:\/\/gpl-love.com\/fr\/wp-json\/wp\/v2\/product\/134663","targetHints":{"allow":["GET"]}}],"collection":[{"href":"https:\/\/gpl-love.com\/fr\/wp-json\/wp\/v2\/product"}],"about":[{"href":"https:\/\/gpl-love.com\/fr\/wp-json\/wp\/v2\/types\/product"}],"replies":[{"embeddable":true,"href":"https:\/\/gpl-love.com\/fr\/wp-json\/wp\/v2\/comments?post=134663"}],"wp:featuredmedia":[{"embeddable":true,"href":"https:\/\/gpl-love.com\/fr\/wp-json\/wp\/v2\/media\/145576"}],"wp:attachment":[{"href":"https:\/\/gpl-love.com\/fr\/wp-json\/wp\/v2\/media?parent=134663"}],"wp:term":[{"taxonomy":"product_brand","embeddable":true,"href":"https:\/\/gpl-love.com\/fr\/wp-json\/wp\/v2\/product_brand?post=134663"},{"taxonomy":"product_cat","embeddable":true,"href":"https:\/\/gpl-love.com\/fr\/wp-json\/wp\/v2\/product_cat?post=134663"},{"taxonomy":"product_tag","embeddable":true,"href":"https:\/\/gpl-love.com\/fr\/wp-json\/wp\/v2\/product_tag?post=134663"}],"curies":[{"name":"wp","href":"https:\/\/api.w.org\/{rel}","templated":true}]}}