{"id":134661,"date":"2022-02-25T00:00:00","date_gmt":"2022-02-24T23:00:00","guid":{"rendered":"https:\/\/gpl-love.com\/fr\/produit\/thrive-themes-focusblog-wordpress-theme\/"},"modified":"2026-04-10T18:43:23","modified_gmt":"2026-04-10T16:43:23","slug":"thrive-themes-focusblog-wordpress-theme","status":"publish","type":"product","link":"https:\/\/gpl-love.com\/fr\/produit\/thrive-themes-focusblog-wordpress-theme\/","title":{"rendered":"Thrive Themes Focusblog WordPress Theme 2.11.1"},"content":{"rendered":"<h3>Thrive Themes Focusblog WordPress Theme Traits<\/h3>\n<p>Le th\u00e8me WordPress de Focusblog Thrive Themes, qui est propos\u00e9 comme th\u00e8me premium, a \u00e9t\u00e9 m\u00e9ticuleusement con\u00e7u pour aider les blogueurs \u00e0 fabriquer visuellement captivant et convaincant un contenu qui captivera et conservera leurs lecteurs. B\u00e9n\u00e9ficiant d&rsquo;un design \u00e9l\u00e9gant et contemporain, ainsi qu&rsquo;une multitude d&rsquo;options enti\u00e8rement personnalisables, Focusblog accorde aux blogueurs la possibilit\u00e9 d&rsquo;accentuer leur contenu et de fournir aux lecteurs une exp\u00e9rience de navigation non encombr\u00e9e et fluide. Parmi la myriade de fonctionnalit\u00e9s que ce th\u00e8me englobe figurent une typographie optimis\u00e9e, des widgets personnalisables, des types de messages personnalis\u00e9s et des boutons de partage social, qui facilitent tous de mani\u00e8re transparente la cr\u00e9ation et la diffusion du contenu. De plus, il est imp\u00e9ratif de noter que Focusblog est con\u00e7u pour \u00eatre remarquablement r\u00e9actif sur divers appareils mobiles, garantissant que votre site Web d\u00e9gage un sens de l&rsquo;excellence quelle que soit la plate-forme sur laquelle il est accessible. Compte tenu de ses formidables caract\u00e9ristiques et de son esth\u00e9tique sophistiqu\u00e9e, il devient de plus en plus \u00e9vident que le th\u00e8me WordPress de Focal Themes Thrive Th\u00e8mes repr\u00e9sente un choix in\u00e9gal\u00e9 pour les blogueurs qui cherchent \u00e0 \u00e9lever leur pr\u00e9sence en ligne \u00e0 des hauteurs sans pr\u00e9c\u00e9dent.<\/p>\n<ul>\n<li>Un th\u00e8me WordPress hautement personnalisable con\u00e7u sp\u00e9cifiquement pour les blogueurs<\/li>\n<li>Plusieurs options de mise en page pour les articles et pages de blog<\/li>\n<li>Disposition de page d&rsquo;accueil personnalisable avec plusieurs zones de widget<\/li>\n<li>Formulaires d&rsquo;opt-in par e-mail int\u00e9gr\u00e9s pour cr\u00e9er votre liste de diffusion<\/li>\n<li>Typographie personnalisable, y compris l&rsquo;int\u00e9gration de polices Google<\/li>\n<li>Conception r\u00e9active pour vous assurer que votre site a fi\u00e8re allure sur tous les appareils<\/li>\n<li>Boutons de partage social int\u00e9gr\u00e9s pour promouvoir facilement votre contenu sur les r\u00e9seaux sociaux<\/li>\n<li>Conception et codage adapt\u00e9s au r\u00e9f\u00e9rencement pour aider votre site \u00e0 se classer plus haut dans les moteurs de recherche<\/li>\n<li>Mod\u00e8les de page de destination en option pour promouvoir des offres ou des produits sp\u00e9cifiques<\/li>\n<li>Int\u00e9gration facile avec des plugins WordPress populaires, tels que WooCommerce et Yoast SEO.<\/li>\n<\/ul>\n","protected":false},"excerpt":{"rendered":"<p>Le th\u00e8me WordPress Thrive Th\u00e8mes Focusblog pr\u00e9sente une r\u00e9solution impeccable pour les blogueurs et les cr\u00e9ateurs de contenu aspirant \u00e0 un design immacul\u00e9 et contemporain pour embellir leur site Web. Ce th\u00e8me profite \u00e0 une abondance d&rsquo;attributs qui sont pr\u00eats \u00e0 faciliter l&rsquo;acquisition et la pr\u00e9servation de votre public, englobant la fourniture de pages de destination personnalisables, la typographie qui est pr\u00eate \u00e0 \u00eatre optimis\u00e9e et l&rsquo;int\u00e9gration d&rsquo;outils de g\u00e9n\u00e9ration de leads qui sont intrins\u00e8quement int\u00e9gr\u00e9s. Avec sa capacit\u00e9 \u00e0 s&rsquo;adapter \u00e0 divers appareils et \u00e0 ses options de personnalisation sans effort, le th\u00e8me FocusBlog accordera sans aucun doute \u00e0 votre contenu un rayonnement in\u00e9gal\u00e9, \u00e9tayant ainsi votre importance virtuelle et facilitant l&rsquo;expansion de votre pr\u00e9sence en ligne.<\/p>\n","protected":false},"featured_media":145575,"comment_status":"open","ping_status":"open","template":"","meta":[],"product_brand":[2675],"product_cat":[1220,1212,1213],"product_tag":[1382],"class_list":{"0":"post-134661","1":"product","2":"type-product","3":"status-publish","4":"has-post-thumbnail","6":"product_brand-thrive-themes","7":"product_cat-blog-magazine","8":"product_cat-themes","9":"product_cat-wordpress-themes","10":"product_tag-thrive-themes","11":"member-discount","12":"discount-restricted","14":"first","15":"instock","16":"sale","17":"downloadable","18":"virtual","19":"sold-individually","20":"purchasable","21":"product-type-simple"},"_links":{"self":[{"href":"https:\/\/gpl-love.com\/fr\/wp-json\/wp\/v2\/product\/134661","targetHints":{"allow":["GET"]}}],"collection":[{"href":"https:\/\/gpl-love.com\/fr\/wp-json\/wp\/v2\/product"}],"about":[{"href":"https:\/\/gpl-love.com\/fr\/wp-json\/wp\/v2\/types\/product"}],"replies":[{"embeddable":true,"href":"https:\/\/gpl-love.com\/fr\/wp-json\/wp\/v2\/comments?post=134661"}],"wp:featuredmedia":[{"embeddable":true,"href":"https:\/\/gpl-love.com\/fr\/wp-json\/wp\/v2\/media\/145575"}],"wp:attachment":[{"href":"https:\/\/gpl-love.com\/fr\/wp-json\/wp\/v2\/media?parent=134661"}],"wp:term":[{"taxonomy":"product_brand","embeddable":true,"href":"https:\/\/gpl-love.com\/fr\/wp-json\/wp\/v2\/product_brand?post=134661"},{"taxonomy":"product_cat","embeddable":true,"href":"https:\/\/gpl-love.com\/fr\/wp-json\/wp\/v2\/product_cat?post=134661"},{"taxonomy":"product_tag","embeddable":true,"href":"https:\/\/gpl-love.com\/fr\/wp-json\/wp\/v2\/product_tag?post=134661"}],"curies":[{"name":"wp","href":"https:\/\/api.w.org\/{rel}","templated":true}]}}