{"id":134659,"date":"2026-03-18T00:00:00","date_gmt":"2026-03-17T23:00:00","guid":{"rendered":"https:\/\/gpl-love.com\/fr\/produit\/themify-ultra-theme-premium-wordpress\/"},"modified":"2026-04-10T18:43:11","modified_gmt":"2026-04-10T16:43:11","slug":"themify-ultra-theme-premium-wordpress","status":"publish","type":"product","link":"https:\/\/gpl-love.com\/fr\/produit\/themify-ultra-theme-premium-wordpress\/","title":{"rendered":"Themify Ultra Theme 8.1.3"},"content":{"rendered":"<h3>Themify Ultra Theme Traits<\/h3>\n<p>Le th\u00e8me Ultra The Ultra est un th\u00e8me WordPress exceptionnellement polyvalent et tr\u00e8s r\u00e9actif, con\u00e7u sp\u00e9cifiquement pour autonomiser les utilisateurs dans la cr\u00e9ation de sites Web visuellement captivants et contemporains qui s&rsquo;adressent \u00e0 un large \u00e9ventail d&rsquo;entreprises commerciales ou personnelles. Gr\u00e2ce \u00e0 son constructeur de pages glisser-d\u00e9poser remarquablement convivial, vous avez la possibilit\u00e9 remarquable d&rsquo;adapter de mani\u00e8re transparente votre site \u00e0 vos sp\u00e9cifications exactes, incorporant sans effort une vaste vari\u00e9t\u00e9 de fonctionnalit\u00e9s telles que les curseurs, les galeries, les formulaires de contact, les cartes et d&rsquo;innombrables autres. Que vous vous identifiiez comme un blogueur, un entrepreneur ou un d\u00e9veloppeur Web, le th\u00e8me Ultra The Ultra vous accorde une vaste gamme d&rsquo;outils indispensables, facilitant ainsi le d\u00e9veloppement d&rsquo;un site Web visuellement convaincant et exceptionnellement fonctionnel qui est s\u00fbr de laisser un durcissement Impression sur vos visiteurs et atteindre efficacement vos objectifs. De plus, le th\u00e8me poss\u00e8de \u00e9galement une documentation et un soutien complet, garantissant que vous recevrez toute l&rsquo;aide n\u00e9cessaire pour vous lancer en toute confiance dans votre voyage et exploiter pleinement l&rsquo;immense potentiel inh\u00e9rent \u00e0 ce th\u00e8me extraordinaire.<\/p>\n<ul>\n<li>Le th\u00e8me Ultra The Ultra est un th\u00e8me WordPress haut de gamme con\u00e7u pour les entreprises, les professionnels et tous ceux qui ont besoin d&rsquo;un site Web d&rsquo;aspect professionnel.<\/li>\n<li>Il est livr\u00e9 avec une grande s\u00e9lection de mod\u00e8les et de dispositions pr\u00e9fabriqu\u00e9s qui sont faciles \u00e0 personnaliser afin que vous puissiez cr\u00e9er un site Web unique qui se d\u00e9marque du reste.<\/li>\n<li>Le g\u00e9n\u00e9rateur de glisser-d\u00e9poser facilite la cr\u00e9ation de dispositions de page et de contenu personnalis\u00e9es sans avoir besoin de codage.<\/li>\n<li>Le th\u00e8me est enti\u00e8rement r\u00e9actif, ce qui signifie qu&rsquo;il s&rsquo;adaptera \u00e0 n&rsquo;importe quelle taille d&rsquo;\u00e9cran, garantissant que votre site Web a fi\u00e8re allure sur le bureau, les tablettes et les appareils mobiles.<\/li>\n<li>Le th\u00e8me Ultra THEFIFY est livr\u00e9 avec une vari\u00e9t\u00e9 d&rsquo;outils et de plugins int\u00e9gr\u00e9s qui vous aident \u00e0 personnaliser l&rsquo;apparence et les fonctionnalit\u00e9s de votre site, y compris une s\u00e9lection de galeries d&rsquo;images, de curseurs et de formulaires de contact.<\/li>\n<li>Le th\u00e8me est \u00e9galement optimis\u00e9 pour le r\u00e9f\u00e9rencement, garantissant que votre site Web appara\u00eet dans les r\u00e9sultats des moteurs de recherche et est facile \u00e0 trouver pour les clients et les clients potentiels.<\/li>\n<li>Avec The Th\u00e9ify Ultra Theme, vous pouvez cr\u00e9er rapidement et facilement un site Web d&rsquo;aspect professionnel qui sert de magasin en ligne pour votre entreprise, votre portefeuille ou votre marque personnelle.<\/li>\n<li>Que vous cherchiez \u00e0 cr\u00e9er un site Web d&rsquo;entreprise ou personnel, The Th\u00e9ify Ultra Th\u00e8me offre un niveau de personnalisation in\u00e9gal\u00e9 par de nombreux autres th\u00e8mes WordPress.<\/li>\n<\/ul>\n","protected":false},"excerpt":{"rendered":"<p>\u00cates-vous \u00e0 la recherche d&rsquo;un th\u00e8me hautement adaptable et enti\u00e8rement personnalisable qui peut \u00eatre adapt\u00e9 aux exigences sp\u00e9cifiques de votre site Web? Si c&rsquo;est le cas, votre recherche se termine ici par le th\u00e8me Ultra The Thify remarquable! Ce th\u00e8me exceptionnellement robuste et riche en fonctionnalit\u00e9s offre une vaste collection de plus de 60 dispositions pr\u00e9-con\u00e7ues, augment\u00e9e par 12 addons de constructeurs inestimables suppl\u00e9mentaires. Ces addons vous permettent de cr\u00e9er sans effort et rapidement des pages et des messages captivants. De plus, sa nature r\u00e9active garantit que votre site Web conservera son attrait visuel et ses fonctionnalit\u00e9s optimales sur tous les appareils. De plus, le th\u00e8me Ultra Ultra a \u00e9t\u00e9 m\u00e9ticuleusement optimis\u00e9 pour le r\u00e9f\u00e9rencement, permettant \u00e0 votre site Web de se classer favorablement sur les pages de r\u00e9sultats du moteur de recherche. En choisissant The Th\u00e9siy Ultra Theme, vous d\u00e9bloquez des possibilit\u00e9s illimit\u00e9es pour votre site Web, permettant vraiment \u00e0 votre vision cr\u00e9ative de s&rsquo;\u00e9panouir sans limites.<\/p>\n","protected":false},"featured_media":145560,"comment_status":"open","ping_status":"open","template":"","meta":[],"product_brand":[2674],"product_cat":[1214,1212,1213],"product_tag":[1375],"class_list":{"0":"post-134659","1":"product","2":"type-product","3":"status-publish","4":"has-post-thumbnail","6":"product_brand-themify","7":"product_cat-polyvalent","8":"product_cat-themes","9":"product_cat-wordpress-themes","10":"product_tag-themify","11":"member-discount","12":"discount-restricted","14":"first","15":"instock","16":"sale","17":"downloadable","18":"virtual","19":"sold-individually","20":"purchasable","21":"product-type-simple"},"_links":{"self":[{"href":"https:\/\/gpl-love.com\/fr\/wp-json\/wp\/v2\/product\/134659","targetHints":{"allow":["GET"]}}],"collection":[{"href":"https:\/\/gpl-love.com\/fr\/wp-json\/wp\/v2\/product"}],"about":[{"href":"https:\/\/gpl-love.com\/fr\/wp-json\/wp\/v2\/types\/product"}],"replies":[{"embeddable":true,"href":"https:\/\/gpl-love.com\/fr\/wp-json\/wp\/v2\/comments?post=134659"}],"wp:featuredmedia":[{"embeddable":true,"href":"https:\/\/gpl-love.com\/fr\/wp-json\/wp\/v2\/media\/145560"}],"wp:attachment":[{"href":"https:\/\/gpl-love.com\/fr\/wp-json\/wp\/v2\/media?parent=134659"}],"wp:term":[{"taxonomy":"product_brand","embeddable":true,"href":"https:\/\/gpl-love.com\/fr\/wp-json\/wp\/v2\/product_brand?post=134659"},{"taxonomy":"product_cat","embeddable":true,"href":"https:\/\/gpl-love.com\/fr\/wp-json\/wp\/v2\/product_cat?post=134659"},{"taxonomy":"product_tag","embeddable":true,"href":"https:\/\/gpl-love.com\/fr\/wp-json\/wp\/v2\/product_tag?post=134659"}],"curies":[{"name":"wp","href":"https:\/\/api.w.org\/{rel}","templated":true}]}}