{"id":134657,"date":"2024-12-07T00:00:00","date_gmt":"2024-12-06T23:00:00","guid":{"rendered":"https:\/\/gpl-love.com\/fr\/produit\/themify-tisa-wordpress-theme\/"},"modified":"2026-04-10T18:43:10","modified_gmt":"2026-04-10T16:43:10","slug":"themify-tisa-wordpress-theme","status":"publish","type":"product","link":"https:\/\/gpl-love.com\/fr\/produit\/themify-tisa-wordpress-theme\/","title":{"rendered":"Themify Tisa Theme 7.5.5"},"content":{"rendered":"<h3>Themify Tisa Theme Traits<\/h3>\n<p>Le th\u00e8me Tisa Tisa, un th\u00e8me WordPress tr\u00e8s polyvalent et r\u00e9actif, a \u00e9t\u00e9 m\u00e9ticuleusement con\u00e7u pour r\u00e9pondre aux besoins des blogueurs, des \u00e9crivains et des cr\u00e9ateurs de contenu. B\u00e9n\u00e9ficiant d&rsquo;une conception propre et minimaliste, le th\u00e8me Tisa d\u00e9gage une interface conviviale et facilement navigable, permettant aux utilisateurs de personnaliser sans effort leurs sites Web avec la plus grande commodit\u00e9. Ce th\u00e8me comprend un large \u00e9ventail de fonctionnalit\u00e9s pr\u00e9d\u00e9finies, allant des en-t\u00eates personnalisables, des pieds de page et des widgets \u00e0 un assortiment de dispositions de poste, de sch\u00e9mas de couleurs et d&rsquo;options de typographie. De plus, le th\u00e8me TISA a \u00e9t\u00e9 optimis\u00e9 avec diligence pour les moteurs de recherche, garantissant une visibilit\u00e9 et une accessibilit\u00e9 accrue, tout en restant enti\u00e8rement compatible avec tous les principaux navigateurs et appareils, facilitant ainsi l&rsquo;interaction et l&rsquo;engagement transparents avec le public. Embelli d&rsquo;une conception intuitive et \u00e9l\u00e9gante, le th\u00e8me Tisa Tisa appara\u00eet incontestablement comme le choix par excellence pour les personnes cherchant \u00e0 \u00e9tablir un blog ou un site Web professionnel et raffin\u00e9.<\/p>\n<ul>\n<li>Le th\u00e8me Tisa Tisa est un th\u00e8me WordPress hautement fonctionnel et polyvalent.<\/li>\n<li>Il est con\u00e7u avec une esth\u00e9tique propre et moderne, ce qui le rend parfait pour une gamme de sites Web diff\u00e9rents.<\/li>\n<li>Le th\u00e8me offre une gamme d&rsquo;options de mise en page et de fonctionnalit\u00e9s de personnalisation, ce qui facilite la personnalisation et l&rsquo;adaptation de vos besoins.<\/li>\n<li>Il comprend une s\u00e9lection de mod\u00e8les pr\u00e9-con\u00e7us et de dispositions de page d&rsquo;accueil, ce qui facilite le d\u00e9marrage de la conception de votre site.<\/li>\n<li>Le th\u00e8me Tisa Tisa est enti\u00e8rement r\u00e9actif et con\u00e7u pour \u00eatre superbe sur tous les appareils, en veillant \u00e0 ce que votre site Web soit accessible \u00e0 tous les utilisateurs.<\/li>\n<li>Le th\u00e8me est convivial pour le r\u00e9f\u00e9rencement, avec des fonctionnalit\u00e9s d&rsquo;optimisation int\u00e9gr\u00e9es pour aider \u00e0 am\u00e9liorer votre classement de moteur de recherche.<\/li>\n<li>Il est \u00e9galement compatible avec une gamme de diff\u00e9rents plugins et widgets, vous permettant d&rsquo;ajouter des fonctionnalit\u00e9s suppl\u00e9mentaires \u00e0 votre site au besoin.<\/li>\n<li>Le th\u00e8me Tisa Tisa propose un tableau de bord facile \u00e0 utiliser et une interface intuitive, ce qui permet aux utilisateurs novices simples de commencer la cr\u00e9ation de leur propre site Web.<\/li>\n<li>Le th\u00e8me est r\u00e9guli\u00e8rement mis \u00e0 jour et pris en charge, garantissant que votre site Web reste \u00e0 jour et s\u00e9curis\u00e9.<\/li>\n<li>Il est \u00e9galement soutenu par une \u00e9quipe de support client conviviale et r\u00e9active, qui est disponible pour aider \u00e0 toutes les questions ou probl\u00e8mes que vous pouvez rencontrer.<\/li>\n<\/ul>\n","protected":false},"excerpt":{"rendered":"<p>Le th\u00e8me Tisa Tisa est un th\u00e8me WordPress exceptionnellement chic et m\u00e9ticuleusement con\u00e7u pour afficher votre contenu d&rsquo;une mani\u00e8re vierge et sophistiqu\u00e9e. Que vous soyez un blogueur astucieux, un photographe comp\u00e9tent ou un propri\u00e9taire d&rsquo;entreprise ambitieux, Tisa offre un cadre tr\u00e8s adaptable qui permet la cr\u00e9ation d&rsquo;une marque en ligne vraiment distinctive. Gr\u00e2ce \u00e0 sa conception remarquablement r\u00e9active et \u00e0 la disponibilit\u00e9 d&rsquo;une large gamme d&rsquo;options de disposition flexibles, votre site Web d\u00e9gagera constamment un niveau d&rsquo;attrait visuel in\u00e9gal\u00e9 sur tous les appareils. La typographie impeccablement \u00e9l\u00e9gante du th\u00e8me et la disposition bas\u00e9e sur la grille magistralement construite garantissent efficacement que votre contenu capture sans effort l&rsquo;attention et captive l&rsquo;int\u00e9r\u00eat de votre public estim\u00e9. De plus, arm\u00e9 du constructeur de glisser-d\u00e9poser de The Thify de The Thify, vous pouvez personnaliser les mod\u00e8les pr\u00e9existants de votre c\u0153ur de mani\u00e8re transparente et sans effort sans effort dans un voyage de cr\u00e9ation de la cr\u00e9ation, en fa\u00e7onnant m\u00e9ticuleusement un site Web qui se lance avec un site Web, en fa\u00e7onnant m\u00e9ticuleusement un site Web qui se l\u00e8ve. s&rsquo;aligne impeccablement sur vos exigences et pr\u00e9f\u00e9rences uniques.<\/p>\n","protected":false},"featured_media":145559,"comment_status":"open","ping_status":"open","template":"","meta":[],"product_brand":[2674],"product_cat":[1220,1212,1213],"product_tag":[1375],"class_list":{"0":"post-134657","1":"product","2":"type-product","3":"status-publish","4":"has-post-thumbnail","6":"product_brand-themify","7":"product_cat-blog-magazine","8":"product_cat-themes","9":"product_cat-wordpress-themes","10":"product_tag-themify","11":"member-discount","12":"discount-restricted","14":"first","15":"instock","16":"sale","17":"downloadable","18":"virtual","19":"sold-individually","20":"purchasable","21":"product-type-simple"},"_links":{"self":[{"href":"https:\/\/gpl-love.com\/fr\/wp-json\/wp\/v2\/product\/134657","targetHints":{"allow":["GET"]}}],"collection":[{"href":"https:\/\/gpl-love.com\/fr\/wp-json\/wp\/v2\/product"}],"about":[{"href":"https:\/\/gpl-love.com\/fr\/wp-json\/wp\/v2\/types\/product"}],"replies":[{"embeddable":true,"href":"https:\/\/gpl-love.com\/fr\/wp-json\/wp\/v2\/comments?post=134657"}],"wp:featuredmedia":[{"embeddable":true,"href":"https:\/\/gpl-love.com\/fr\/wp-json\/wp\/v2\/media\/145559"}],"wp:attachment":[{"href":"https:\/\/gpl-love.com\/fr\/wp-json\/wp\/v2\/media?parent=134657"}],"wp:term":[{"taxonomy":"product_brand","embeddable":true,"href":"https:\/\/gpl-love.com\/fr\/wp-json\/wp\/v2\/product_brand?post=134657"},{"taxonomy":"product_cat","embeddable":true,"href":"https:\/\/gpl-love.com\/fr\/wp-json\/wp\/v2\/product_cat?post=134657"},{"taxonomy":"product_tag","embeddable":true,"href":"https:\/\/gpl-love.com\/fr\/wp-json\/wp\/v2\/product_tag?post=134657"}],"curies":[{"name":"wp","href":"https:\/\/api.w.org\/{rel}","templated":true}]}}