{"id":134655,"date":"2024-12-07T00:00:00","date_gmt":"2024-12-06T23:00:00","guid":{"rendered":"https:\/\/gpl-love.com\/fr\/produit\/themify-thememin-wordpress-theme\/"},"modified":"2026-04-10T18:43:09","modified_gmt":"2026-04-10T16:43:09","slug":"themify-thememin-wordpress-theme","status":"publish","type":"product","link":"https:\/\/gpl-love.com\/fr\/produit\/themify-thememin-wordpress-theme\/","title":{"rendered":"Themify Thememin Theme 7.5.5"},"content":{"rendered":"<h3>Themify Thememin Theme Traits<\/h3>\n<p>Le th\u00e8me The Thememin The Thememin pr\u00e9sente une disposition visuellement attrayante et contemporaine qui est parfaitement adapt\u00e9e aux individus engag\u00e9s dans les blogs, les ind\u00e9pendants et ceux qui poss\u00e8dent des petites entreprises. Ce th\u00e8me, avec sa conception immacul\u00e9e et adaptable, permet aux utilisateurs d&rsquo;\u00e9tablir sans effort un site Web qui englobe vraiment leur image de marque et leur communication de base. Le th\u00e8me Thememin est accompagn\u00e9 d&rsquo;une pl\u00e9thore d&rsquo;attributs, y compris de nombreux mod\u00e8les de pages, des widgets personnalis\u00e9s et un constructeur de glisser-d\u00e9poser par l&rsquo;utilisateur. Par cons\u00e9quent, les individus peuvent construire et personnaliser leurs sites Web d\u00e9pourvus de toute expertise de codage pr\u00e9alable. De plus, le th\u00e8me de Thememin est extr\u00eamement optimis\u00e9 pour faciliter l&rsquo;optimisation rapide des moteurs de chargement et de recherche (SEO), garantissant ainsi que votre site Web se charge rapidement et peut \u00eatre d\u00e9couvert sans effort par les moteurs de recherche. En fin de compte, le th\u00e8me The Thememin The Thememin est une s\u00e9lection astucieuse pour les personnes \u00e0 la recherche d&rsquo;un th\u00e8me WordPress global et ax\u00e9 sur l&rsquo;utilisateur.<\/p>\n<ul>\n<li>Design moderne et \u00e9l\u00e9gant qui est visuellement attrayant et convivial<\/li>\n<li>Disposition personnalisable avec des options de couleurs et des choix de police illimit\u00e9s<\/li>\n<li>Builateur de page de glisser-d\u00e9poser int\u00e9gr\u00e9 pour une personnalisation facile sans connaissance de codage<\/li>\n<li>Pleinement r\u00e9actif, assurer une visibilit\u00e9 et une fonctionnalit\u00e9 optimales sur tous les appareils<\/li>\n<li>Int\u00e9gration avec des plugins populaires tels que WooCommerce et WPML pour une fonctionnalit\u00e9 suppl\u00e9mentaire<\/li>\n<li>\u00c9quipe de soutien robuste et documentation approfondie pour un d\u00e9pannage et une assistance faciles<\/li>\n<li>Mises \u00e0 jour et am\u00e9liorations r\u00e9guli\u00e8res pour assurer la compatibilit\u00e9 avec les nouvelles mises \u00e0 jour WordPress et les progr\u00e8s technologiques.<\/li>\n<\/ul>\n","protected":false},"excerpt":{"rendered":"<p>Le th\u00e8me The Thememin The Thememin appara\u00eet comme une solution ultime, r\u00e9pondant aux besoins des personnes cherchant \u00e0 cr\u00e9er un site Web remarquable et esth\u00e9tique. Il poss\u00e8de un design m\u00e9ticuleusement con\u00e7u, englobant un \u00e9ventail de fonctionnalit\u00e9s conviviales et des alternatives de personnalisation de pointe, ce qui permet aux utilisateurs de fa\u00e7onner une apparence in\u00e9gal\u00e9e qui s&rsquo;aligne magnifiquement avec leur marque. Gr\u00e2ce \u00e0 sa conception r\u00e9active impeccable, votre site Web d\u00e9gagera de l&rsquo;\u00e9clat sur tous les appareils, tandis que l&rsquo;incorporation de l&rsquo;optimisation du r\u00e9f\u00e9rencement int\u00e9gr\u00e9e alloira irr\u00e9sistiblement un plus grand afflux de visiteurs de votre domaine num\u00e9rique. Que vous aspiriez \u00e0 \u00e9tablir un blog personnel ou une plate-forme en ligne sophistiqu\u00e9e pour votre entreprise prosp\u00e8re, soyez assur\u00e9 que le th\u00e8me The Thememin The Thememin est la quintessence de la perfection, in\u00e9branlable dans sa capacit\u00e9 \u00e0 satisfaire vos exigences.<\/p>\n","protected":false},"featured_media":145557,"comment_status":"open","ping_status":"open","template":"","meta":[],"product_brand":[2674],"product_cat":[1242,1212,1213],"product_tag":[1375],"class_list":{"0":"post-134655","1":"product","2":"type-product","3":"status-publish","4":"has-post-thumbnail","6":"product_brand-themify","7":"product_cat-creatif","8":"product_cat-themes","9":"product_cat-wordpress-themes","10":"product_tag-themify","11":"member-discount","12":"discount-restricted","14":"first","15":"instock","16":"sale","17":"downloadable","18":"virtual","19":"sold-individually","20":"purchasable","21":"product-type-simple"},"_links":{"self":[{"href":"https:\/\/gpl-love.com\/fr\/wp-json\/wp\/v2\/product\/134655","targetHints":{"allow":["GET"]}}],"collection":[{"href":"https:\/\/gpl-love.com\/fr\/wp-json\/wp\/v2\/product"}],"about":[{"href":"https:\/\/gpl-love.com\/fr\/wp-json\/wp\/v2\/types\/product"}],"replies":[{"embeddable":true,"href":"https:\/\/gpl-love.com\/fr\/wp-json\/wp\/v2\/comments?post=134655"}],"wp:featuredmedia":[{"embeddable":true,"href":"https:\/\/gpl-love.com\/fr\/wp-json\/wp\/v2\/media\/145557"}],"wp:attachment":[{"href":"https:\/\/gpl-love.com\/fr\/wp-json\/wp\/v2\/media?parent=134655"}],"wp:term":[{"taxonomy":"product_brand","embeddable":true,"href":"https:\/\/gpl-love.com\/fr\/wp-json\/wp\/v2\/product_brand?post=134655"},{"taxonomy":"product_cat","embeddable":true,"href":"https:\/\/gpl-love.com\/fr\/wp-json\/wp\/v2\/product_cat?post=134655"},{"taxonomy":"product_tag","embeddable":true,"href":"https:\/\/gpl-love.com\/fr\/wp-json\/wp\/v2\/product_tag?post=134655"}],"curies":[{"name":"wp","href":"https:\/\/api.w.org\/{rel}","templated":true}]}}