{"id":134653,"date":"2024-12-07T00:00:00","date_gmt":"2024-12-06T23:00:00","guid":{"rendered":"https:\/\/gpl-love.com\/fr\/produit\/themify-suco-wordpress-theme\/"},"modified":"2026-04-10T18:43:08","modified_gmt":"2026-04-10T16:43:08","slug":"themify-suco-wordpress-theme","status":"publish","type":"product","link":"https:\/\/gpl-love.com\/fr\/produit\/themify-suco-wordpress-theme\/","title":{"rendered":"Themify Suco Theme 7.5.5"},"content":{"rendered":"<h3>Themify Suco Theme Traits<\/h3>\n<p>Le th\u00e8me Suco The Thify est un th\u00e8me WordPress extr\u00eamement polyvalent et tr\u00e8s r\u00e9actif, qui offre aux utilisateurs une vaste gamme d&rsquo;options de personnalisation, leur permettant ainsi d&rsquo;adapter leur site Web en fonction de leurs pr\u00e9f\u00e9rences uniques. Ce th\u00e8me est particuli\u00e8rement bien adapt\u00e9 aux personnes \u00e0 la recherche d&rsquo;une conception de site Web \u00e9l\u00e9gante et contemporaine qui accorde la plus grande importance \u00e0 pr\u00e9senter efficacement leur contenu captivant. Avec une s\u00e9lection abondante de dispositions pr\u00e9-con\u00e7ues facilement accessibles, les utilisateurs ont la commodit\u00e9 de fa\u00e7onner rapidement et sans effort sans effort un site Web distinctif qui s&rsquo;aligne impeccablement sur leur identit\u00e9 de marque. De plus, le th\u00e8me Suco englobe un constructeur de pages de glisser-d\u00e9poser remarquablement convivial, facilitant ainsi la cr\u00e9ation transparente de pages personnalis\u00e9es sans toute connaissance ou expertise de codage requise. Gr\u00e2ce \u00e0 sa r\u00e9activit\u00e9 inh\u00e9rente, ce th\u00e8me garantit que le site Web semble visuellement \u00e9poustouflant sur toutes sortes d&rsquo;appareils, tandis que son optimisation m\u00e9ticuleuse pour les moteurs de recherche garantit que votre contenu inestimable obtient le niveau de visibilit\u00e9 qu&rsquo;elle m\u00e9rite sans \u00e9quivoque. Lorsque tout est dit et fait, il devient clairement clair que le th\u00e8me Suco THEFIFY repr\u00e9sente sans \u00e9quivoque une option superlative pour tous les individus \u00e0 la recherche d&rsquo;un th\u00e8me WordPress facilement accessible et sans effort sans effort.<\/p>\n<ul>\n<li>Design propre et moderne.<\/li>\n<li>Disposition enti\u00e8rement r\u00e9active et adapt\u00e9e aux mobiles.<\/li>\n<li>Options de t\u00eate et de pied de page personnalisables.<\/li>\n<li>Sections de page d&rsquo;accueil personnalisables.<\/li>\n<li>Int\u00e9gration avec des constructeurs de pages populaires tels que Elementor et Beaver Builder.<\/li>\n<li>Options de mise en page et de page multiples et de pages.<\/li>\n<li>WooCommerce pr\u00eat pour les fonctionnalit\u00e9s de la boutique en ligne.<\/li>\n<li>Builder The Thify facile \u00e0 utiliser pour cr\u00e9er des pages et des dispositions personnalis\u00e9es.<\/li>\n<li>Traduction pr\u00eate pour la port\u00e9e du public mondial.<\/li>\n<li>Mises \u00e0 jour continue et support \u00e0 partir de The Thify.<\/li>\n<\/ul>\n","protected":false},"excerpt":{"rendered":"<p>Le th\u00e8me Suco The Thify sert de solution impeccable et optimale pour pr\u00e9senter efficacement ses efforts cr\u00e9atifs d&rsquo;une mani\u00e8re exceptionnellement rationalis\u00e9e et sophistiqu\u00e9e. Ce th\u00e8me WordPress contemporain et discret comprend une gamme d&rsquo;options de mise en page diverses, d\u00e9gageant un air de typographie \u00e9l\u00e9gante et de sch\u00e9mas de couleurs personnalisables, offrant ainsi \u00e0 l&rsquo;utilisateur la capacit\u00e9 transparente pour afficher son portefeuille en ligne, sa photographie ou toute autre entreprise cr\u00e9ative avec la plus grande facilit\u00e9 et leur plus facilit\u00e9 et leur plus facilit\u00e9 et son portefeuille en ligne d\u00e9licatesse. En outre, en raison de sa conception tr\u00e8s r\u00e9active et de son interface intuitive conviviale, le th\u00e8me Suco se positionne sans aucun doute comme un atout indispensable pour tout professionnel cr\u00e9atif exigeant qui aspire \u00e0 \u00e9tablir une pr\u00e9sence en ligne frappante et affirm\u00e9e.<\/p>\n","protected":false},"featured_media":145556,"comment_status":"open","ping_status":"open","template":"","meta":[],"product_brand":[2674],"product_cat":[1516,1212,1213],"product_tag":[1375],"class_list":{"0":"post-134653","1":"product","2":"type-product","3":"status-publish","4":"has-post-thumbnail","6":"product_brand-themify","7":"product_cat-entreprise","8":"product_cat-themes","9":"product_cat-wordpress-themes","10":"product_tag-themify","11":"member-discount","12":"discount-restricted","14":"first","15":"instock","16":"sale","17":"downloadable","18":"virtual","19":"sold-individually","20":"purchasable","21":"product-type-simple"},"_links":{"self":[{"href":"https:\/\/gpl-love.com\/fr\/wp-json\/wp\/v2\/product\/134653","targetHints":{"allow":["GET"]}}],"collection":[{"href":"https:\/\/gpl-love.com\/fr\/wp-json\/wp\/v2\/product"}],"about":[{"href":"https:\/\/gpl-love.com\/fr\/wp-json\/wp\/v2\/types\/product"}],"replies":[{"embeddable":true,"href":"https:\/\/gpl-love.com\/fr\/wp-json\/wp\/v2\/comments?post=134653"}],"wp:featuredmedia":[{"embeddable":true,"href":"https:\/\/gpl-love.com\/fr\/wp-json\/wp\/v2\/media\/145556"}],"wp:attachment":[{"href":"https:\/\/gpl-love.com\/fr\/wp-json\/wp\/v2\/media?parent=134653"}],"wp:term":[{"taxonomy":"product_brand","embeddable":true,"href":"https:\/\/gpl-love.com\/fr\/wp-json\/wp\/v2\/product_brand?post=134653"},{"taxonomy":"product_cat","embeddable":true,"href":"https:\/\/gpl-love.com\/fr\/wp-json\/wp\/v2\/product_cat?post=134653"},{"taxonomy":"product_tag","embeddable":true,"href":"https:\/\/gpl-love.com\/fr\/wp-json\/wp\/v2\/product_tag?post=134653"}],"curies":[{"name":"wp","href":"https:\/\/api.w.org\/{rel}","templated":true}]}}