{"id":134651,"date":"2024-12-07T00:00:00","date_gmt":"2024-12-06T23:00:00","guid":{"rendered":"https:\/\/gpl-love.com\/fr\/produit\/themify-stack-wordpress-theme\/"},"modified":"2026-04-10T18:43:07","modified_gmt":"2026-04-10T16:43:07","slug":"themify-stack-wordpress-theme","status":"publish","type":"product","link":"https:\/\/gpl-love.com\/fr\/produit\/themify-stack-wordpress-theme\/","title":{"rendered":"Themify Stack Theme 7.6.1"},"content":{"rendered":"<h3>Themify Stack Theme Traits<\/h3>\n<p>Le th\u00e8me de la pile The Th\u00e9ify est un th\u00e8me WordPress incroyablement polyvalent et exceptionnellement moderne qui pr\u00e9sente aux utilisateurs un vaste \u00e9ventail d&rsquo;options de personnalisation, leur permettant d&rsquo;adapter leur site Web \u00e0 leurs sp\u00e9cifications exactes. Gr\u00e2ce \u00e0 son interface de glisser-d\u00e9poser par les utilisateurs, les individus peuvent sans effort consacrer des sites Web distinctifs et esth\u00e9tiques sans avoir besoin de connaissances ou d&rsquo;exp\u00e9rience de codage ant\u00e9rieures. De plus, ce th\u00e8me poss\u00e8de une myriade de mod\u00e8les pr\u00e9-con\u00e7us, englobant des dispositions pour les blogs, les portefeuilles et les sites de commerce \u00e9lectronique, garantissant ainsi que les utilisateurs ont une pl\u00e9thore d&rsquo;options \u00e0 leur disposition. En outre, le th\u00e8me de la pile The Thify affiche une conception r\u00e9active, garantissant que les sites Web sont optimis\u00e9s de mani\u00e8re transparente pour tous les appareils, quelle que soit leur taille d&rsquo;\u00e9cran ou leur orientation. De plus, ce th\u00e8me remarquable est convivial, travaillant avec diligence dans les coulisses pour garantir que les sites Web obtiennent une visibilit\u00e9 de premier ordre dans les r\u00e9sultats des moteurs de recherche. Dans l&rsquo;ensemble, le th\u00e8me de la pile The Th\u00e9ify est incontestablement un choix exceptionnel pour les personnes qui cherchent \u00e0 cr\u00e9er rapidement et sans effort un site Web poli et professionnel.<\/p>\n<ul>\n<li>Conception enti\u00e8rement r\u00e9active qui s&rsquo;adapte \u00e0 n&rsquo;importe quelle taille d&rsquo;\u00e9cran<\/li>\n<li>Page de page glisser-d\u00e9poser pour une personnalisation facile<\/li>\n<li>Plus de 25 mod\u00e8les pr\u00e9-con\u00e7us pour la configuration du site Web rapide<\/li>\n<li>Plusieurs skins \u00e0 th\u00e8me et options de couleurs pour correspondre \u00e0 votre marque<\/li>\n<li>Documentation compl\u00e8te et didacticiels vid\u00e9o pour la configuration transparente<\/li>\n<li>Polices Google et prise en charge des polices personnalis\u00e9es pour la typographie unique<\/li>\n<li>Compatibilit\u00e9 du commerce \u00e9lectronique avec l&rsquo;int\u00e9gration WooCommerce<\/li>\n<li>Optimisation du r\u00e9f\u00e9rencement pour une visibilit\u00e9 am\u00e9lior\u00e9e du site Web<\/li>\n<li>Mises \u00e0 jour r\u00e9guli\u00e8res et support client pour une maintenance fiable<\/li>\n<\/ul>\n","protected":false},"excerpt":{"rendered":"<p>Le th\u00e8me de la pile The Th\u00e9ify est un th\u00e8me WordPress incroyablement polyvalent et sans effort personnalisable qui est absolument parfait pour les personnes qui cherchent \u00e0 cr\u00e9er des sites Web avec une esth\u00e9tique incroyablement moderne et sophistiqu\u00e9e. Gr\u00e2ce \u00e0 son constructeur de glisser-d\u00e9poser incroyablement intuitif, les utilisateurs peuvent int\u00e9grer, modifier et am\u00e9liorer et am\u00e9liorer leur contenu et leurs \u00e9l\u00e9ments avec la plus grande facilit\u00e9 et la plus grande commodit\u00e9. De plus, la conception remarquablement r\u00e9active du th\u00e8me garantit que le site Web semblera visuellement \u00e9tonnant et visuellement attrayant sur tous les appareils. De plus, l&rsquo;inclusion d&rsquo;un vaste assortiment de dispositions pr\u00e9-con\u00e7ues et d&rsquo;un assortiment de widgets hautement personnalisables simplifie vraiment le processus de construction du site Web de vos r\u00eaves \u00e0 un degr\u00e9 sans pr\u00e9c\u00e9dent.<\/p>\n","protected":false},"featured_media":145555,"comment_status":"open","ping_status":"open","template":"","meta":[],"product_brand":[2674],"product_cat":[1220,1212,1213],"product_tag":[1375],"class_list":{"0":"post-134651","1":"product","2":"type-product","3":"status-publish","4":"has-post-thumbnail","6":"product_brand-themify","7":"product_cat-blog-magazine","8":"product_cat-themes","9":"product_cat-wordpress-themes","10":"product_tag-themify","11":"member-discount","12":"discount-restricted","14":"first","15":"instock","16":"sale","17":"downloadable","18":"virtual","19":"sold-individually","20":"purchasable","21":"product-type-simple"},"_links":{"self":[{"href":"https:\/\/gpl-love.com\/fr\/wp-json\/wp\/v2\/product\/134651","targetHints":{"allow":["GET"]}}],"collection":[{"href":"https:\/\/gpl-love.com\/fr\/wp-json\/wp\/v2\/product"}],"about":[{"href":"https:\/\/gpl-love.com\/fr\/wp-json\/wp\/v2\/types\/product"}],"replies":[{"embeddable":true,"href":"https:\/\/gpl-love.com\/fr\/wp-json\/wp\/v2\/comments?post=134651"}],"wp:featuredmedia":[{"embeddable":true,"href":"https:\/\/gpl-love.com\/fr\/wp-json\/wp\/v2\/media\/145555"}],"wp:attachment":[{"href":"https:\/\/gpl-love.com\/fr\/wp-json\/wp\/v2\/media?parent=134651"}],"wp:term":[{"taxonomy":"product_brand","embeddable":true,"href":"https:\/\/gpl-love.com\/fr\/wp-json\/wp\/v2\/product_brand?post=134651"},{"taxonomy":"product_cat","embeddable":true,"href":"https:\/\/gpl-love.com\/fr\/wp-json\/wp\/v2\/product_cat?post=134651"},{"taxonomy":"product_tag","embeddable":true,"href":"https:\/\/gpl-love.com\/fr\/wp-json\/wp\/v2\/product_tag?post=134651"}],"curies":[{"name":"wp","href":"https:\/\/api.w.org\/{rel}","templated":true}]}}