{"id":134649,"date":"2026-04-27T00:00:00","date_gmt":"2026-04-26T22:00:00","guid":{"rendered":"https:\/\/gpl-love.com\/fr\/produit\/themify-split-wordpress-theme\/"},"modified":"2026-04-28T00:31:17","modified_gmt":"2026-04-27T22:31:17","slug":"themify-split-wordpress-theme","status":"publish","type":"product","link":"https:\/\/gpl-love.com\/fr\/produit\/themify-split-wordpress-theme\/","title":{"rendered":"Themify Split Theme 7.7.1"},"content":{"rendered":"<h3>Themify Split Theme Traits<\/h3>\n<p>Le th\u00e8me de The Th\u00e9ify Split, un th\u00e8me WordPress exceptionnellement chic et contemporain, sert d&rsquo;outil exceptionnel pour organiser des blogs et des sites Web captivants. Sa conception distinctive \u00e0 \u00e9cran partag\u00e9 offre aux utilisateurs l&rsquo;occasion de pr\u00e9senter leur contenu d&rsquo;une mani\u00e8re visuellement s\u00e9duisante qui est tenue de captiver leur public cible. Ce th\u00e8me poss\u00e8de une r\u00e9activit\u00e9 compl\u00e8te et une personnalisation sans effort, permettant aux utilisateurs de le modifier en fonction de leurs besoins et pr\u00e9f\u00e9rences sp\u00e9cifiques avec la plus grande facilit\u00e9. De plus, il est \u00e9quip\u00e9 d&rsquo;une myriade de fonctionnalit\u00e9s avantageuses, y compris, mais sans s&rsquo;y limiter, des widgets personnalisables, une int\u00e9gration transparente avec diverses plates-formes de m\u00e9dias sociaux et des outils d&rsquo;optimisation des moteurs de recherche int\u00e9gr\u00e9s. Que vous vous classiez comme un blogueur chevronn\u00e9, un entrepreneur en herbe ou un virtuose cr\u00e9atif, le th\u00e8me de The Th\u00e9siy Split repr\u00e9sente sans aucun doute un choix in\u00e9gal\u00e9 pour concevoir un site Web \u00e0 couper le souffle esth\u00e9tique et hautement fonctionnel.<\/p>\n<ul>\n<li>Un th\u00e8me polyvalent moderne et r\u00e9actif pour les sites Web WordPress<\/li>\n<li>Offre 18 d\u00e9mos uniques pr\u00e9-con\u00e7ues pour une vari\u00e9t\u00e9 de niches et d&rsquo;industries<\/li>\n<li>Personnalisez facilement les dispositions, les polices, les couleurs et plus encore avec le constructeur The Drag-and-Drop thenify<\/li>\n<li>Livr\u00e9 avec une vari\u00e9t\u00e9 de fonctionnalit\u00e9s essentielles et avanc\u00e9es, y compris le d\u00e9filement de parallaxe, les vid\u00e9os de fond et l&rsquo;int\u00e9gration des m\u00e9dias sociaux<\/li>\n<li>Optimis\u00e9 pour les performances et le r\u00e9f\u00e9rencement pour assurer des temps de chargement rapide et un classement \u00e9lev\u00e9 des moteurs de recherche<\/li>\n<li>Comprend la prise en charge de WooCommerce, vous permettant de cr\u00e9er facilement une boutique en ligne dans votre site Web<\/li>\n<li>Fournit une documentation et un support approfondis, ainsi que des mises \u00e0 jour r\u00e9guli\u00e8res et des corrections de bogues<\/li>\n<\/ul>\n","protected":false},"excerpt":{"rendered":"<p>Le th\u00e8me Th\u00e9siy Split est un th\u00e8me WordPress incroyablement polyvalent qui offre \u00e0 l&rsquo;utilisateur la possibilit\u00e9 de cr\u00e9er sans effort des sites Web frappants visuellement. Ce th\u00e8me poss\u00e8de une interface glisser-d\u00e9poser conviviale, ainsi qu&rsquo;un large \u00e9ventail d&rsquo;options personnalisables, permettant aux utilisateurs d&rsquo;adapter leur site Web pour r\u00e9pondre \u00e0 leurs sp\u00e9cifications exactes. De plus, le th\u00e8me partag\u00e9 est \u00e9quip\u00e9 d&rsquo;un assortiment de dispositions et de mod\u00e8les pr\u00e9-con\u00e7us, rationalisant le processus de cr\u00e9ation du site Web et en faisant un jeu d&rsquo;enfant pour les individus de tous niveaux. Ce th\u00e8me est un choix optimal pour ceux qui recherchent un site Web contemporain et dynamique qui se d\u00e9marque parmi la concurrence. De plus, gr\u00e2ce \u00e0 sa conception r\u00e9active, le th\u00e8me Split garantit que votre site Web semblera impeccable et visuellement attrayant sur n&rsquo;importe quel appareil, qu&rsquo;il s&rsquo;agisse d&rsquo;un ordinateur de bureau ou d&rsquo;un appareil mobile.<\/p>\n","protected":false},"featured_media":145554,"comment_status":"open","ping_status":"open","template":"","meta":[],"product_brand":[2674],"product_cat":[1220,1212,1213],"product_tag":[1375],"class_list":{"0":"post-134649","1":"product","2":"type-product","3":"status-publish","4":"has-post-thumbnail","6":"product_brand-themify","7":"product_cat-blog-magazine","8":"product_cat-themes","9":"product_cat-wordpress-themes","10":"product_tag-themify","11":"member-discount","12":"discount-restricted","14":"first","15":"instock","16":"sale","17":"downloadable","18":"virtual","19":"sold-individually","20":"purchasable","21":"product-type-simple"},"_links":{"self":[{"href":"https:\/\/gpl-love.com\/fr\/wp-json\/wp\/v2\/product\/134649","targetHints":{"allow":["GET"]}}],"collection":[{"href":"https:\/\/gpl-love.com\/fr\/wp-json\/wp\/v2\/product"}],"about":[{"href":"https:\/\/gpl-love.com\/fr\/wp-json\/wp\/v2\/types\/product"}],"replies":[{"embeddable":true,"href":"https:\/\/gpl-love.com\/fr\/wp-json\/wp\/v2\/comments?post=134649"}],"wp:featuredmedia":[{"embeddable":true,"href":"https:\/\/gpl-love.com\/fr\/wp-json\/wp\/v2\/media\/145554"}],"wp:attachment":[{"href":"https:\/\/gpl-love.com\/fr\/wp-json\/wp\/v2\/media?parent=134649"}],"wp:term":[{"taxonomy":"product_brand","embeddable":true,"href":"https:\/\/gpl-love.com\/fr\/wp-json\/wp\/v2\/product_brand?post=134649"},{"taxonomy":"product_cat","embeddable":true,"href":"https:\/\/gpl-love.com\/fr\/wp-json\/wp\/v2\/product_cat?post=134649"},{"taxonomy":"product_tag","embeddable":true,"href":"https:\/\/gpl-love.com\/fr\/wp-json\/wp\/v2\/product_tag?post=134649"}],"curies":[{"name":"wp","href":"https:\/\/api.w.org\/{rel}","templated":true}]}}