{"id":134647,"date":"2024-12-07T00:00:00","date_gmt":"2024-12-06T23:00:00","guid":{"rendered":"https:\/\/gpl-love.com\/fr\/produit\/themify-simfo-wordpress-theme\/"},"modified":"2026-04-10T18:43:05","modified_gmt":"2026-04-10T16:43:05","slug":"themify-simfo-wordpress-theme","status":"publish","type":"product","link":"https:\/\/gpl-love.com\/fr\/produit\/themify-simfo-wordpress-theme\/","title":{"rendered":"Themify Simfo Theme 7.5.5"},"content":{"rendered":"<h3>Themify Simfo Theme Traits<\/h3>\n<p>Le th\u00e8me THEFIFY SIMFO est un th\u00e8me WordPress exceptionnel qui poss\u00e8de une pl\u00e9thore de fonctionnalit\u00e9s remarquables, y compris un design tr\u00e8s flexible et sophistiqu\u00e9. Ce th\u00e8me premium est sp\u00e9cifiquement adapt\u00e9 pour r\u00e9pondre aux besoins des personnes cherchant \u00e0 \u00e9tablir une pr\u00e9sence en ligne exquise et professionnelle pour leur entreprise ou leur blog personnel. Avec son extraordinaire constructeur de glisser-d\u00e9poser, Simfo permet aux utilisateurs de personnaliser sans effort la mise en page de leur site Web, tout en offrant une vaste collection de mod\u00e8les de page m\u00e9ticuleusement con\u00e7us pour une configuration acc\u00e9l\u00e9r\u00e9e et sans couture. De plus, ce th\u00e8me est enti\u00e8rement r\u00e9actif, garantissant que votre site Web d\u00e9gagera de brillance quel que soit l&rsquo;appareil utilis\u00e9, et il est m\u00e9ticuleusement optimis\u00e9 pour les moteurs de recherche, garantissant des performances optimales dans les r\u00e9sultats de recherche. Si vous cherchez un th\u00e8me WordPress \u00e9l\u00e9gant et fonctionnel qui d\u00e9passera sans aucun doute vos attentes, The Th\u00e9ify Simfo m\u00e9rite incontestablement votre consid\u00e9ration.<\/p>\n<ul>\n<li>Th\u00e8me de site Web magnifiquement con\u00e7u et moderne<\/li>\n<li>Disposition r\u00e9active pour l&rsquo;affichage sans faille sur tous les appareils<\/li>\n<li>Pays de plusieurs pages et publiques au choix<\/li>\n<li>Sch\u00e9mas de couleurs personnalisables pour correspondre \u00e0 votre marque<\/li>\n<li>Faites glisser et d\u00e9posez un constructeur pour une personnalisation facile sans codage de connaissances<\/li>\n<li>Compatible avec les principaux plugins comme WooCommerce et Yoast SEO<\/li>\n<li>Options de partage social int\u00e9gr\u00e9es pour augmenter votre pr\u00e9sence en ligne<\/li>\n<li>Vitesse de chargement rapide pour l&rsquo;exp\u00e9rience utilisateur transparent<\/li>\n<li>Constamment mis \u00e0 jour et soutenu par l&rsquo;\u00e9quipe de The Th\u00e9ify<\/li>\n<li>Importation de d\u00e9monstration en un clic pour relancer le processus de cr\u00e9ation de votre site Web.<\/li>\n<\/ul>\n","protected":false},"excerpt":{"rendered":"<p>Le th\u00e8me THEFIFY SIMFO, connu pour son apparence \u00e9l\u00e9gante et moderne, se pr\u00e9sente comme un th\u00e8me WordPress remarquable qui vise \u00e0 aider les utilisateurs \u00e0 fabriquer des sites Web esth\u00e9tiquement agr\u00e9ables et con\u00e7us par des professionnels. Arborant une esth\u00e9tique propre et minimaliste, ce th\u00e8me s&rsquo;adresse sans effort \u00e0 un large \u00e9ventail de sites Web, allant des blogs personnels aux plateformes ax\u00e9es sur les entreprises. Offrant un immense degr\u00e9 de personnalisation, il poss\u00e8de une gamme diversifi\u00e9e d&rsquo;options pour garantir que les utilisateurs peuvent personnaliser leurs sites Web au contenu de leur c\u0153ur. De plus, il est \u00e9quip\u00e9 d&rsquo;une pl\u00e9thore de fonctionnalit\u00e9s int\u00e9gr\u00e9es, y compris, mais sans s&rsquo;y limiter, la conception r\u00e9active, les widgets personnalis\u00e9s et les types de messages personnalis\u00e9s, qui jouent tous des r\u00f4les instrumentaux dans l&rsquo;\u00e9tablissement d&rsquo;un site Web unique et captivant. Peu importe que l&rsquo;on poss\u00e8de un niveau d&rsquo;expertise novice ou assaisonn\u00e9 dans l&rsquo;utilisation de WordPress, le th\u00e8me THEFIFY SIMFO s&rsquo;av\u00e8re \u00eatre un choix exemplaire pour tous ceux qui cherchent \u00e0 manifester un site Web visuellement \u00e9tonnant et pleinement fonctionnel.<\/p>\n","protected":false},"featured_media":145553,"comment_status":"open","ping_status":"open","template":"","meta":[],"product_brand":[2674],"product_cat":[1220,1212,1213],"product_tag":[1375],"class_list":{"0":"post-134647","1":"product","2":"type-product","3":"status-publish","4":"has-post-thumbnail","6":"product_brand-themify","7":"product_cat-blog-magazine","8":"product_cat-themes","9":"product_cat-wordpress-themes","10":"product_tag-themify","11":"member-discount","12":"discount-restricted","14":"first","15":"instock","16":"sale","17":"downloadable","18":"virtual","19":"sold-individually","20":"purchasable","21":"product-type-simple"},"_links":{"self":[{"href":"https:\/\/gpl-love.com\/fr\/wp-json\/wp\/v2\/product\/134647","targetHints":{"allow":["GET"]}}],"collection":[{"href":"https:\/\/gpl-love.com\/fr\/wp-json\/wp\/v2\/product"}],"about":[{"href":"https:\/\/gpl-love.com\/fr\/wp-json\/wp\/v2\/types\/product"}],"replies":[{"embeddable":true,"href":"https:\/\/gpl-love.com\/fr\/wp-json\/wp\/v2\/comments?post=134647"}],"wp:featuredmedia":[{"embeddable":true,"href":"https:\/\/gpl-love.com\/fr\/wp-json\/wp\/v2\/media\/145553"}],"wp:attachment":[{"href":"https:\/\/gpl-love.com\/fr\/wp-json\/wp\/v2\/media?parent=134647"}],"wp:term":[{"taxonomy":"product_brand","embeddable":true,"href":"https:\/\/gpl-love.com\/fr\/wp-json\/wp\/v2\/product_brand?post=134647"},{"taxonomy":"product_cat","embeddable":true,"href":"https:\/\/gpl-love.com\/fr\/wp-json\/wp\/v2\/product_cat?post=134647"},{"taxonomy":"product_tag","embeddable":true,"href":"https:\/\/gpl-love.com\/fr\/wp-json\/wp\/v2\/product_tag?post=134647"}],"curies":[{"name":"wp","href":"https:\/\/api.w.org\/{rel}","templated":true}]}}