{"id":134645,"date":"2026-03-06T00:00:00","date_gmt":"2026-03-05T23:00:00","guid":{"rendered":"https:\/\/gpl-love.com\/fr\/produit\/themify-shoppe-woocommerce-theme\/"},"modified":"2026-04-10T18:43:04","modified_gmt":"2026-04-10T16:43:04","slug":"themify-shoppe-woocommerce-theme","status":"publish","type":"product","link":"https:\/\/gpl-love.com\/fr\/produit\/themify-shoppe-woocommerce-theme\/","title":{"rendered":"Themify Shoppe WooCommerce Theme 8.0.5"},"content":{"rendered":"<h3>Themify Shoppe WooCommerce Theme Traits<\/h3>\n<p>The Th\u00e9ify Shoppe est un th\u00e8me WooCommerce incroyablement polyvalent qui offre aux utilisateurs la possibilit\u00e9 de construire sans effort des magasins en ligne sophistiqu\u00e9s et professionnels. En utilisant une interface de glisser-d\u00e9poser remarquablement conviviale, les individus peuvent personnaliser de mani\u00e8re transparente la disposition, la palette de couleurs et la typographie de leur boutique en ligne pour s&rsquo;adapter \u00e0 leurs pr\u00e9f\u00e9rences et leur marque sp\u00e9cifiques. Ce th\u00e8me remarquable poss\u00e8de une vaste gamme de fonctionnalit\u00e9s, y compris la capacit\u00e9 d&rsquo;impl\u00e9menter plusieurs dispositions de produits, d&rsquo;utiliser un filtrage AJAX et d&rsquo;activer une fonctionnalit\u00e9 de vue rapide. De plus, The Th\u00e9ify Shoppe comprend commod\u00e9ment une pl\u00e9thore de mod\u00e8les pr\u00e9-con\u00e7us, acc\u00e9l\u00e9rant consid\u00e9rablement le processus d&rsquo;\u00e9tablissement d&rsquo;une boutique en ligne. Il est important de noter que The Th\u00e9ify Shoppe est enti\u00e8rement r\u00e9actif et convivial, garantissant que votre magasin m\u00e9ticuleusement con\u00e7u semble visuellement attrayant et fonctionne en douceur sur tous les appareils. Compte tenu de ces qualit\u00e9s exceptionnelles et de ces commodit\u00e9s in\u00e9gal\u00e9es, The Th\u00e9ify Shoppe appara\u00eet incontestablement comme un choix exceptionnel pour les personnes cherchant \u00e0 cr\u00e9er efficacement et efficacement une boutique en ligne.<\/p>\n<ul>\n<li>Conception personnalisable avec plus de 60 dispositions pr\u00e9-con\u00e7ues et plus de 100 modules de constructeur<\/li>\n<li>Compatibilit\u00e9 WooCommerce int\u00e9gr\u00e9e pour une gestion de boutiques en ligne facile<\/li>\n<li>\u00c9diteur de glisser-d\u00e9poser de Builder puissant pour la personnalisation du site Web sans effort<\/li>\n<li>Conception sensible aux mobiles et affichage de la r\u00e9tine Pr\u00eat pour une exp\u00e9rience utilisateur transparente<\/li>\n<li>Codage de r\u00e9f\u00e9rencement pour l&rsquo;am\u00e9lioration du classement des moteurs de recherche<\/li>\n<li>Mega menu int\u00e9gr\u00e9 pour une navigation am\u00e9lior\u00e9e<\/li>\n<li>Syst\u00e8me de r\u00e9vision et de notations des clients int\u00e9gr\u00e9s pour les produits<\/li>\n<li>Importation de d\u00e9monstration en un clic pour la configuration du site Web rapide<\/li>\n<li>Options de personnalisation intuitive WordPress pour un contr\u00f4le complet sur la conception et les fonctionnalit\u00e9s<\/li>\n<li>Documentation approfondie et support client.<\/li>\n<\/ul>\n","protected":false},"excerpt":{"rendered":"<p>Le th\u00e8me de The Thify Shoppe WooCommerce, un th\u00e8me de commerce \u00e9lectronique sp\u00e9cialement con\u00e7u pour WordPress, offre une multitude de fonctionnalit\u00e9s puissantes et une interface conviviale, ce qui en fait un choix id\u00e9al pour les personnes qui cherchent \u00e0 \u00e9tablir une boutique en ligne pour commercialiser leur marchandise. Ce th\u00e8me s&rsquo;int\u00e8gre parfaitement \u00e0 WooCommerce, permettant une personnalisation compl\u00e8te, tout en pr\u00e9sentant un assortiment de mod\u00e8les pr\u00e9-con\u00e7us qui permettent aux utilisateurs de fa\u00e7onner un march\u00e9 en ligne distinctif et poli. Notamment, ce th\u00e8me comprend une gamme d&rsquo;options de mise en page d&rsquo;en-t\u00eate et de pied de page, accordant aux utilisateurs la flexibilit\u00e9 de personnaliser davantage leur boutique en ligne. De plus, le th\u00e8me poss\u00e8de des galeries de produits personnalisables, garantissant un affichage esth\u00e9tique de marchandises, ainsi qu&rsquo;un processus de conception sans effort et efficace facilit\u00e9 par le constructeur de pages de glisser-d\u00e9poser, qui peut \u00eatre utilis\u00e9 pour la cr\u00e9ation de pages de produits, de pages de blog, et formulaires de contact. De plus, la r\u00e9activit\u00e9 du th\u00e8me et les attributs conviviaux r\u00e9alisaient une exp\u00e9rience de navigation am\u00e9lior\u00e9e pour les clients, tandis que des fonctionnalit\u00e9s avantageuses telles que la recherche en direct, la vue rapide et le filtrage des produits servent \u00e0 rationaliser le processus d&rsquo;achat.<\/p>\n","protected":false},"featured_media":145552,"comment_status":"open","ping_status":"open","template":"","meta":[],"product_brand":[2674],"product_cat":[1238,1851,1212],"product_tag":[1375],"class_list":{"0":"post-134645","1":"product","2":"type-product","3":"status-publish","4":"has-post-thumbnail","6":"product_brand-themify","7":"product_cat-commerce-electronique-themes","8":"product_cat-entreprise-commerce-electronique-themes","9":"product_cat-themes","10":"product_tag-themify","11":"member-discount","12":"discount-restricted","14":"first","15":"instock","16":"sale","17":"downloadable","18":"virtual","19":"sold-individually","20":"purchasable","21":"product-type-simple"},"_links":{"self":[{"href":"https:\/\/gpl-love.com\/fr\/wp-json\/wp\/v2\/product\/134645","targetHints":{"allow":["GET"]}}],"collection":[{"href":"https:\/\/gpl-love.com\/fr\/wp-json\/wp\/v2\/product"}],"about":[{"href":"https:\/\/gpl-love.com\/fr\/wp-json\/wp\/v2\/types\/product"}],"replies":[{"embeddable":true,"href":"https:\/\/gpl-love.com\/fr\/wp-json\/wp\/v2\/comments?post=134645"}],"wp:featuredmedia":[{"embeddable":true,"href":"https:\/\/gpl-love.com\/fr\/wp-json\/wp\/v2\/media\/145552"}],"wp:attachment":[{"href":"https:\/\/gpl-love.com\/fr\/wp-json\/wp\/v2\/media?parent=134645"}],"wp:term":[{"taxonomy":"product_brand","embeddable":true,"href":"https:\/\/gpl-love.com\/fr\/wp-json\/wp\/v2\/product_brand?post=134645"},{"taxonomy":"product_cat","embeddable":true,"href":"https:\/\/gpl-love.com\/fr\/wp-json\/wp\/v2\/product_cat?post=134645"},{"taxonomy":"product_tag","embeddable":true,"href":"https:\/\/gpl-love.com\/fr\/wp-json\/wp\/v2\/product_tag?post=134645"}],"curies":[{"name":"wp","href":"https:\/\/api.w.org\/{rel}","templated":true}]}}