{"id":134643,"date":"2024-12-07T00:00:00","date_gmt":"2024-12-06T23:00:00","guid":{"rendered":"https:\/\/gpl-love.com\/fr\/produit\/themify-responz-wordpress-theme\/"},"modified":"2026-04-10T18:43:03","modified_gmt":"2026-04-10T16:43:03","slug":"themify-responz-wordpress-theme","status":"publish","type":"product","link":"https:\/\/gpl-love.com\/fr\/produit\/themify-responz-wordpress-theme\/","title":{"rendered":"Themify Responz Theme 7.5.7"},"content":{"rendered":"<h3>Themify Responz Theme Traits<\/h3>\n<p>Le th\u00e8me de The Th\u00e9ify Responz, un th\u00e8me WordPress tr\u00e8s r\u00e9actif, pr\u00e9sente aux utilisateurs la possibilit\u00e9 de fabriquer sans effort un site Web avec une aura professionnelle. \u00c9quip\u00e9 d&rsquo;un g\u00e9n\u00e9rateur de page de glisser-d\u00e9poser intuitif, de personnalisation et de r\u00e9organisation des pages en fonction des pr\u00e9f\u00e9rences individuelles devient une t\u00e2che venteuse. Ce th\u00e8me poss\u00e8de une pl\u00e9thore de dispositions et de sch\u00e9mas de couleurs pr\u00e9-con\u00e7us \u00e0 s\u00e9lectionner, compl\u00e9t\u00e9s par un tableau de widgets et de modules modifiables. Sa compatibilit\u00e9 compl\u00e8te avec WooCommerce le rend un choix primordial pour ceux qui ont besoin d&rsquo;une plate-forme de commerce \u00e9lectronique. De plus, le th\u00e8me offre une optimisation des moteurs de recherche et des dur\u00e9es de chargement rapide, garantissant des performances optimales dans les r\u00e9sultats des moteurs de recherche et une exp\u00e9rience utilisateur ininterrompue. En r\u00e9sum\u00e9, le th\u00e8me de THEFIFY RESPONZ Profond un choix exceptionnel pour les individus qui s&rsquo;efforcent de construire un site Web sophistiqu\u00e9 et contemporain.<\/p>\n<ul>\n<li>Un th\u00e8me WordPress enti\u00e8rement r\u00e9actif con\u00e7u pour les sites Web modernes<\/li>\n<li>Construit avec les derni\u00e8res technologies Web, y compris HTML5, CSS3 et JQuery<\/li>\n<li>Dispos\u00e9s en en-t\u00eate et en pied de page personnalisables pour cr\u00e9er un look unique pour votre site Web<\/li>\n<li>Plusieurs dispositions de page d&rsquo;accueil au choix, y compris une disposition de style magazine et une conception d&rsquo;une page<\/li>\n<li>Int\u00e9gr\u00e9 avec The Th\u00e9ify Builder, un constructeur de pages glisser-d\u00e9poser avec plus de 60 modules pr\u00e9fabill\u00e9s<\/li>\n<li>Comprend divers formats de publication, tels que la galerie, la vid\u00e9o et l&rsquo;audio, pour pr\u00e9senter votre contenu de diff\u00e9rentes mani\u00e8res<\/li>\n<li>SEO optimis\u00e9 pour aider votre site Web \u00e0 se classer plus haut sur les pages de r\u00e9sultats des moteurs de recherche<\/li>\n<li>Les widgets personnalis\u00e9s, y compris les ic\u00f4nes de m\u00e9dias sociaux et un widget Flickr Gallery, pour am\u00e9liorer la fonctionnalit\u00e9 de votre site Web<\/li>\n<li>Compatible avec les plugins WordPress populaires, tels que WooCommerce pour le commerce \u00e9lectronique et le formulaire de contact 7 pour les formulaires de contact<\/li>\n<li>Options de couleurs illimit\u00e9es et choix de polices pour correspondre \u00e0 la marque et au style de votre site Web.<\/li>\n<\/ul>\n","protected":false},"excerpt":{"rendered":"<p>Le th\u00e8me de The Th\u00e9ify Responz est un th\u00e8me WordPress exceptionnellement r\u00e9volutionnaire et de pointe, con\u00e7u de mani\u00e8re experte dans le but de r\u00e9pondre aux besoins des blogueurs et des \u00e9diteurs en ligne. Avec ses options de personnalisation conviviales et son design contemporain \u00e9l\u00e9gant, Responz facilite sans effort la cr\u00e9ation d&rsquo;un blog ou d&rsquo;un site d&rsquo;information visuellement \u00e9tonnant et tr\u00e8s fonctionnel. De plus, ce th\u00e8me est pleinement r\u00e9actif et poss\u00e8de une apparence impeccable sur tous les appareils, garantissant ainsi aux lecteurs une exp\u00e9rience de navigation transparente et tout \u00e0 fait agr\u00e9able. Notamment, Responz est \u00e9quip\u00e9 du constructeur r\u00e9volutionnaire de page et de drop de Drop, permettant aux utilisateurs de concevoir sans effort des dispositions sur mesure et d&rsquo;incorporer des fonctionnalit\u00e9s uniques, le tout sans aucune connaissance de codage pr\u00e9alable. Essentiellement, que l&rsquo;on cherche \u00e0 pr\u00e9senter ses prouesses d&rsquo;\u00e9criture, leur expertise photographique ou leur contenu vid\u00e9o captivant, le th\u00e8me de The Thify Responz pr\u00e9vaut comme le choix par excellence pour ceux qui aspirent \u00e0 commencer un blog du calibre professionnel le plus grand.<\/p>\n","protected":false},"featured_media":145551,"comment_status":"open","ping_status":"open","template":"","meta":[],"product_brand":[2674],"product_cat":[1242,1212,1213],"product_tag":[1375],"class_list":{"0":"post-134643","1":"product","2":"type-product","3":"status-publish","4":"has-post-thumbnail","6":"product_brand-themify","7":"product_cat-creatif","8":"product_cat-themes","9":"product_cat-wordpress-themes","10":"product_tag-themify","11":"member-discount","12":"discount-restricted","14":"first","15":"instock","16":"sale","17":"downloadable","18":"virtual","19":"sold-individually","20":"purchasable","21":"product-type-simple"},"_links":{"self":[{"href":"https:\/\/gpl-love.com\/fr\/wp-json\/wp\/v2\/product\/134643","targetHints":{"allow":["GET"]}}],"collection":[{"href":"https:\/\/gpl-love.com\/fr\/wp-json\/wp\/v2\/product"}],"about":[{"href":"https:\/\/gpl-love.com\/fr\/wp-json\/wp\/v2\/types\/product"}],"replies":[{"embeddable":true,"href":"https:\/\/gpl-love.com\/fr\/wp-json\/wp\/v2\/comments?post=134643"}],"wp:featuredmedia":[{"embeddable":true,"href":"https:\/\/gpl-love.com\/fr\/wp-json\/wp\/v2\/media\/145551"}],"wp:attachment":[{"href":"https:\/\/gpl-love.com\/fr\/wp-json\/wp\/v2\/media?parent=134643"}],"wp:term":[{"taxonomy":"product_brand","embeddable":true,"href":"https:\/\/gpl-love.com\/fr\/wp-json\/wp\/v2\/product_brand?post=134643"},{"taxonomy":"product_cat","embeddable":true,"href":"https:\/\/gpl-love.com\/fr\/wp-json\/wp\/v2\/product_cat?post=134643"},{"taxonomy":"product_tag","embeddable":true,"href":"https:\/\/gpl-love.com\/fr\/wp-json\/wp\/v2\/product_tag?post=134643"}],"curies":[{"name":"wp","href":"https:\/\/api.w.org\/{rel}","templated":true}]}}