{"id":134641,"date":"2024-12-07T00:00:00","date_gmt":"2024-12-06T23:00:00","guid":{"rendered":"https:\/\/gpl-love.com\/fr\/produit\/themify-postline-wordpress-theme\/"},"modified":"2026-04-10T18:43:02","modified_gmt":"2026-04-10T16:43:02","slug":"themify-postline-wordpress-theme","status":"publish","type":"product","link":"https:\/\/gpl-love.com\/fr\/produit\/themify-postline-wordpress-theme\/","title":{"rendered":"Themify Postline Theme 7.5.5"},"content":{"rendered":"<h3>Themify Postline Theme Traits<\/h3>\n<p>Le th\u00e8me Postline The Th\u00e9ify est un th\u00e8me WordPress exceptionnellement robuste et puissant qui vise \u00e0 aider et \u00e0 soutenir les blogueurs et les cr\u00e9ateurs de contenu pour exposer et pr\u00e9senter leurs messages d&rsquo;une mani\u00e8re incroyablement imaginative et esth\u00e9tique. En vertu de sa disposition de publication r\u00e9volutionnaire et r\u00e9volutionnaire, PostLine permet aux utilisateurs de pr\u00e9senter leurs publications dans une chronologie chronologiquement organis\u00e9e ou une structure de grille organis\u00e9e dynamiquement, facilitant ainsi le plus -Date et contenu de pointe. De plus, ce th\u00e8me est con\u00e7u pour \u00eatre compl\u00e8tement et enti\u00e8rement r\u00e9actif, garantissant que tous les messages et leurs visuels et \u00e9l\u00e9ments multim\u00e9dias qui l&rsquo;accompagnent sont capables de d\u00e9gager et de rayonner un air de magnificence et de splendeur, quel que soit le dispositif sp\u00e9cifique utilis\u00e9 pour les voir. De plus, le th\u00e8me Postline Th\u00e9ify poss\u00e8de \u00e9galement un assortiment \u00e9tendu et vaste d&rsquo;options de personnalisation, permettant aux utilisateurs d&rsquo;exercer leurs facult\u00e9s et capacit\u00e9s cr\u00e9atives et de cr\u00e9er une apparence et une ambiance distinctes et in\u00e9gal\u00e9es pour leurs sites Web. Qu&rsquo;un individu soit un blogueur enthousiaste et fervent, un journaliste astucieux et averti, ou un marketing de contenu avis\u00e9 et astucieux, le th\u00e8me post-ligne de The Thify et site WordPress captivant.<\/p>\n<ul>\n<li>Design \u00e9l\u00e9gant et moderne: le th\u00e8me post-ligne poss\u00e8de un design \u00e9l\u00e9gant et contemporain qui donnera \u00e0 votre site Web un look professionnel et moderne.<\/li>\n<li>Plusieurs options de mise en page: vous pouvez choisir parmi une vari\u00e9t\u00e9 d&rsquo;options de mise en page uniques et captivantes qui vous permettront d&rsquo;afficher votre contenu de mani\u00e8re engageante.<\/li>\n<li>Mobile-Friendly: Le th\u00e8me est enti\u00e8rement r\u00e9actif, ce qui signifie qu&rsquo;il est optimis\u00e9 pour s&rsquo;adapter \u00e0 n&rsquo;importe quelle taille d&rsquo;\u00e9cran, ce qui le rend convivial.<\/li>\n<li>Personnalisation facile: vous n&rsquo;avez pas besoin d&rsquo;avoir des comp\u00e9tences de codage pour personnaliser votre site Web en utilisant ce th\u00e8me, car il est livr\u00e9 avec une interface intuitive de glisser-d\u00e9poser.<\/li>\n<li>Comprend une vari\u00e9t\u00e9 d&rsquo;options de personnalisation: vous pouvez personnaliser la conception et les fonctionnalit\u00e9s de votre site Web pour r\u00e9pondre aux besoins de votre marque et de votre entreprise, y compris des choix de polices et de couleurs, des widgets personnalis\u00e9s, etc.<\/li>\n<li>SEO-Friendly: Le th\u00e8me est optimis\u00e9 pour les moteurs de recherche, ce qui am\u00e9liorera la visibilit\u00e9 de votre site Web sur les moteurs de recherche, tels que Google.<\/li>\n<li>Plusieurs formats de publication: le th\u00e8me post-ligne prend en charge une gamme de formats de publication, y compris la galerie, la vid\u00e9o, l&rsquo;audio, etc., vous offrant la flexibilit\u00e9 de partager votre contenu dans divers formats.<\/li>\n<li>Support en temps opportun: The Th\u00e9ify offre un support en temps opportun pour ses produits, garantissant que vous avez acc\u00e8s \u00e0 une assistance lorsque vous en avez besoin.<\/li>\n<\/ul>\n","protected":false},"excerpt":{"rendered":"<p>Le th\u00e8me Postline Th\u00e9ify poss\u00e8de une pl\u00e9thore de fonctionnalit\u00e9s qui r\u00e9pondent aux besoins des blogueurs, des \u00e9crivains et des cr\u00e9ateurs de contenu. Son design de pointe et son esth\u00e9tique contemporaine en font un choix primordial pour ceux qui recherchent un th\u00e8me WordPress visuellement frappant. L&rsquo;un de ses attributs remarquables est sa disposition innovante, qui pr\u00e9sente vos messages dans un format de chronologie sophistiqu\u00e9 et captivant. De plus, ce th\u00e8me propose une gamme d&rsquo;options de personnalisation conviviales qui vous permettent de l&rsquo;adapter \u00e0 votre marque ou \u00e0 votre style personnel sp\u00e9cifique, assurant une pr\u00e9sence en ligne coh\u00e9sive et harmonieuse. De plus, les d\u00e9veloppeurs ont pris grand soin de s&rsquo;assurer que le th\u00e8me adh\u00e8re aux derni\u00e8res normes Web et est optimis\u00e9 pour l&rsquo;optimisation des moteurs de recherche (SEO), garantissant que votre contenu semble non seulement impeccable, mais attire \u00e9galement l&rsquo;attention qu&rsquo;elle m\u00e9rite dans le vaste paysage en ligne . Que vous poss\u00e9diez une vaste exp\u00e9rience dans le domaine des blogs ou que vous vous lanciez pour la premi\u00e8re fois dans ce voyage, le th\u00e8me post-Postline The Thify est un choix id\u00e9al pour cr\u00e9er un blog impressionnant et engageant qui d\u00e9gage le professionnalisme.<\/p>\n","protected":false},"featured_media":145550,"comment_status":"open","ping_status":"open","template":"","meta":[],"product_brand":[2674],"product_cat":[1220,1212,1213],"product_tag":[1375],"class_list":{"0":"post-134641","1":"product","2":"type-product","3":"status-publish","4":"has-post-thumbnail","6":"product_brand-themify","7":"product_cat-blog-magazine","8":"product_cat-themes","9":"product_cat-wordpress-themes","10":"product_tag-themify","11":"member-discount","12":"discount-restricted","14":"first","15":"instock","16":"sale","17":"downloadable","18":"virtual","19":"sold-individually","20":"purchasable","21":"product-type-simple"},"_links":{"self":[{"href":"https:\/\/gpl-love.com\/fr\/wp-json\/wp\/v2\/product\/134641","targetHints":{"allow":["GET"]}}],"collection":[{"href":"https:\/\/gpl-love.com\/fr\/wp-json\/wp\/v2\/product"}],"about":[{"href":"https:\/\/gpl-love.com\/fr\/wp-json\/wp\/v2\/types\/product"}],"replies":[{"embeddable":true,"href":"https:\/\/gpl-love.com\/fr\/wp-json\/wp\/v2\/comments?post=134641"}],"wp:featuredmedia":[{"embeddable":true,"href":"https:\/\/gpl-love.com\/fr\/wp-json\/wp\/v2\/media\/145550"}],"wp:attachment":[{"href":"https:\/\/gpl-love.com\/fr\/wp-json\/wp\/v2\/media?parent=134641"}],"wp:term":[{"taxonomy":"product_brand","embeddable":true,"href":"https:\/\/gpl-love.com\/fr\/wp-json\/wp\/v2\/product_brand?post=134641"},{"taxonomy":"product_cat","embeddable":true,"href":"https:\/\/gpl-love.com\/fr\/wp-json\/wp\/v2\/product_cat?post=134641"},{"taxonomy":"product_tag","embeddable":true,"href":"https:\/\/gpl-love.com\/fr\/wp-json\/wp\/v2\/product_tag?post=134641"}],"curies":[{"name":"wp","href":"https:\/\/api.w.org\/{rel}","templated":true}]}}