{"id":134639,"date":"2024-12-07T00:00:00","date_gmt":"2024-12-06T23:00:00","guid":{"rendered":"https:\/\/gpl-love.com\/fr\/produit\/themify-pinshop-woocommerce-theme\/"},"modified":"2026-04-10T18:42:57","modified_gmt":"2026-04-10T16:42:57","slug":"themify-pinshop-woocommerce-theme","status":"publish","type":"product","link":"https:\/\/gpl-love.com\/fr\/produit\/themify-pinshop-woocommerce-theme\/","title":{"rendered":"Themify Pinshop Theme 7.5.5"},"content":{"rendered":"<h3>Themify Pinshop Theme Traits<\/h3>\n<p>Le th\u00e8me de Pinshop Th\u00e9ify, une cr\u00e9ation exceptionnelle, a \u00e9t\u00e9 m\u00e9ticuleusement con\u00e7u dans le seul but de fabriquer une boutique en ligne visuellement attrayante et conviviale. Ce th\u00e8me incroyable poss\u00e8de un constructeur de glisser-d\u00e9poser intuitif, qui permet une personnalisation transparente des sections de page d&rsquo;accueil, r\u00e9pondant aux pr\u00e9f\u00e9rences uniques de chaque individu cherchant \u00e0 \u00e9tablir sa pr\u00e9sence en ligne. De plus, le th\u00e8me Pinshop se dresse la t\u00eate et les \u00e9paules au-dessus de la concurrence en raison de sa vaste gamme d&rsquo;options de disposition des produits, garantissant la plus grande flexibilit\u00e9 et l&rsquo;adaptabilit\u00e9 pour s&rsquo;adapter aux entreprises de toutes \u00e9chelles. Sa conception tr\u00e8s r\u00e9active s&rsquo;adapte impeccablement \u00e0 tout appareil, garantissant une exp\u00e9rience utilisateur sans faille dans tous les domaines. De plus, le th\u00e8me Pinshop offre g\u00e9n\u00e9reusement une abondance d&rsquo;options de style, transformant efficacement n&rsquo;importe quelle boutique en ligne en un chef-d&rsquo;\u0153uvre \u00e9blouissant. Comme si ces caract\u00e9ristiques remarquables ne suffisaient pas, ce th\u00e8me facilite \u00e9galement gracieusement la personnalisation des paniers de magasinage, permettant ainsi une exp\u00e9rience d&rsquo;achat sur mesure. En outre, l&rsquo;inclusion d&rsquo;un m\u00e9canisme de filtrage des produits garantit que les clients peuvent passer sans effort dans la vaste gamme d&rsquo;offres, entra\u00eenant finalement une satisfaction accrue et une augmentation des ventes. Enfin et surtout, le th\u00e8me Pinshop s&rsquo;int\u00e8gre sans effort avec diverses plateformes de m\u00e9dias sociaux, offrant une avenue transparente pour se connecter avec les clients et, finalement, propulser la croissance de son entreprise. En r\u00e9sum\u00e9, il est clair sans \u00e9quivoque que le th\u00e8me de Pinshop THEFIFY repr\u00e9sente la quintessence de l&rsquo;excellence pour les personnes cherchant \u00e0 construire une boutique en ligne contemporaine et enti\u00e8rement fonctionnelle.<\/p>\n<ul>\n<li>Un th\u00e8me de commerce \u00e9lectronique r\u00e9actif con\u00e7u sp\u00e9cifiquement pour la cr\u00e9ation de boutiques en ligne<\/li>\n<li>Construit en utilisant le puissant plugin WooCommerce, ce qui facilite la gestion de votre inventaire et de vos commandes<\/li>\n<li>Livr\u00e9 avec plusieurs options de mise en page pour votre page d&rsquo;accueil et vos pages de produits, vous permettant de personnaliser l&rsquo;apparence de votre boutique<\/li>\n<li>Comprend une vari\u00e9t\u00e9 de widgets et de shortcodes, ce qui facilite l&rsquo;ajout de fonctionnalit\u00e9s et de fonctionnalit\u00e9s \u00e0 votre site<\/li>\n<li>Les filtres de produit int\u00e9gr\u00e9s permettent aux utilisateurs de trouver rapidement exactement ce qu&rsquo;ils recherchent<\/li>\n<li>Comprend une fonction de liste de souhaits en option, permettant aux clients d&rsquo;\u00e9conomiser des produits plus tard ou de les partager avec des amis<\/li>\n<li>Les boutons de partage des m\u00e9dias sociaux int\u00e9gr\u00e9s permettent aux clients de promouvoir facilement vos produits sur leurs propres canaux sociaux<\/li>\n<li>Le th\u00e8me est enti\u00e8rement personnalisable avec une puissante interface de conception de glisser-d\u00e9poser, ce qui permet aux utilisateurs non techniques de cr\u00e9er facilement une boutique en ligne qui refl\u00e8te leur marque et leur vision<\/li>\n<li>Le th\u00e8me est r\u00e9guli\u00e8rement mis \u00e0 jour pour assurer la compatibilit\u00e9 avec les derni\u00e8res versions de WordPress et WooCommerce, offrant une tranquillit\u00e9 d&rsquo;esprit et garantir que votre magasin reste \u00e0 jour avec les derni\u00e8res s\u00e9curit\u00e9 et fonctionnalit\u00e9s<\/li>\n<\/ul>\n","protected":false},"excerpt":{"rendered":"<p>Le th\u00e8me de Pinshop The Th\u00e9ify est un th\u00e8me WordPress remarquablement \u00e9l\u00e9gant et tr\u00e8s r\u00e9actif qui a \u00e9t\u00e9 sp\u00e9cifiquement con\u00e7u pour vous aider \u00e0 \u00e9tablir une boutique en ligne sophistiqu\u00e9e et polie. En raison de sa page d&rsquo;accueil adaptable et de sa disposition de produits distinctifs, ce th\u00e8me vous permet de montrer sans effort votre marchandise de mani\u00e8re esth\u00e9tiquement captivante, augmentant ainsi l&rsquo;interaction des utilisateurs et stimulant les ventes. Moreover, this theme seamlessly incorporates WooCommerce integration, thereby affording you the convenience of easily managing your online store, while simultaneously ensuring that the checkout process can be tailored to meet your unique specifications, thus guaranteeing an impeccably smooth and hassle-free purchasing experience for your CLIENTE ENSEM\u00c9E. De plus, ce th\u00e8me est non seulement enti\u00e8rement r\u00e9actif, mais poss\u00e8de \u00e9galement la capacit\u00e9 remarquable \u00e0 s&rsquo;adapter parfaitement aux \u00e9crans haute r\u00e9solution, promettant ainsi une exp\u00e9rience utilisateur in\u00e9gal\u00e9e sur tous les appareils.<\/p>\n","protected":false},"featured_media":145544,"comment_status":"open","ping_status":"open","template":"","meta":[],"product_brand":[2674],"product_cat":[1238,1851,1212],"product_tag":[1375],"class_list":{"0":"post-134639","1":"product","2":"type-product","3":"status-publish","4":"has-post-thumbnail","6":"product_brand-themify","7":"product_cat-commerce-electronique-themes","8":"product_cat-entreprise-commerce-electronique-themes","9":"product_cat-themes","10":"product_tag-themify","11":"member-discount","12":"discount-restricted","14":"first","15":"instock","16":"sale","17":"downloadable","18":"virtual","19":"sold-individually","20":"purchasable","21":"product-type-simple"},"_links":{"self":[{"href":"https:\/\/gpl-love.com\/fr\/wp-json\/wp\/v2\/product\/134639","targetHints":{"allow":["GET"]}}],"collection":[{"href":"https:\/\/gpl-love.com\/fr\/wp-json\/wp\/v2\/product"}],"about":[{"href":"https:\/\/gpl-love.com\/fr\/wp-json\/wp\/v2\/types\/product"}],"replies":[{"embeddable":true,"href":"https:\/\/gpl-love.com\/fr\/wp-json\/wp\/v2\/comments?post=134639"}],"wp:featuredmedia":[{"embeddable":true,"href":"https:\/\/gpl-love.com\/fr\/wp-json\/wp\/v2\/media\/145544"}],"wp:attachment":[{"href":"https:\/\/gpl-love.com\/fr\/wp-json\/wp\/v2\/media?parent=134639"}],"wp:term":[{"taxonomy":"product_brand","embeddable":true,"href":"https:\/\/gpl-love.com\/fr\/wp-json\/wp\/v2\/product_brand?post=134639"},{"taxonomy":"product_cat","embeddable":true,"href":"https:\/\/gpl-love.com\/fr\/wp-json\/wp\/v2\/product_cat?post=134639"},{"taxonomy":"product_tag","embeddable":true,"href":"https:\/\/gpl-love.com\/fr\/wp-json\/wp\/v2\/product_tag?post=134639"}],"curies":[{"name":"wp","href":"https:\/\/api.w.org\/{rel}","templated":true}]}}