{"id":134637,"date":"2024-12-07T00:00:00","date_gmt":"2024-12-06T23:00:00","guid":{"rendered":"https:\/\/gpl-love.com\/fr\/produit\/themify-pinboard-wordpress-theme\/"},"modified":"2026-04-10T18:42:57","modified_gmt":"2026-04-10T16:42:57","slug":"themify-pinboard-wordpress-theme","status":"publish","type":"product","link":"https:\/\/gpl-love.com\/fr\/produit\/themify-pinboard-wordpress-theme\/","title":{"rendered":"Themify Pinboard Theme 7.5.7"},"content":{"rendered":"<h3>Themify Pinboard Theme Traits<\/h3>\n<p>Le th\u00e8me du pinceau The Thify est un th\u00e8me WordPress esth\u00e9tiquement captivant sp\u00e9cifiquement con\u00e7u pour les blogueurs et les cr\u00e9ateurs de contenu qui aspirent \u00e0 montrer leur travail d&rsquo;une mani\u00e8re in\u00e9gal\u00e9e et sophistiqu\u00e9e. B\u00e9n\u00e9ficiant d&rsquo;une disposition distincte qui rappelle Pinterest, Pinboard vous donne la possibilit\u00e9 de pr\u00e9senter vos publications, images et vid\u00e9os dans un format bas\u00e9 sur une grille visuellement attrayant et sans effort. De plus, ce th\u00e8me offre une pl\u00e9thore d&rsquo;options de personnalisation, vous permettant d&rsquo;adapter l&rsquo;apparence et l&rsquo;ambiance de votre site Web pour s&rsquo;aligner parfaitement avec votre style individuel. Ind\u00e9pendamment de vous identifier en tant que photographe, artiste ou simplement blogueur cherchant \u00e0 transcender l&rsquo;ordinaire, le th\u00e8me du pin-borchy est le choix par excellence pour fa\u00e7onner un site Web impressionnant et accrocheur qui s&rsquo;imprimera de mani\u00e8re ind\u00e9pendante dans l&rsquo;esprit de l&rsquo;esprit de l&rsquo;esprit de l&rsquo;esprit de l&rsquo;esprit de l&rsquo;esprit de l&rsquo;esprit de l&rsquo;esprit de l&rsquo;esprit de l&rsquo;esprit de vos visiteurs estim\u00e9s.<\/p>\n<ul>\n<li>Design propre et moderne avec une disposition de style Pinterest<\/li>\n<li>Compatible avec WordPress et The Th\u00e9ify Builder<\/li>\n<li>Personnalisation facile avec des modules de glisser-d\u00e9poser et de diverses options de mise en page<\/li>\n<li>Conception r\u00e9active pour une visualisation optimale sur tous les appareils<\/li>\n<li>Boutons de m\u00e9dias sociaux int\u00e9gr\u00e9s pour un partage facile<\/li>\n<li>Plusieurs options de mise en page, y compris les formats de galerie, audio et vid\u00e9o<\/li>\n<li>Fonctionnalit\u00e9 de recherche avanc\u00e9e pour une d\u00e9couverte de contenu rapide et facile<\/li>\n<li>Formulaire de contact int\u00e9gr\u00e9 pour la communication transparente avec les utilisateurs<\/li>\n<li>Pr\u00eat pour la traduction pour un public mondial<\/li>\n<li>Documentation compl\u00e8te et soutien de l&rsquo;\u00e9quipe de The Th\u00e9ify.<\/li>\n<\/ul>\n","protected":false},"excerpt":{"rendered":"<p>Le th\u00e8me du pinceau The Th\u00e9ify est un th\u00e8me WordPress remarquablement bien con\u00e7u qui sert d&rsquo;outil pour construire un site Web visuel \u00e0 couper le souffle et captivant. En utilisant ses fonctionnalit\u00e9s de tra\u00een\u00e9e et de d\u00e9p\u00f4t intrins\u00e8quement conviviales, vous \u00eates en mesure d&rsquo;organiser sans effort vos messages et de les montrer de mani\u00e8re visuellement attrayante. En outre, le pinceau poss\u00e8de un assortiment de sch\u00e9mas de couleurs personnalisables, de divers formats de poste, d&rsquo;int\u00e9gration transparente avec des plateformes de m\u00e9dias sociaux, ainsi qu&rsquo;une disposition r\u00e9active qui s&rsquo;adapte parfaitement \u00e0 tous les appareils. Que vous vous identifiiez en tant que blogueur, photographe ou conservateur, le th\u00e8me du pinceau est vraiment un atout remarquable qui vous permet de pr\u00e9senter votre contenu d&rsquo;une mani\u00e8re esth\u00e9tique qui captise et maintiendra sans aucun doute l&rsquo;attention de votre public estim\u00e9.<\/p>\n","protected":false},"featured_media":145543,"comment_status":"open","ping_status":"open","template":"","meta":[],"product_brand":[2674],"product_cat":[1242,1212,1213],"product_tag":[1375],"class_list":{"0":"post-134637","1":"product","2":"type-product","3":"status-publish","4":"has-post-thumbnail","6":"product_brand-themify","7":"product_cat-creatif","8":"product_cat-themes","9":"product_cat-wordpress-themes","10":"product_tag-themify","11":"member-discount","12":"discount-restricted","14":"first","15":"instock","16":"sale","17":"downloadable","18":"virtual","19":"sold-individually","20":"purchasable","21":"product-type-simple"},"_links":{"self":[{"href":"https:\/\/gpl-love.com\/fr\/wp-json\/wp\/v2\/product\/134637","targetHints":{"allow":["GET"]}}],"collection":[{"href":"https:\/\/gpl-love.com\/fr\/wp-json\/wp\/v2\/product"}],"about":[{"href":"https:\/\/gpl-love.com\/fr\/wp-json\/wp\/v2\/types\/product"}],"replies":[{"embeddable":true,"href":"https:\/\/gpl-love.com\/fr\/wp-json\/wp\/v2\/comments?post=134637"}],"wp:featuredmedia":[{"embeddable":true,"href":"https:\/\/gpl-love.com\/fr\/wp-json\/wp\/v2\/media\/145543"}],"wp:attachment":[{"href":"https:\/\/gpl-love.com\/fr\/wp-json\/wp\/v2\/media?parent=134637"}],"wp:term":[{"taxonomy":"product_brand","embeddable":true,"href":"https:\/\/gpl-love.com\/fr\/wp-json\/wp\/v2\/product_brand?post=134637"},{"taxonomy":"product_cat","embeddable":true,"href":"https:\/\/gpl-love.com\/fr\/wp-json\/wp\/v2\/product_cat?post=134637"},{"taxonomy":"product_tag","embeddable":true,"href":"https:\/\/gpl-love.com\/fr\/wp-json\/wp\/v2\/product_tag?post=134637"}],"curies":[{"name":"wp","href":"https:\/\/api.w.org\/{rel}","templated":true}]}}