{"id":134635,"date":"2024-12-07T00:00:00","date_gmt":"2024-12-06T23:00:00","guid":{"rendered":"https:\/\/gpl-love.com\/fr\/produit\/themify-phototouch-wordpress-theme\/"},"modified":"2026-04-10T18:42:56","modified_gmt":"2026-04-10T16:42:56","slug":"themify-phototouch-wordpress-theme","status":"publish","type":"product","link":"https:\/\/gpl-love.com\/fr\/produit\/themify-phototouch-wordpress-theme\/","title":{"rendered":"Themify Phototouch Theme 7.5.5"},"content":{"rendered":"<h3>Themify Phototouch Theme Traits<\/h3>\n<p>Le th\u00e8me de TheTotouch The Thify, un th\u00e8me WordPress premium, a \u00e9t\u00e9 m\u00e9ticuleusement con\u00e7u pour les photographes, les directeurs artistiques et les blogueurs aspirant \u00e0 montrer leurs \u0153uvres captivantes d&rsquo;une mani\u00e8re visuellement envo\u00fbtante et attrayante dynamiquement. Ce th\u00e8me est \u00e9quip\u00e9 d&rsquo;une gamme de fonctionnalit\u00e9s remarquables, permettant la cr\u00e9ation transparente d&rsquo;un site Web de qualit\u00e9 professionnelle. Ces fonctionnalit\u00e9s englobent une conception r\u00e9active qui s&rsquo;adapte de mani\u00e8re transparente \u00e0 tous les appareils, une vaste s\u00e9lection d&rsquo;options de mise en page personnalisables et un support inn\u00e9 pour des formats de post diversifi\u00e9s. Avec l&rsquo;utilisation de Phototouch, les utilisateurs peuvent construire sans effort des galeries, des curseurs et des portefeuilles, qui peuvent tous \u00eatre adapt\u00e9s \u00e0 leurs pr\u00e9f\u00e9rences avec des filtres personnalisables et des tailles d&rsquo;image. De plus, ce th\u00e8me englobe un constructeur de pages \u00e0 glisser-d\u00e9poser robuste qui permet aux utilisateurs de modeler les mises en page sur mesure sans la n\u00e9cessit\u00e9 d&rsquo;une expertise de codage. Que vous soyez un photographe professionnel accompli ou un blogueur en herbe qui aspire \u00e0 partager vos chefs-d&rsquo;\u0153uvre imaginatifs, le th\u00e8me de Phototouch Theyfy vous fournira sans aucun doute une solution intuitive et puissante, facilitant ainsi la cr\u00e9ation d&rsquo;une pr\u00e9sence en ligne resplendissante qui ne doit pas laisser une marque ind\u00e9lexe.<\/p>\n<ul>\n<li>Design \u00e9l\u00e9gant et moderne adapt\u00e9 aux sites de photographie<\/li>\n<li>Enti\u00e8rement r\u00e9actif pour la visualisation sur les appareils mobiles<\/li>\n<li>12 widgets personnalis\u00e9s, y compris l&rsquo;int\u00e9gration Instagram, Twitter et Flickr<\/li>\n<li>7 dispositions de publication diff\u00e9rentes pour pr\u00e9senter la photographie dans divers styles<\/li>\n<li>Options de personnalisation faciles avec une fonctionnalit\u00e9 de glisser-d\u00e9poser<\/li>\n<li>Optimisation de SEO int\u00e9gr\u00e9e pour une meilleure visibilit\u00e9 des moteurs de recherche<\/li>\n<li>Int\u00e9gration WooCommerce pour la vente facile des tirages ou des services de photographie<\/li>\n<li>Importation de d\u00e9monstration en un clic pour une configuration et une personnalisation faciles<\/li>\n<li>Mises \u00e0 jour \u00e0 vie et soutien de l&rsquo;\u00e9quipe The Th\u00e9ify.<\/li>\n<\/ul>\n","protected":false},"excerpt":{"rendered":"<p>Le th\u00e8me de TheTotouch The Th\u00e9ify est un th\u00e8me WordPress con\u00e7u avec d\u00e9licatement, sp\u00e9cialement con\u00e7u pour r\u00e9pondre aux besoins des photographes et des cr\u00e9atifs. Son esth\u00e9tique \u00e9l\u00e9gante et moderne est s\u00fbre de captiver et d&rsquo;impressionner les t\u00e9l\u00e9spectateurs. De plus, le th\u00e8me poss\u00e8de une galerie d&rsquo;images pleine largeur visuellement magnifique, vous permettant d&rsquo;exposer vos cr\u00e9ations artistiques d&rsquo;une mani\u00e8re \u00e0 la fois belle et sans \u00e9quivoque. De plus, le th\u00e8me offre une large gamme d&rsquo;options de personnalisation, vous permettant de fa\u00e7onner un site Web qui refl\u00e8te impeccablement votre style et votre identit\u00e9 de marque distincts. Peu importe que vous soyez un photographe ind\u00e9pendant, une agence professionnelle ou un artiste cr\u00e9atif, le th\u00e8me de Phototouch The Thify est un choix exceptionnel qui \u00e9l\u00e8vera sans aucun doute la pr\u00e9sentation de votre portefeuille et insufflera la vie \u00e0 votre travail.<\/p>\n","protected":false},"featured_media":145542,"comment_status":"open","ping_status":"open","template":"","meta":[],"product_brand":[2674],"product_cat":[1242,1212,1213],"product_tag":[1375],"class_list":{"0":"post-134635","1":"product","2":"type-product","3":"status-publish","4":"has-post-thumbnail","6":"product_brand-themify","7":"product_cat-creatif","8":"product_cat-themes","9":"product_cat-wordpress-themes","10":"product_tag-themify","11":"member-discount","12":"discount-restricted","14":"first","15":"instock","16":"sale","17":"downloadable","18":"virtual","19":"sold-individually","20":"purchasable","21":"product-type-simple"},"_links":{"self":[{"href":"https:\/\/gpl-love.com\/fr\/wp-json\/wp\/v2\/product\/134635","targetHints":{"allow":["GET"]}}],"collection":[{"href":"https:\/\/gpl-love.com\/fr\/wp-json\/wp\/v2\/product"}],"about":[{"href":"https:\/\/gpl-love.com\/fr\/wp-json\/wp\/v2\/types\/product"}],"replies":[{"embeddable":true,"href":"https:\/\/gpl-love.com\/fr\/wp-json\/wp\/v2\/comments?post=134635"}],"wp:featuredmedia":[{"embeddable":true,"href":"https:\/\/gpl-love.com\/fr\/wp-json\/wp\/v2\/media\/145542"}],"wp:attachment":[{"href":"https:\/\/gpl-love.com\/fr\/wp-json\/wp\/v2\/media?parent=134635"}],"wp:term":[{"taxonomy":"product_brand","embeddable":true,"href":"https:\/\/gpl-love.com\/fr\/wp-json\/wp\/v2\/product_brand?post=134635"},{"taxonomy":"product_cat","embeddable":true,"href":"https:\/\/gpl-love.com\/fr\/wp-json\/wp\/v2\/product_cat?post=134635"},{"taxonomy":"product_tag","embeddable":true,"href":"https:\/\/gpl-love.com\/fr\/wp-json\/wp\/v2\/product_tag?post=134635"}],"curies":[{"name":"wp","href":"https:\/\/api.w.org\/{rel}","templated":true}]}}