{"id":134633,"date":"2025-11-02T00:00:00","date_gmt":"2025-11-01T23:00:00","guid":{"rendered":"https:\/\/gpl-love.com\/fr\/produit\/themify-peak-wordpress-theme\/"},"modified":"2026-04-10T18:42:55","modified_gmt":"2026-04-10T16:42:55","slug":"themify-peak-wordpress-theme","status":"publish","type":"product","link":"https:\/\/gpl-love.com\/fr\/produit\/themify-peak-wordpress-theme\/","title":{"rendered":"Themify Peak Theme 7.6.1"},"content":{"rendered":"<h3>Themify Peak Theme Traits<\/h3>\n<p>Le th\u00e8me WordPress connu sous le nom de Th\u00e9siy Peak poss\u00e8de un design \u00e0 la fois moderne et propre, le rendant tr\u00e8s adapt\u00e9 aux personnes engag\u00e9es dans des blogs, de la photographie et des activit\u00e9s cr\u00e9atives. Il fournit une disposition personnalisable, permettant aux utilisateurs de cr\u00e9er un site Web qui s&rsquo;aligne parfaitement avec leurs pr\u00e9f\u00e9rences de marque et de style. En outre, le th\u00e8me propose une vaste gamme de fonctionnalit\u00e9s, telles qu&rsquo;un constructeur de pages glisser-d\u00e9poser, des mises en page multiples et un pied de page qui peut \u00eatre personnalis\u00e9. De plus, The Th\u00e9ify Peak a \u00e9t\u00e9 d\u00fbment optimis\u00e9 pour l&rsquo;optimisation des moteurs de recherche (SEO) et la vitesse, garantissant que son site Web peut \u00eatre facilement d\u00e9couvert et se charge rapidement. Pour r\u00e9sumer, ce th\u00e8me de The Thify est remarquablement polyvalent et convivial, capable d&rsquo;am\u00e9liorer sa pr\u00e9sence en ligne dans une large mesure.<\/p>\n<ul>\n<li>Un th\u00e8me WordPress r\u00e9actif et moderne con\u00e7u pour les blogueurs, les entreprises et les cr\u00e9atifs<\/li>\n<li>Livr\u00e9 avec 10 styles d&rsquo;en-t\u00eate diff\u00e9rents et 9 dispositions de publication diff\u00e9rentes pour les options de conception personnalisables<\/li>\n<li>Les fonctionnalit\u00e9s incluent le menu collant, les ic\u00f4nes de partage social, les dispositions de portefeuille et un constructeur de glisser-d\u00e9poser<\/li>\n<li>Typographie personnalisable et options de couleurs pour l&rsquo;image de marque personnalis\u00e9e<\/li>\n<li>Compatible avec des plugins populaires comme WooCommerce, Contact Form 7 et WPML pour des fonctionnalit\u00e9s suppl\u00e9mentaires<\/li>\n<li>R\u00e9guli\u00e8rement mis \u00e0 jour avec de nouvelles fonctionnalit\u00e9s et am\u00e9liorations<\/li>\n<li>Comprend du contenu de d\u00e9monstration pour aider les utilisateurs \u00e0 d\u00e9marrer rapidement et facilement<\/li>\n<li>Construit en pensant au r\u00e9f\u00e9rencement, contribuant \u00e0 am\u00e9liorer la visibilit\u00e9 et les classements du site Web<\/li>\n<li>Offre un excellent support et documentation pour les utilisateurs<\/li>\n<li>Options de prix abordables \u00e0 usage personnel et professionnel.<\/li>\n<\/ul>\n","protected":false},"excerpt":{"rendered":"<p>\u00c9levez l&rsquo;attrait esth\u00e9tique de votre site Web en utilisant le th\u00e8me de pic The Thify Awe inspirant! \u00c9l\u00e9ment\u00e9 pour son design \u00e9l\u00e9gant et contemporain, ce th\u00e8me a le pouvoir de distinguer votre site Web de la foule. Notamment, son attribut remarquable r\u00e9side dans sa personnalisation profonde, facilitant ainsi la cr\u00e9ation d&rsquo;une pr\u00e9sence en ligne qui est in\u00e9gal\u00e9e et r\u00e9sonne uniquement avec l&rsquo;identit\u00e9 de votre marque. De plus, il est pertinent de mentionner que ce th\u00e8me est m\u00e9ticuleusement con\u00e7u avec l&rsquo;optimisation du r\u00e9f\u00e9rencement dans son c\u0153ur, ouvrant ainsi la voie \u00e0 une visibilit\u00e9 am\u00e9lior\u00e9e et \u00e0 un rang plus \u00e9lev\u00e9 sur diverses plates-formes de moteurs de recherche. Pas de temps et ne saisissez pas cette occasion pour se procurer le th\u00e8me de la pointe de The Th\u00e9siy et d\u00e9verrouiller le potentiel inexploit\u00e9 de votre site Web!<\/p>\n","protected":false},"featured_media":145541,"comment_status":"open","ping_status":"open","template":"","meta":[],"product_brand":[2674],"product_cat":[1220,1212,1213],"product_tag":[1375],"class_list":{"0":"post-134633","1":"product","2":"type-product","3":"status-publish","4":"has-post-thumbnail","6":"product_brand-themify","7":"product_cat-blog-magazine","8":"product_cat-themes","9":"product_cat-wordpress-themes","10":"product_tag-themify","11":"member-discount","12":"discount-restricted","14":"first","15":"instock","16":"sale","17":"downloadable","18":"virtual","19":"sold-individually","20":"purchasable","21":"product-type-simple"},"_links":{"self":[{"href":"https:\/\/gpl-love.com\/fr\/wp-json\/wp\/v2\/product\/134633","targetHints":{"allow":["GET"]}}],"collection":[{"href":"https:\/\/gpl-love.com\/fr\/wp-json\/wp\/v2\/product"}],"about":[{"href":"https:\/\/gpl-love.com\/fr\/wp-json\/wp\/v2\/types\/product"}],"replies":[{"embeddable":true,"href":"https:\/\/gpl-love.com\/fr\/wp-json\/wp\/v2\/comments?post=134633"}],"wp:featuredmedia":[{"embeddable":true,"href":"https:\/\/gpl-love.com\/fr\/wp-json\/wp\/v2\/media\/145541"}],"wp:attachment":[{"href":"https:\/\/gpl-love.com\/fr\/wp-json\/wp\/v2\/media?parent=134633"}],"wp:term":[{"taxonomy":"product_brand","embeddable":true,"href":"https:\/\/gpl-love.com\/fr\/wp-json\/wp\/v2\/product_brand?post=134633"},{"taxonomy":"product_cat","embeddable":true,"href":"https:\/\/gpl-love.com\/fr\/wp-json\/wp\/v2\/product_cat?post=134633"},{"taxonomy":"product_tag","embeddable":true,"href":"https:\/\/gpl-love.com\/fr\/wp-json\/wp\/v2\/product_tag?post=134633"}],"curies":[{"name":"wp","href":"https:\/\/api.w.org\/{rel}","templated":true}]}}