{"id":134631,"date":"2026-03-18T00:00:00","date_gmt":"2026-03-17T23:00:00","guid":{"rendered":"https:\/\/gpl-love.com\/fr\/produit\/themify-parallax-wordpress-theme\/"},"modified":"2026-04-10T18:42:54","modified_gmt":"2026-04-10T16:42:54","slug":"themify-parallax-wordpress-theme","status":"publish","type":"product","link":"https:\/\/gpl-love.com\/fr\/produit\/themify-parallax-wordpress-theme\/","title":{"rendered":"Themify Parallax Theme 8.0.1"},"content":{"rendered":"<h3>Themify Parallax Theme Traits<\/h3>\n<p>Le th\u00e8me de la parallaxe de The Th\u00e9ify est un th\u00e8me WordPress extr\u00eamement captivant et extr\u00eamement r\u00e9actif qui convient extr\u00eamement \u00e0 la cr\u00e9ation de sites Web contemporains et captivants. En vertu de son effet de d\u00e9filement de parallaxe poli, il accorde \u00e0 vos visiteurs une exp\u00e9rience de navigation sans pr\u00e9c\u00e9dent et dynamique. Il profite \u00e0 une vaste gamme d&rsquo;options de personnalisation qui vous permettent de personnaliser sans effort votre site Web conform\u00e9ment \u00e0 l&rsquo;esth\u00e9tique de votre marque. De plus, le th\u00e8me est extr\u00eamement convivial, ce qui le rend un choix exemplaire pour les d\u00e9veloppeurs Web chevronn\u00e9s et les novices. En employant le th\u00e8me de la parallaxe de The Thify, vous avez la possibilit\u00e9 de fa\u00e7onner un site Web chic et comp\u00e9tent qui est garanti de laisser une impression durable sur votre public.<\/p>\n<ul>\n<li>Design moderne et visuellement magnifique<\/li>\n<li>Caract\u00e9ristique de d\u00e9filement de parallaxe personnalisable pour une profondeur et une dimension suppl\u00e9mentaires<\/li>\n<li>Compatibilit\u00e9 avec la plate-forme WordPress<\/li>\n<li>Conception r\u00e9active mobile pour une visualisation optimale sur tous les appareils<\/li>\n<li>Builder de tra\u00een\u00e9e et de d\u00e9p\u00f4t facile \u00e0 utiliser pour une personnalisation sans effort<\/li>\n<li>Plusieurs options de disposition pour la flexibilit\u00e9 ultime dans la conception<\/li>\n<li>Animations et transitions int\u00e9gr\u00e9es pour un int\u00e9r\u00eat visuel suppl\u00e9mentaire<\/li>\n<li>Caract\u00e9ristiques int\u00e9gr\u00e9es de partage des m\u00e9dias sociaux et de commentaires<\/li>\n<li>SEO optimis\u00e9 pour am\u00e9liorer le classement des moteurs de recherche<\/li>\n<li>Mises \u00e0 jour r\u00e9guli\u00e8res et support client pour les performances optimales et l&rsquo;exp\u00e9rience utilisateur.<\/li>\n<\/ul>\n","protected":false},"excerpt":{"rendered":"<p>Le th\u00e8me de la parallaxe de The Th\u00e9ify est un th\u00e8me WordPress absolument \u00e9tonnant et vraiment innovant qui a \u00e9t\u00e9 m\u00e9ticuleusement con\u00e7u pour cr\u00e9er sans effort les pages de parallaxe les plus \u00e9poustouflantes. Ce th\u00e8me extraordinaire poss\u00e8de une interface de glisser-d\u00e9poser incroyablement conviviale et intuitive, ainsi qu&rsquo;une pl\u00e9thore d&rsquo;options de personnalisation avanc\u00e9es qui vous accordent la possibilit\u00e9 de modeler sans effort des conceptions exceptionnelles qui captiveront vraiment vos visiteurs estim\u00e9s et les inciteront \u00e0 retour Et le temps encore. De plus, ce th\u00e8me exceptionnel est livr\u00e9 avec une vaste gamme de mod\u00e8les et de dispositions pr\u00e9-con\u00e7us, qui sont enti\u00e8rement personnalisables \u00e0 vos pr\u00e9f\u00e9rences et sp\u00e9cifications pr\u00e9cises. L&rsquo;inclusion de l&rsquo;impressionnante fonctionnalit\u00e9 de d\u00e9filement de parallaxe sert \u00e0 impr\u00e9gner votre site Web avec un effet dynamique et visuellement captivant, le rendant ainsi plus attrayant pour les utilisateurs qui visitent votre site. De plus, il est important de noter que le th\u00e8me de la parallaxe de The Thify est pleinement r\u00e9actif, garantissant que la navigation transparente est v\u00e9cue \u00e0 toutes sortes d&rsquo;appareils. Que vous cherchiez \u00e0 cr\u00e9er un blog remarquable, un portefeuille impressionnant ou un site Web d&rsquo;une entreprise exceptionnellement fonctionnelle, ce th\u00e8me est incontestablement \u00e9quip\u00e9 d&rsquo;une gamme globale de fonctionnalit\u00e9s polyvalentes et de fonctionnalit\u00e9s impressionnantes qui sont garanties pour rencontrer et d\u00e9passer votre chaque attente et exigence.<\/p>\n","protected":false},"featured_media":145540,"comment_status":"open","ping_status":"open","template":"","meta":[],"product_brand":[2674],"product_cat":[1220,1212,1213],"product_tag":[1375],"class_list":{"0":"post-134631","1":"product","2":"type-product","3":"status-publish","4":"has-post-thumbnail","6":"product_brand-themify","7":"product_cat-blog-magazine","8":"product_cat-themes","9":"product_cat-wordpress-themes","10":"product_tag-themify","11":"member-discount","12":"discount-restricted","14":"first","15":"instock","16":"sale","17":"downloadable","18":"virtual","19":"sold-individually","20":"purchasable","21":"product-type-simple"},"_links":{"self":[{"href":"https:\/\/gpl-love.com\/fr\/wp-json\/wp\/v2\/product\/134631","targetHints":{"allow":["GET"]}}],"collection":[{"href":"https:\/\/gpl-love.com\/fr\/wp-json\/wp\/v2\/product"}],"about":[{"href":"https:\/\/gpl-love.com\/fr\/wp-json\/wp\/v2\/types\/product"}],"replies":[{"embeddable":true,"href":"https:\/\/gpl-love.com\/fr\/wp-json\/wp\/v2\/comments?post=134631"}],"wp:featuredmedia":[{"embeddable":true,"href":"https:\/\/gpl-love.com\/fr\/wp-json\/wp\/v2\/media\/145540"}],"wp:attachment":[{"href":"https:\/\/gpl-love.com\/fr\/wp-json\/wp\/v2\/media?parent=134631"}],"wp:term":[{"taxonomy":"product_brand","embeddable":true,"href":"https:\/\/gpl-love.com\/fr\/wp-json\/wp\/v2\/product_brand?post=134631"},{"taxonomy":"product_cat","embeddable":true,"href":"https:\/\/gpl-love.com\/fr\/wp-json\/wp\/v2\/product_cat?post=134631"},{"taxonomy":"product_tag","embeddable":true,"href":"https:\/\/gpl-love.com\/fr\/wp-json\/wp\/v2\/product_tag?post=134631"}],"curies":[{"name":"wp","href":"https:\/\/api.w.org\/{rel}","templated":true}]}}