{"id":134629,"date":"2024-12-07T00:00:00","date_gmt":"2024-12-06T23:00:00","guid":{"rendered":"https:\/\/gpl-love.com\/fr\/produit\/themify-notes-wordpress-theme\/"},"modified":"2026-04-10T18:42:53","modified_gmt":"2026-04-10T16:42:53","slug":"themify-notes-wordpress-theme","status":"publish","type":"product","link":"https:\/\/gpl-love.com\/fr\/produit\/themify-notes-wordpress-theme\/","title":{"rendered":"Themify Notes Theme 7.5.5"},"content":{"rendered":"<h3>Themify Notes Theme Traits<\/h3>\n<p>Le th\u00e8me des notes The Th\u00e9ify est un exemple d&rsquo;un th\u00e8me WordPress qui est \u00e0 la fois \u00e9l\u00e9gant et polyvalent, r\u00e9pondant sp\u00e9cifiquement aux besoins des blogueurs, des \u00e9crivains et des cr\u00e9ateurs de contenu. Sa conception propre et minimaliste sert de toile de fond captivante, permettant aux utilisateurs d&rsquo;exposer leur contenu d&rsquo;une mani\u00e8re visuellement agr\u00e9able et captivante. Moreover, this theme offers a wide range of customizable options, encompassing a plethora of pre-designed layouts, custom widgets, and seamless integration with esteemed plugins such as WooCommerce and Contact Form 7. Regardless of whether one aims to establish a personal blog or a Portfolio professionnel, le th\u00e8me des notes de The Th\u00e9ify fournit sans faillite tous les \u00e9l\u00e9ments n\u00e9cessaires pour assurer la cr\u00e9ation d&rsquo;un site Web vraiment exceptionnel.<\/p>\n<ul>\n<li>Conception r\u00e9active pour une visualisation optimale sur tous les appareils<\/li>\n<li>Vari\u00e9t\u00e9 de formats de publication, y compris les options audio, vid\u00e9o et galerie<\/li>\n<li>Mod\u00e8les de publication personnalis\u00e9s pour diff\u00e9rents types de contenu<\/li>\n<li>Int\u00e9gration des m\u00e9dias sociaux pour un partage facile sur toutes les plateformes<\/li>\n<li>Optimisation int\u00e9gr\u00e9e du moteur de recherche pour am\u00e9liorer les classements de recherche<\/li>\n<li>Options de personnalisation du th\u00e8me, y compris les sch\u00e9mas de couleurs et les choix de mise en page<\/li>\n<li>Plusieurs widgets pour la personnalisation de votre barre lat\u00e9rale et de votre pied de page<\/li>\n<li>Option pour les menus personnalis\u00e9s pour une navigation facile<\/li>\n<li>Traduction pr\u00eate pour les utilisateurs internationaux<\/li>\n<li>Mises \u00e0 jour r\u00e9guli\u00e8res et soutien \u00e0 la dur\u00e9e de vie du th\u00e8me<\/li>\n<\/ul>\n","protected":false},"excerpt":{"rendered":"<p>Pr\u00e9parez-vous \u00e0 l&rsquo;opportunit\u00e9 d&rsquo;am\u00e9liorer la qualit\u00e9 de votre site Web avec le th\u00e8me remarquable des notes THEFIFY. Ce th\u00e8me WordPress sophistiqu\u00e9 et raffin\u00e9 offre un \u00e9ventail d&rsquo;options personnalisables qui vous permettent de g\u00e9rer un site Web qui repr\u00e9sente authentiquement et avec pr\u00e9cision votre marque estim\u00e9e. En utilisant son constructeur de glisser-d\u00e9poser par l&rsquo;utilisateur, vous poss\u00e9dez la possibilit\u00e9 de fabriquer des pages et des publications visuellement frappants qui captivent votre public cible, les obligeant \u00e0 s&rsquo;immerger dans votre plate-forme en ligne. De plus, la conception r\u00e9active garantit que votre site Web d\u00e9gage l&rsquo;excellence quel que soit l&rsquo;appareil sur lequel il est accessible, facilitant ainsi l&rsquo;exploration sans effort et pratique de votre pr\u00e9cieux contenu \u00e0 partir de n&rsquo;importe quel endroit. Que vous soyez un blogueur passionn\u00e9, un entrepreneur ambitieux ou un professionnel de la cr\u00e9ation visionnaire, le th\u00e8me des notes The Th\u00e9ify est une s\u00e9lection sans faille pour toute personne cherchant \u00e0 \u00e9lever leur pr\u00e9sence num\u00e9rique \u00e0 des sommets sans pr\u00e9c\u00e9dent.<\/p>\n","protected":false},"featured_media":145539,"comment_status":"open","ping_status":"open","template":"","meta":[],"product_brand":[2674],"product_cat":[1220,1212,1213],"product_tag":[1375],"class_list":{"0":"post-134629","1":"product","2":"type-product","3":"status-publish","4":"has-post-thumbnail","6":"product_brand-themify","7":"product_cat-blog-magazine","8":"product_cat-themes","9":"product_cat-wordpress-themes","10":"product_tag-themify","11":"member-discount","12":"discount-restricted","14":"first","15":"instock","16":"sale","17":"downloadable","18":"virtual","19":"sold-individually","20":"purchasable","21":"product-type-simple"},"_links":{"self":[{"href":"https:\/\/gpl-love.com\/fr\/wp-json\/wp\/v2\/product\/134629","targetHints":{"allow":["GET"]}}],"collection":[{"href":"https:\/\/gpl-love.com\/fr\/wp-json\/wp\/v2\/product"}],"about":[{"href":"https:\/\/gpl-love.com\/fr\/wp-json\/wp\/v2\/types\/product"}],"replies":[{"embeddable":true,"href":"https:\/\/gpl-love.com\/fr\/wp-json\/wp\/v2\/comments?post=134629"}],"wp:featuredmedia":[{"embeddable":true,"href":"https:\/\/gpl-love.com\/fr\/wp-json\/wp\/v2\/media\/145539"}],"wp:attachment":[{"href":"https:\/\/gpl-love.com\/fr\/wp-json\/wp\/v2\/media?parent=134629"}],"wp:term":[{"taxonomy":"product_brand","embeddable":true,"href":"https:\/\/gpl-love.com\/fr\/wp-json\/wp\/v2\/product_brand?post=134629"},{"taxonomy":"product_cat","embeddable":true,"href":"https:\/\/gpl-love.com\/fr\/wp-json\/wp\/v2\/product_cat?post=134629"},{"taxonomy":"product_tag","embeddable":true,"href":"https:\/\/gpl-love.com\/fr\/wp-json\/wp\/v2\/product_tag?post=134629"}],"curies":[{"name":"wp","href":"https:\/\/api.w.org\/{rel}","templated":true}]}}