{"id":134627,"date":"2026-03-18T00:00:00","date_gmt":"2026-03-17T23:00:00","guid":{"rendered":"https:\/\/gpl-love.com\/fr\/produit\/themify-music-wordpress-theme\/"},"modified":"2026-04-10T18:42:52","modified_gmt":"2026-04-10T16:42:52","slug":"themify-music-wordpress-theme","status":"publish","type":"product","link":"https:\/\/gpl-love.com\/fr\/produit\/themify-music-wordpress-theme\/","title":{"rendered":"Themify Music Theme 7.9.9"},"content":{"rendered":"<h3>Themify Music Theme Traits<\/h3>\n<p>Le th\u00e8me de la musique de The Thify est un th\u00e8me WordPress absolument exceptionnel et exceptionnel qui a \u00e9t\u00e9 con\u00e7u de mani\u00e8re experte avec un accent sp\u00e9cifique sur la r\u00e9pondant aux besoins des musiciens, des groupes, des DJ et de toutes les personnes de la vaste industrie musicale. Ce th\u00e8me remarquable poss\u00e8de une pl\u00e9thore de fonctionnalit\u00e9s tr\u00e8s impressionnantes qui facilitent sans effort la cr\u00e9ation d&rsquo;un site Web incroyablement captivant et s\u00e9duisant, pr\u00e9sentant parfaitement vos talents musicaux extraordinaires et votre identit\u00e9 de marque unique. Incontestablement, l&rsquo;un des aspects les plus notables de ce th\u00e8me est son constructeur de pages remarquablement puissant et son interface de glisser-d\u00e9poser et de glisser, qui contribue collectivement \u00e0 la conception de pages une brise absolue, d\u00e9pourvue de toutes les complications inutiles ou Des obstacles qui prennent du temps. En outre, il est important de souligner le fait que le th\u00e8me est enti\u00e8rement personnalisable, vous accordant la libert\u00e9 et la flexibilit\u00e9 pour modifier et adapter sans effort ses diff\u00e9rents \u00e9l\u00e9ments tels que son sch\u00e9ma de couleurs, la typographie et la mise en page, en veillant \u00e0 ce qu&rsquo;il s&rsquo;aligne parfaitement avec vos besoins sp\u00e9cifiques et les pr\u00e9f\u00e9rences. De plus, il est absolument imp\u00e9ratif de souligner le fait que ce th\u00e8me extraordinaire a \u00e9t\u00e9 m\u00e9ticuleusement optimis\u00e9 pour les appareils mobiles et les moteurs de recherche, garantissant que votre site Web exceptionnel rayonne avec un brillant in\u00e9gal\u00e9 et fonctionne extraordinairement, d\u00e9gageant un niveau d&rsquo;excellence in\u00e9gal\u00e9 sur tous les appareils et tous les appareils et tous les appareils et les appareils plates-formes de moteurs de recherche. Peu importe que vous soyez un artiste solo talentueux ou un groupe remarquable, il est ind\u00e9niable que le th\u00e8me de la musique thenify sert la quintessence de la perfection, ce qui en fait le choix id\u00e9al et sans \u00e9quivoque pour quiconque aspire \u00e0 \u00e9tablir un tr\u00e8s professionnel, \u00e9l\u00e9gant et esth\u00e9tiquement Pr\u00e9sence en ligne agr\u00e9able qui pr\u00e9sente fi\u00e8rement leurs prouesses musicales remarquables et leur vision cr\u00e9ative unique.<\/p>\n<ul>\n<li>Conception r\u00e9active pour une visualisation optimale sur tous les appareils<\/li>\n<li>Disposages en en-t\u00eate et pied de page personnalisables<\/li>\n<li>Int\u00e9gration de lecteur audio avec SoundCloud, MixCloud et Podcasts<\/li>\n<li>Capacit\u00e9 \u00e0 pr\u00e9senter et \u00e0 vendre de la musique et des marchandises<\/li>\n<li>Design \u00e9l\u00e9gant et moderne avec plusieurs options de couleurs<\/li>\n<li>Widgets personnalis\u00e9s pour afficher les dates de la tourn\u00e9e, les m\u00e9dias sociaux et la discographie<\/li>\n<li>Prise en charge de YouTube et Vimeo Video Incorpore<\/li>\n<li>Builder de page de glisser-d\u00e9poser facile \u00e0 utiliser<\/li>\n<li>Int\u00e9gration WooCommerce pour les ventes en ligne faciles<\/li>\n<li>SEO optimis\u00e9 pour am\u00e9liorer le classement des moteurs de recherche<\/li>\n<li>Traduction pr\u00eate pour la port\u00e9e mondiale<\/li>\n<li>Documentation approfondie et soutien de l&rsquo;\u00e9quipe de The Th\u00e9ify.<\/li>\n<\/ul>\n","protected":false},"excerpt":{"rendered":"<p>Le th\u00e8me de la musique The Th\u00e9ify, un th\u00e8me WordPress m\u00e9ticuleusement con\u00e7u et visuellement attrayant, a \u00e9t\u00e9 sp\u00e9cifiquement adapt\u00e9 pour r\u00e9pondre aux besoins des musiciens, des groupes de musique et des maisons de disques. Sa conception impeccablement r\u00e9active et ses options de personnalisation hautement adaptables vous permettent de montrer et d&rsquo;\u00e9luciter sans effort votre musique et votre marque d&rsquo;une mani\u00e8re ind\u00e9niablement professionnelle. Ce th\u00e8me remarquable poss\u00e8de un constructeur de pages glisser-d\u00e9poser intuitif et convivial, ainsi que des types de publiques personnalis\u00e9s pour la discographie, les \u00e9v\u00e9nements et les galeries de photos, offrant ainsi un niveau de polyvalence in\u00e9gal\u00e9. De plus, il est \u00e9quip\u00e9 d&rsquo;un formidable panneau d&rsquo;options de th\u00e8me, am\u00e9liorant davantage votre capacit\u00e9 \u00e0 personnaliser et adapter sans effort votre pr\u00e9sence en ligne. Que vous aspirez \u00e0 vendre votre marchandise, \u00e0 promouvoir vos \u00e9v\u00e9nements en direct \u00e9lectrisant ou simplement \u00e0 pr\u00e9senter votre dernier opus, le th\u00e8me de la musique THEFIFY englobe une gamme exhaustive d&rsquo;outils et de fonctionnalit\u00e9s qui vous permettra sans aucun doute d&rsquo;\u00e9tablir une empreinte en ligne ind\u00e9l\u00e9bile et fascinante, ce qui a un impact profond\u00e9 carri\u00e8re musicale.<\/p>\n","protected":false},"featured_media":145538,"comment_status":"open","ping_status":"open","template":"","meta":[],"product_brand":[2674],"product_cat":[1242,1212,1213],"product_tag":[1375],"class_list":{"0":"post-134627","1":"product","2":"type-product","3":"status-publish","4":"has-post-thumbnail","6":"product_brand-themify","7":"product_cat-creatif","8":"product_cat-themes","9":"product_cat-wordpress-themes","10":"product_tag-themify","11":"member-discount","12":"discount-restricted","14":"first","15":"instock","16":"sale","17":"downloadable","18":"virtual","19":"sold-individually","20":"purchasable","21":"product-type-simple"},"_links":{"self":[{"href":"https:\/\/gpl-love.com\/fr\/wp-json\/wp\/v2\/product\/134627","targetHints":{"allow":["GET"]}}],"collection":[{"href":"https:\/\/gpl-love.com\/fr\/wp-json\/wp\/v2\/product"}],"about":[{"href":"https:\/\/gpl-love.com\/fr\/wp-json\/wp\/v2\/types\/product"}],"replies":[{"embeddable":true,"href":"https:\/\/gpl-love.com\/fr\/wp-json\/wp\/v2\/comments?post=134627"}],"wp:featuredmedia":[{"embeddable":true,"href":"https:\/\/gpl-love.com\/fr\/wp-json\/wp\/v2\/media\/145538"}],"wp:attachment":[{"href":"https:\/\/gpl-love.com\/fr\/wp-json\/wp\/v2\/media?parent=134627"}],"wp:term":[{"taxonomy":"product_brand","embeddable":true,"href":"https:\/\/gpl-love.com\/fr\/wp-json\/wp\/v2\/product_brand?post=134627"},{"taxonomy":"product_cat","embeddable":true,"href":"https:\/\/gpl-love.com\/fr\/wp-json\/wp\/v2\/product_cat?post=134627"},{"taxonomy":"product_tag","embeddable":true,"href":"https:\/\/gpl-love.com\/fr\/wp-json\/wp\/v2\/product_tag?post=134627"}],"curies":[{"name":"wp","href":"https:\/\/api.w.org\/{rel}","templated":true}]}}