{"id":134625,"date":"2024-12-07T00:00:00","date_gmt":"2024-12-06T23:00:00","guid":{"rendered":"https:\/\/gpl-love.com\/fr\/produit\/themify-minshop-woocommerce-theme\/"},"modified":"2026-04-10T18:42:51","modified_gmt":"2026-04-10T16:42:51","slug":"themify-minshop-woocommerce-theme","status":"publish","type":"product","link":"https:\/\/gpl-love.com\/fr\/produit\/themify-minshop-woocommerce-theme\/","title":{"rendered":"Themify Minshop Theme 7.5.7"},"content":{"rendered":"<h3>Themify Minshop Theme Traits<\/h3>\n<p>The Th\u00e9ify Minshop est un th\u00e8me de commerce \u00e9lectronique exceptionnellement \u00e9l\u00e9gant et de pointe qui a \u00e9t\u00e9 m\u00e9ticuleusement con\u00e7u pour r\u00e9pondre aux besoins des magasins en ligne. Avec sa conception parfaitement \u00e9l\u00e9gante et remarquablement minimaliste, il facilite sans effort la navigation facile et offre aux utilisateurs une exp\u00e9rience de magasinage incroyablement conviviale. La flexibilit\u00e9 in\u00e9gal\u00e9e du th\u00e8me vous permet de la personnaliser au contenu de votre c\u0153ur, vous accordant la libert\u00e9 de s\u00e9lectionner parmi un large \u00e9ventail de sch\u00e9mas de couleurs captivants et d&rsquo;options de mise en page, vous permettant ainsi de forger un site Web vraiment distinctif et exceptionnellement poli. De plus, ce th\u00e8me extraordinaire poss\u00e8de une vaste pl\u00e9thore de fonctionnalit\u00e9s, y compris une conception tr\u00e8s r\u00e9active qui s&rsquo;adapte sans effort \u00e0 n&rsquo;importe quelle taille d&rsquo;\u00e9cran ou appareil, une multitude impressionnante d&rsquo;options de mise en page qui peuvent \u00eatre adapt\u00e9es sans effort pour r\u00e9pondre \u00e0 vos pr\u00e9f\u00e9rences, un curseur int\u00e9gr\u00e9 qui ajoute sans effort ajoute sans effort pour r\u00e9pondre \u00e0 vos pr\u00e9f\u00e9rences, un curseur int\u00e9gr\u00e9 qui ajoute sans effort ajoute sans effort pour r\u00e9pondre \u00e0 vos pr\u00e9f\u00e9rences, un curseur int\u00e9gr\u00e9 qui ajoute sans effort ajoute sans effort pour r\u00e9pondre \u00e0 vos pr\u00e9f\u00e9rences, un curseur int\u00e9gr\u00e9 qui ajoute sans effort ajoute sans effort pour r\u00e9pondre \u00e0 vos pr\u00e9f\u00e9rences, un curseur int\u00e9gr\u00e9 qui ajoute sans effort ajoute sans effort pour r\u00e9pondre \u00e0 vos pr\u00e9f\u00e9rences, un curseur int\u00e9gr\u00e9 qui ajoute sans effort ajoute sans effort pour r\u00e9pondre \u00e0 vos pr\u00e9f\u00e9rences, un curseur int\u00e9gr\u00e9 qui ajoute sans effort ajoute sans effort, Une touche de dynamisme pour votre site Web et une int\u00e9gration transparente avec les plugins de commerce \u00e9lectronique les plus populaires, tels que WooCommerce, en veillant \u00e0 ce que votre boutique en ligne soit \u00e9quip\u00e9e de la fonctionnalit\u00e9 et de l&rsquo;efficacit\u00e9 la plus haute. En r\u00e9sum\u00e9, il va sans dire que The Thify Minshop est un choix absolument exceptionnel pour les personnes qui cherchent \u00e0 \u00e9tablir une boutique en ligne tr\u00e8s professionnelle et \u00e9tonnamment \u00e9l\u00e9gante.<\/p>\n<ul>\n<li>Th\u00e8me WordPress \u00e9l\u00e9gant et moderne<\/li>\n<li>Chariot Ajax int\u00e9gr\u00e9 et filtres de produit pour une navigation facile<\/li>\n<li>Enti\u00e8rement personnalisable avec l&rsquo;\u00e9dition de glisser-d\u00e9poser et les dispositions pr\u00e9-con\u00e7ues<\/li>\n<li>Conception r\u00e9active pour une visualisation optimale sur tous les appareils<\/li>\n<li>Comprend le partage int\u00e9gr\u00e9 des m\u00e9dias sociaux et les fonctionnalit\u00e9s du zoom de produit<\/li>\n<li>Capacit\u00e9 \u00e0 afficher des produits et des avis connexes pour une exp\u00e9rience d&rsquo;achat am\u00e9lior\u00e9e<\/li>\n<li>Compatible avec les plugins de commerce \u00e9lectronique populaires comme WooCommerce et les t\u00e9l\u00e9chargements num\u00e9riques faciles<\/li>\n<li>SEO optimis\u00e9 pour une visibilit\u00e9 maximale dans les moteurs de recherche<\/li>\n<li>Documentation compl\u00e8te et soutien fourni par l&rsquo;\u00e9quipe The Th\u00e9ify.<\/li>\n<\/ul>\n","protected":false},"excerpt":{"rendered":"<p>Le th\u00e8me de Minshop Th\u00e9ify, qui a \u00e9t\u00e9 m\u00e9ticuleusement con\u00e7u dans le but de s&rsquo;adresser aux vitrines en ligne, est un th\u00e8me WordPress exemplaire qui d\u00e9gage la propret\u00e9 et la modernit\u00e9. Il accentue sans effort vos produits gr\u00e2ce \u00e0 sa conception minimaliste et facilite la navigation transparente, ce qui en fait un choix incroyablement appropri\u00e9 pour les entreprises de toutes dimensions. Ce th\u00e8me poss\u00e8de une vaste gamme d&rsquo;attributs englobant des dispositions de page d&rsquo;accueil personnalisables, des fonctionnalit\u00e9s de vue rapide de produit et un constructeur de glisser-d\u00e9poser par des utilisateurs qui permet une personnalisation sans effort. Que vous aspiriez \u00e0 inaugurer une nouvelle boutique en ligne ou \u00e0 donner un nouveau souffle \u00e0 une nouvelle vie \u00e0 une nouvelle vie, le th\u00e8me de Minshop Theyshop \u00e9merge sans \u00e9quivoque comme une s\u00e9lection absolument impeccable.<\/p>\n","protected":false},"featured_media":145537,"comment_status":"open","ping_status":"open","template":"","meta":[],"product_brand":[2674],"product_cat":[1238,1851,1212],"product_tag":[1375],"class_list":{"0":"post-134625","1":"product","2":"type-product","3":"status-publish","4":"has-post-thumbnail","6":"product_brand-themify","7":"product_cat-commerce-electronique-themes","8":"product_cat-entreprise-commerce-electronique-themes","9":"product_cat-themes","10":"product_tag-themify","11":"member-discount","12":"discount-restricted","14":"first","15":"instock","16":"sale","17":"downloadable","18":"virtual","19":"sold-individually","20":"purchasable","21":"product-type-simple"},"_links":{"self":[{"href":"https:\/\/gpl-love.com\/fr\/wp-json\/wp\/v2\/product\/134625","targetHints":{"allow":["GET"]}}],"collection":[{"href":"https:\/\/gpl-love.com\/fr\/wp-json\/wp\/v2\/product"}],"about":[{"href":"https:\/\/gpl-love.com\/fr\/wp-json\/wp\/v2\/types\/product"}],"replies":[{"embeddable":true,"href":"https:\/\/gpl-love.com\/fr\/wp-json\/wp\/v2\/comments?post=134625"}],"wp:featuredmedia":[{"embeddable":true,"href":"https:\/\/gpl-love.com\/fr\/wp-json\/wp\/v2\/media\/145537"}],"wp:attachment":[{"href":"https:\/\/gpl-love.com\/fr\/wp-json\/wp\/v2\/media?parent=134625"}],"wp:term":[{"taxonomy":"product_brand","embeddable":true,"href":"https:\/\/gpl-love.com\/fr\/wp-json\/wp\/v2\/product_brand?post=134625"},{"taxonomy":"product_cat","embeddable":true,"href":"https:\/\/gpl-love.com\/fr\/wp-json\/wp\/v2\/product_cat?post=134625"},{"taxonomy":"product_tag","embeddable":true,"href":"https:\/\/gpl-love.com\/fr\/wp-json\/wp\/v2\/product_tag?post=134625"}],"curies":[{"name":"wp","href":"https:\/\/api.w.org\/{rel}","templated":true}]}}